{"id":89418,"date":"2025-09-01T16:38:46","date_gmt":"2025-09-01T16:38:46","guid":{"rendered":"https:\/\/brandss.com.py\/index\/?post_type=product&#038;p=89418"},"modified":"2025-09-01T16:39:41","modified_gmt":"2025-09-01T16:39:41","slug":"shampoo-capilar-cosmo-hair-colour-soft-black-180ml","status":"publish","type":"product","link":"https:\/\/brandss.com.py\/index\/producto\/shampoo-capilar-cosmo-hair-colour-soft-black-180ml\/","title":{"rendered":"SHAMPOO CAPILAR COSMO HAIR COLOUR SOFT BLACK 180ML"},"content":{"rendered":"<p><img loading=\"lazy\" decoding=\"async\" class=\"\" src=\"https:\/\/cosmocosmetics.ae\/cdn\/shop\/files\/logo-cosmo-regeister.png?v=1729761767&amp;width=340\" width=\"175\" height=\"37\" \/><\/p>\n<h1>HAIR COLOUR<\/h1>\n<p>El champ\u00fa para te\u00f1ir el cabello en Soft Black proporciona un acabado negro suave y natural con un toque de brillo, ideal para quienes buscan un look cl\u00e1sico. Su f\u00f3rmula aporta vitalidad y suavidad, ofreciendo una apariencia pulida y fresca. De r\u00e1pida aplicaci\u00f3n, realza el color a la vez que lo acondiciona, dejando el cabello suave y sano.<\/p>\n<h3>Beneficios<\/h3>\n<ul class=\"a-unordered-list a-vertical a-spacing-mini\">\n<li class=\"a-spacing-mini\"><span class=\"a-list-item\"><span dir=\"auto\">F\u00f3rmula 3 en 1: Limpia, colorea y acondiciona el cabello en un solo paso. <\/span><\/span><\/li>\n<li class=\"a-spacing-mini\"><span class=\"a-list-item\"><span dir=\"auto\">Cobertura de canas del 100 %: Cubre eficazmente las canas rebeldes en solo minutos.<\/span><\/span><\/li>\n<li class=\"a-spacing-mini\"><span class=\"a-list-item\"><span dir=\"auto\">Enriquecido con keratina y aceite de oliva: Fortalece y nutre profundamente el tallo capilar. <\/span><\/span><\/li>\n<li class=\"a-spacing-mini\"><span class=\"a-list-item\"><span dir=\"auto\">Enriquecido con vitamina E: Ayuda a proteger y revitalizar el cabello opaco y seco.<\/span><\/span><\/li>\n<li class=\"a-spacing-mini\"><span class=\"a-list-item\"><span dir=\"auto\">Sin amon\u00edaco, sin manchas: F\u00f3rmula suave y segura que no irrita ni ensucia. <\/span><\/span><\/li>\n<li class=\"a-spacing-mini\"><span class=\"a-list-item\"><span dir=\"auto\">Color duradero: Mantiene el cabello vibrante y con cuerpo durante semanas.<\/span><\/span><\/li>\n<li class=\"a-spacing-mini\"><span class=\"a-list-item\"><span dir=\"auto\">F\u00e1cil aplicaci\u00f3n: Aplicar como champ\u00fa, sin mezclar ni complicaciones. <\/span><\/span><\/li>\n<li class=\"a-spacing-mini\"><span class=\"a-list-item\"><span dir=\"auto\">Tipo de cabello: Apto para todo tipo de cabello.<\/span><\/span><\/li>\n<\/ul>\n","protected":false},"excerpt":{"rendered":"<p>HAIR COLOUR El champ\u00fa para te\u00f1ir el cabello en Soft Black proporciona un acabado negro suave y natural con un<\/p>\n","protected":false},"featured_media":89419,"comment_status":"open","ping_status":"closed","template":"","meta":{"nf_dc_page":""},"product_brand":[103],"product_cat":[104],"product_tag":[],"class_list":{"0":"post-89418","1":"product","2":"type-product","3":"status-publish","4":"has-post-thumbnail","6":"product_brand-cosmo","7":"product_cat-skin-care","9":"first","10":"instock","11":"shipping-taxable","12":"purchasable","13":"product-type-simple"},"_links":{"self":[{"href":"https:\/\/brandss.com.py\/index\/wp-json\/wp\/v2\/product\/89418","targetHints":{"allow":["GET"]}}],"collection":[{"href":"https:\/\/brandss.com.py\/index\/wp-json\/wp\/v2\/product"}],"about":[{"href":"https:\/\/brandss.com.py\/index\/wp-json\/wp\/v2\/types\/product"}],"replies":[{"embeddable":true,"href":"https:\/\/brandss.com.py\/index\/wp-json\/wp\/v2\/comments?post=89418"}],"version-history":[{"count":1,"href":"https:\/\/brandss.com.py\/index\/wp-json\/wp\/v2\/product\/89418\/revisions"}],"predecessor-version":[{"id":89422,"href":"https:\/\/brandss.com.py\/index\/wp-json\/wp\/v2\/product\/89418\/revisions\/89422"}],"wp:featuredmedia":[{"embeddable":true,"href":"https:\/\/brandss.com.py\/index\/wp-json\/wp\/v2\/media\/89419"}],"wp:attachment":[{"href":"https:\/\/brandss.com.py\/index\/wp-json\/wp\/v2\/media?parent=89418"}],"wp:term":[{"taxonomy":"product_brand","embeddable":true,"href":"https:\/\/brandss.com.py\/index\/wp-json\/wp\/v2\/product_brand?post=89418"},{"taxonomy":"product_cat","embeddable":true,"href":"https:\/\/brandss.com.py\/index\/wp-json\/wp\/v2\/product_cat?post=89418"},{"taxonomy":"product_tag","embeddable":true,"href":"https:\/\/brandss.com.py\/index\/wp-json\/wp\/v2\/product_tag?post=89418"}],"curies":[{"name":"wp","href":"https:\/\/api.w.org\/{rel}","templated":true}]}}