{"id":89430,"date":"2025-09-01T17:38:15","date_gmt":"2025-09-01T17:38:15","guid":{"rendered":"https:\/\/brandss.com.py\/index\/?post_type=product&#038;p=89430"},"modified":"2025-10-29T12:37:24","modified_gmt":"2025-10-29T12:37:24","slug":"spray-capilar-cosmo-shine-hold-004-250ml","status":"publish","type":"product","link":"https:\/\/brandss.com.py\/index\/producto\/spray-capilar-cosmo-shine-hold-004-250ml\/","title":{"rendered":"SPRAY CAPILAR COSMO SHINE &amp; HOLD 004 250ML"},"content":{"rendered":"<p><img loading=\"lazy\" decoding=\"async\" class=\"\" src=\"https:\/\/cosmocosmetics.ae\/cdn\/shop\/files\/logo-cosmo-regeister.png?v=1729761767&amp;width=340\" width=\"175\" height=\"37\" \/><\/p>\n<h1>SHINE &amp; HOLD 004<\/h1>\n<p>Realza tu peinado con COSMO Hair Spray Shine &amp; Hold, la combinaci\u00f3n perfecta de fijaci\u00f3n fuerte y brillo radiante. Este spray avanzado proporciona una fijaci\u00f3n duradera y un brillo natural y hermoso. Enriquecido con aloe vera y vitamina E, nutre tu cabello y lo mantiene con cuerpo y un aspecto saludable todo el d\u00eda. Su f\u00f3rmula de secado r\u00e1pido y no pegajosa no deja residuos, brind\u00e1ndote peinados flexibles y f\u00e1ciles de tocar que duran incluso con mucha humedad. Ideal para todo tipo de cabello, COSMO Shine &amp; Hold mantiene tu cabello con un aspecto impecable sin apelmazarlo.<\/p>\n<ul class=\"a-unordered-list a-vertical a-spacing-mini\">\n<li class=\"a-spacing-mini\"><span class=\"a-list-item\"><span dir=\"auto\">La laca COSMO Brillo y Fijaci\u00f3n combina los beneficios de una laca y un spray de brillo en uno, brind\u00e1ndote la soluci\u00f3n de peinado definitiva. Es perfecta para quienes desean un cabello brillante y con cuerpo, manteniendo una fijaci\u00f3n fuerte.<\/span><\/span><\/li>\n<li class=\"a-spacing-mini\"><span class=\"a-list-item\"><span dir=\"auto\">Nuestro spray para el cabello est\u00e1 especialmente formulado con ingredientes naturales como aloe vera y vitamina E, que le brindan a tu cabello la nutrici\u00f3n que necesita al mismo tiempo que le brindan una fijaci\u00f3n m\u00e1xima y un acabado brillante.<\/span><\/span><\/li>\n<li class=\"a-spacing-mini\"><span class=\"a-list-item\"><span dir=\"auto\">No contiene qu\u00edmicos da\u00f1inos y es seguro para usar en todo tipo de cabello.<\/span><\/span><\/li>\n<li class=\"a-spacing-mini\"><span class=\"a-list-item\"><span dir=\"auto\">La laca COSMO presenta una f\u00f3rmula de secado r\u00e1pido que no deja residuos, proporcionando una fijaci\u00f3n natural y flexible, sin rigidez. Es perfecta para crear volumen, textura y fijaci\u00f3n en peinados cortos y largos.<\/span><\/span><\/li>\n<li class=\"a-spacing-mini\"><span class=\"a-list-item\"><span dir=\"auto\">Le da a tu cabello un brillo radiante y hermoso, haci\u00e9ndolo lucir saludable y con cuerpo. Es perfecto para quienes desean darle un toque de brillo a su cabello sin usar productos adicionales.<\/span><\/span><\/li>\n<\/ul>\n<h3>Beneficios<\/h3>\n<ul>\n<li><span dir=\"auto\">Spray de doble funci\u00f3n: combina una fijaci\u00f3n fuerte con un brillo radiante.<\/span><\/li>\n<li><span dir=\"auto\">Enriquecido con Aloe Vera y Vitamina E para la nutrici\u00f3n y salud del cabello.<\/span><\/li>\n<li><span dir=\"auto\">F\u00f3rmula ligera de secado r\u00e1pido que no apelmaza el cabello.<\/span><\/li>\n<li><span dir=\"auto\">No pegajoso, f\u00e1cil de cepillar, no deja residuos.<\/span><\/li>\n<li><span dir=\"auto\">Proporciona un movimiento natural y flexible para estilos que duran todo el d\u00eda.<\/span><\/li>\n<li><span dir=\"auto\">Eficaz incluso en condiciones de humedad extrema, manteniendo el cabello suave al tacto y sin frizz.<\/span><\/li>\n<\/ul>\n<h3><span class=\"a-list-item\"><span dir=\"auto\">Modo de empleo: <\/span><\/span><\/h3>\n<p><span class=\"a-list-item\"><span dir=\"auto\">Roc\u00ede sobre el cabello seco en r\u00e1fagas cortas. <\/span><\/span><\/p>\n<p><span class=\"a-list-item\"><span dir=\"auto\">Si la v\u00e1lvula se obstruye, enjuague con agua tibia. <\/span><\/span><\/p>\n<p><span class=\"a-list-item\"><span dir=\"auto\">Para el acabado: Mantenga una distancia de 30 cm al rociar. <\/span><\/span><\/p>\n<p><span class=\"a-list-item\"><span dir=\"auto\">Para mayor definici\u00f3n y fijaci\u00f3n: roc\u00ede selectivamente sobre secciones individuales de cabello, desde la ra\u00edz hasta las puntas, y d\u00e9les forma.<\/span><\/span><\/p>\n","protected":false},"excerpt":{"rendered":"<p>SHINE &amp; HOLD 004 Realza tu peinado con COSMO Hair Spray Shine &amp; Hold, la combinaci\u00f3n perfecta de fijaci\u00f3n fuerte<\/p>\n","protected":false},"featured_media":89431,"comment_status":"open","ping_status":"closed","template":"","meta":{"nf_dc_page":""},"product_brand":[103],"product_cat":[85],"product_tag":[1151],"class_list":{"0":"post-89430","1":"product","2":"type-product","3":"status-publish","4":"has-post-thumbnail","6":"product_brand-cosmo","7":"product_cat-cosmeticos","8":"product_tag-1151","10":"first","11":"instock","12":"shipping-taxable","13":"purchasable","14":"product-type-simple"},"_links":{"self":[{"href":"https:\/\/brandss.com.py\/index\/wp-json\/wp\/v2\/product\/89430","targetHints":{"allow":["GET"]}}],"collection":[{"href":"https:\/\/brandss.com.py\/index\/wp-json\/wp\/v2\/product"}],"about":[{"href":"https:\/\/brandss.com.py\/index\/wp-json\/wp\/v2\/types\/product"}],"replies":[{"embeddable":true,"href":"https:\/\/brandss.com.py\/index\/wp-json\/wp\/v2\/comments?post=89430"}],"version-history":[{"count":1,"href":"https:\/\/brandss.com.py\/index\/wp-json\/wp\/v2\/product\/89430\/revisions"}],"predecessor-version":[{"id":89435,"href":"https:\/\/brandss.com.py\/index\/wp-json\/wp\/v2\/product\/89430\/revisions\/89435"}],"wp:featuredmedia":[{"embeddable":true,"href":"https:\/\/brandss.com.py\/index\/wp-json\/wp\/v2\/media\/89431"}],"wp:attachment":[{"href":"https:\/\/brandss.com.py\/index\/wp-json\/wp\/v2\/media?parent=89430"}],"wp:term":[{"taxonomy":"product_brand","embeddable":true,"href":"https:\/\/brandss.com.py\/index\/wp-json\/wp\/v2\/product_brand?post=89430"},{"taxonomy":"product_cat","embeddable":true,"href":"https:\/\/brandss.com.py\/index\/wp-json\/wp\/v2\/product_cat?post=89430"},{"taxonomy":"product_tag","embeddable":true,"href":"https:\/\/brandss.com.py\/index\/wp-json\/wp\/v2\/product_tag?post=89430"}],"curies":[{"name":"wp","href":"https:\/\/api.w.org\/{rel}","templated":true}]}}