{"id":89443,"date":"2025-09-01T18:18:03","date_gmt":"2025-09-01T18:18:03","guid":{"rendered":"https:\/\/brandss.com.py\/index\/?post_type=product&#038;p=89443"},"modified":"2025-10-29T12:37:14","modified_gmt":"2025-10-29T12:37:14","slug":"aceite-capilar-cosmo-amla-200ml","status":"publish","type":"product","link":"https:\/\/brandss.com.py\/index\/producto\/aceite-capilar-cosmo-amla-200ml\/","title":{"rendered":"ACEITE CAPILAR COSMO AMLA 200ML"},"content":{"rendered":"<p><img loading=\"lazy\" decoding=\"async\" class=\"\" src=\"https:\/\/cosmocosmetics.ae\/cdn\/shop\/files\/logo-cosmo-regeister.png?v=1729761767&amp;width=340\" width=\"114\" height=\"24\" \/><\/p>\n<h1>AMLA<\/h1>\n<p>El aceite capilar Cosmo Amla Rich es la mezcla perfecta de aceite de amla tropical. Su f\u00f3rmula \u00fanica fortalece cada hebra desde la ra\u00edz hasta las puntas, d\u00e1ndole a tu cabello el volumen y el grosor que siempre has deseado. Enriquecido con extracto de amla, este aceite fortalece el cabello desde la ra\u00edz. Nutre y refuerza la estructura capilar, previniendo la rotura y d\u00e1ndole un aspecto fuerte y resistente.<\/p>\n<h3>Beneficios<\/h3>\n<ul>\n<li><span dir=\"auto\">Fortalece el cabello desde la ra\u00edz.<\/span><\/li>\n<li><span dir=\"auto\">Ayuda a prevenir la rotura del cabello.<\/span><\/li>\n<li><span dir=\"auto\">Promueve la salud y vitalidad general del cabello.<\/span><\/li>\n<li><span dir=\"auto\">Agrega un acabado brillante y fuerte.<\/span><\/li>\n<\/ul>\n<p>&nbsp;<\/p>\n","protected":false},"excerpt":{"rendered":"<p>AMLA El aceite capilar Cosmo Amla Rich es la mezcla perfecta de aceite de amla tropical. Su f\u00f3rmula \u00fanica fortalece<\/p>\n","protected":false},"featured_media":89444,"comment_status":"open","ping_status":"closed","template":"","meta":{"nf_dc_page":""},"product_brand":[103],"product_cat":[85],"product_tag":[1147],"class_list":{"0":"post-89443","1":"product","2":"type-product","3":"status-publish","4":"has-post-thumbnail","6":"product_brand-cosmo","7":"product_cat-cosmeticos","8":"product_tag-1147","10":"first","11":"instock","12":"shipping-taxable","13":"purchasable","14":"product-type-simple"},"_links":{"self":[{"href":"https:\/\/brandss.com.py\/index\/wp-json\/wp\/v2\/product\/89443","targetHints":{"allow":["GET"]}}],"collection":[{"href":"https:\/\/brandss.com.py\/index\/wp-json\/wp\/v2\/product"}],"about":[{"href":"https:\/\/brandss.com.py\/index\/wp-json\/wp\/v2\/types\/product"}],"replies":[{"embeddable":true,"href":"https:\/\/brandss.com.py\/index\/wp-json\/wp\/v2\/comments?post=89443"}],"version-history":[{"count":1,"href":"https:\/\/brandss.com.py\/index\/wp-json\/wp\/v2\/product\/89443\/revisions"}],"predecessor-version":[{"id":89446,"href":"https:\/\/brandss.com.py\/index\/wp-json\/wp\/v2\/product\/89443\/revisions\/89446"}],"wp:featuredmedia":[{"embeddable":true,"href":"https:\/\/brandss.com.py\/index\/wp-json\/wp\/v2\/media\/89444"}],"wp:attachment":[{"href":"https:\/\/brandss.com.py\/index\/wp-json\/wp\/v2\/media?parent=89443"}],"wp:term":[{"taxonomy":"product_brand","embeddable":true,"href":"https:\/\/brandss.com.py\/index\/wp-json\/wp\/v2\/product_brand?post=89443"},{"taxonomy":"product_cat","embeddable":true,"href":"https:\/\/brandss.com.py\/index\/wp-json\/wp\/v2\/product_cat?post=89443"},{"taxonomy":"product_tag","embeddable":true,"href":"https:\/\/brandss.com.py\/index\/wp-json\/wp\/v2\/product_tag?post=89443"}],"curies":[{"name":"wp","href":"https:\/\/api.w.org\/{rel}","templated":true}]}}