{"id":89447,"date":"2025-09-01T18:43:27","date_gmt":"2025-09-01T18:43:27","guid":{"rendered":"https:\/\/brandss.com.py\/index\/?post_type=product&#038;p=89447"},"modified":"2025-09-01T18:44:09","modified_gmt":"2025-09-01T18:44:09","slug":"aceite-capilar-cosmo-coconut-200ml","status":"publish","type":"product","link":"https:\/\/brandss.com.py\/index\/producto\/aceite-capilar-cosmo-coconut-200ml\/","title":{"rendered":"ACEITE CAPILAR COSMO COCONUT 200ML"},"content":{"rendered":"<p><img loading=\"lazy\" decoding=\"async\" class=\"\" src=\"https:\/\/cosmocosmetics.ae\/cdn\/shop\/files\/logo-cosmo-regeister.png?v=1729761767&amp;width=340\" width=\"142\" height=\"30\" \/><\/p>\n<h1>COCONUT<\/h1>\n<p>Esta mezcla \u00fanica de extractos de hierbas y aceite de coco est\u00e1 especialmente formulada para reparar el cabello da\u00f1ado a la vez que proporciona una hidrataci\u00f3n profunda. Nutre el cabello desde la ra\u00edz hasta las puntas, dej\u00e1ndolo fuerte, sano y brillante. Sus propiedades hidratantes ayudan a reducir la rotura del cabello, haci\u00e9ndolo lucir m\u00e1s grueso y abundante.<\/p>\n<h3>Beneficios<\/h3>\n<ul>\n<li><span dir=\"auto\">Hidrata y repara el cabello da\u00f1ado.<\/span><\/li>\n<li><span dir=\"auto\">Fortalece el cabello desde la ra\u00edz hasta las puntas.<\/span><\/li>\n<li><span dir=\"auto\">Reduce la rotura del cabello para lograr un cabello m\u00e1s grueso y abundante.<\/span><\/li>\n<li><span dir=\"auto\">A\u00f1ade un brillo natural y saludable.<\/span><\/li>\n<\/ul>\n","protected":false},"excerpt":{"rendered":"<p>COCONUT Esta mezcla \u00fanica de extractos de hierbas y aceite de coco est\u00e1 especialmente formulada para reparar el cabello da\u00f1ado<\/p>\n","protected":false},"featured_media":89448,"comment_status":"open","ping_status":"closed","template":"","meta":{"nf_dc_page":""},"product_brand":[103],"product_cat":[85],"product_tag":[],"class_list":{"0":"post-89447","1":"product","2":"type-product","3":"status-publish","4":"has-post-thumbnail","6":"product_brand-cosmo","7":"product_cat-cosmeticos","9":"first","10":"instock","11":"shipping-taxable","12":"purchasable","13":"product-type-simple"},"_links":{"self":[{"href":"https:\/\/brandss.com.py\/index\/wp-json\/wp\/v2\/product\/89447","targetHints":{"allow":["GET"]}}],"collection":[{"href":"https:\/\/brandss.com.py\/index\/wp-json\/wp\/v2\/product"}],"about":[{"href":"https:\/\/brandss.com.py\/index\/wp-json\/wp\/v2\/types\/product"}],"replies":[{"embeddable":true,"href":"https:\/\/brandss.com.py\/index\/wp-json\/wp\/v2\/comments?post=89447"}],"version-history":[{"count":1,"href":"https:\/\/brandss.com.py\/index\/wp-json\/wp\/v2\/product\/89447\/revisions"}],"predecessor-version":[{"id":89450,"href":"https:\/\/brandss.com.py\/index\/wp-json\/wp\/v2\/product\/89447\/revisions\/89450"}],"wp:featuredmedia":[{"embeddable":true,"href":"https:\/\/brandss.com.py\/index\/wp-json\/wp\/v2\/media\/89448"}],"wp:attachment":[{"href":"https:\/\/brandss.com.py\/index\/wp-json\/wp\/v2\/media?parent=89447"}],"wp:term":[{"taxonomy":"product_brand","embeddable":true,"href":"https:\/\/brandss.com.py\/index\/wp-json\/wp\/v2\/product_brand?post=89447"},{"taxonomy":"product_cat","embeddable":true,"href":"https:\/\/brandss.com.py\/index\/wp-json\/wp\/v2\/product_cat?post=89447"},{"taxonomy":"product_tag","embeddable":true,"href":"https:\/\/brandss.com.py\/index\/wp-json\/wp\/v2\/product_tag?post=89447"}],"curies":[{"name":"wp","href":"https:\/\/api.w.org\/{rel}","templated":true}]}}