{"id":89451,"date":"2025-09-01T18:55:47","date_gmt":"2025-09-01T18:55:47","guid":{"rendered":"https:\/\/brandss.com.py\/index\/?post_type=product&#038;p=89451"},"modified":"2025-10-29T13:39:57","modified_gmt":"2025-10-29T13:39:57","slug":"aceite-capilar-cosmo-tonic-200ml","status":"publish","type":"product","link":"https:\/\/brandss.com.py\/index\/producto\/aceite-capilar-cosmo-tonic-200ml\/","title":{"rendered":"ACEITE CAPILAR COSMO TONIC 200ML"},"content":{"rendered":"<p><img loading=\"lazy\" decoding=\"async\" class=\"\" src=\"https:\/\/cosmocosmetics.ae\/cdn\/shop\/files\/logo-cosmo-regeister.png?v=1729761767&amp;width=340\" width=\"109\" height=\"23\" \/><\/p>\n<h1>TONIC<\/h1>\n<p>El aceite capilar enriquecido con t\u00f3nico capilar Cosmo es la mezcla perfecta de aceite de jazm\u00edn tropical. Su f\u00f3rmula \u00fanica fortalece cada hebra capilar desde la ra\u00edz hasta las puntas, brind\u00e1ndote el volumen y el grosor que siempre has deseado, con beneficios anticaspa.<\/p>\n<h3>Beneficios<\/h3>\n<ul class=\"a-unordered-list a-vertical a-spacing-mini\">\n<li class=\"a-spacing-mini\"><span class=\"a-list-item\"><span dir=\"auto\">Cuidado del cabello y del cuero cabelludo.<\/span><\/span><\/li>\n<li class=\"a-spacing-mini\"><span class=\"a-list-item\"><span dir=\"auto\">Con extracto natural.<\/span><\/span><\/li>\n<\/ul>\n","protected":false},"excerpt":{"rendered":"<p>TONIC El aceite capilar enriquecido con t\u00f3nico capilar Cosmo es la mezcla perfecta de aceite de jazm\u00edn tropical. Su f\u00f3rmula<\/p>\n","protected":false},"featured_media":89452,"comment_status":"open","ping_status":"closed","template":"","meta":{"nf_dc_page":""},"product_brand":[103],"product_cat":[85],"product_tag":[1163],"class_list":{"0":"post-89451","1":"product","2":"type-product","3":"status-publish","4":"has-post-thumbnail","6":"product_brand-cosmo","7":"product_cat-cosmeticos","8":"product_tag-1163","10":"first","11":"outofstock","12":"shipping-taxable","13":"purchasable","14":"product-type-simple"},"_links":{"self":[{"href":"https:\/\/brandss.com.py\/index\/wp-json\/wp\/v2\/product\/89451","targetHints":{"allow":["GET"]}}],"collection":[{"href":"https:\/\/brandss.com.py\/index\/wp-json\/wp\/v2\/product"}],"about":[{"href":"https:\/\/brandss.com.py\/index\/wp-json\/wp\/v2\/types\/product"}],"replies":[{"embeddable":true,"href":"https:\/\/brandss.com.py\/index\/wp-json\/wp\/v2\/comments?post=89451"}],"version-history":[{"count":1,"href":"https:\/\/brandss.com.py\/index\/wp-json\/wp\/v2\/product\/89451\/revisions"}],"predecessor-version":[{"id":89454,"href":"https:\/\/brandss.com.py\/index\/wp-json\/wp\/v2\/product\/89451\/revisions\/89454"}],"wp:featuredmedia":[{"embeddable":true,"href":"https:\/\/brandss.com.py\/index\/wp-json\/wp\/v2\/media\/89452"}],"wp:attachment":[{"href":"https:\/\/brandss.com.py\/index\/wp-json\/wp\/v2\/media?parent=89451"}],"wp:term":[{"taxonomy":"product_brand","embeddable":true,"href":"https:\/\/brandss.com.py\/index\/wp-json\/wp\/v2\/product_brand?post=89451"},{"taxonomy":"product_cat","embeddable":true,"href":"https:\/\/brandss.com.py\/index\/wp-json\/wp\/v2\/product_cat?post=89451"},{"taxonomy":"product_tag","embeddable":true,"href":"https:\/\/brandss.com.py\/index\/wp-json\/wp\/v2\/product_tag?post=89451"}],"curies":[{"name":"wp","href":"https:\/\/api.w.org\/{rel}","templated":true}]}}