{"id":89463,"date":"2025-09-02T11:43:24","date_gmt":"2025-09-02T11:43:24","guid":{"rendered":"https:\/\/brandss.com.py\/index\/?post_type=product&#038;p=89463"},"modified":"2026-04-16T11:13:32","modified_gmt":"2026-04-16T11:13:32","slug":"perfume-unisex-afnan-9pm-rebel-edp-100ml","status":"publish","type":"product","link":"https:\/\/brandss.com.py\/index\/producto\/perfume-unisex-afnan-9pm-rebel-edp-100ml\/","title":{"rendered":"PERFUME UNISEX AFNAN 9PM REBEL EDP 100ML"},"content":{"rendered":"<p><img loading=\"lazy\" decoding=\"async\" class=\"\" src=\"https:\/\/perfumesyperfumes.com\/cdn\/shop\/collections\/LOGO_AFNAN.png?v=1717098276\" alt=\"Afnan | Perfumes y Perfumes\" width=\"77\" height=\"77\" \/><\/p>\n<h1>9PM REBEL<\/h1>\n<p>D\u00e9jate seducir por el encanto cautivador de 9PM Rebel, una fragancia que a\u00f1ade una nueva dimensi\u00f3n a la ic\u00f3nica Colecci\u00f3n 9. 9PM Rebel\u00a0es una fragancia unisex de Afnan que te envuelve en una aura de misterio y sensualidad. 9PM Rebel est\u00e1 dirigido a personas que buscan una fragancia vers\u00e1til, con un toque de rebeld\u00eda y elegancia. Es ideal para aquellos que disfrutan de aromas frescos, amaderados y dulces.<img loading=\"lazy\" decoding=\"async\" class=\"alignleft\" src=\"https:\/\/www.atlanticoshop.com.py\/image\/catalog\/armaf\/9pm%20rebel%20desc-1%20esp.jpg\" width=\"578\" height=\"578\" \/><\/p>\n<ul data-sourcepos=\"18:1-22:0\">\n<li data-sourcepos=\"18:1-18:96\">Versatilidad:\u00a09PM Rebel es una fragancia unisex, ideal para cualquier ocasi\u00f3n y temporada.<\/li>\n<li data-sourcepos=\"19:1-19:95\">Duraci\u00f3n:\u00a0Su fijaci\u00f3n es duradera, por lo que podr\u00e1s disfrutar de su aroma durante horas.<\/li>\n<li data-sourcepos=\"20:1-20:96\">Proyecci\u00f3n:\u00a0Tiene una proyecci\u00f3n moderada, dejando una estela sutil y seductora a tu paso.<\/li>\n<li data-sourcepos=\"21:1-22:0\">Estilo:\u00a0Su aroma es sofisticado y moderno, perfecto para aquellos que buscan una fragancia que los distinga.<\/li>\n<\/ul>\n<h3>Notas Olfativas<\/h3>\n<p>Esta fragancia, lanzada en 2024 y creada por\u00a0<u>Ga\u00ebl Montero<\/u>, combina a la perfecci\u00f3n notas frutales, amaderadas y dulces, creando una composici\u00f3n olfativa \u00fanica y adictiva. Esta exquisita creaci\u00f3n irradia una elegancia refinada a trav\u00e9s de sus notas frutales, amaderadas y ambarinas de primera calidad, ofreciendo una experiencia arom\u00e1tica juvenil y sofisticada. La fragancia te envolver\u00e1 con una combinaci\u00f3n fresca de jugosa mandarina, pi\u00f1a dulce y manzana Granny Smith. A continuaci\u00f3n, surgen unas notas m\u00e1s profundas de madera de cedro, musgo de roble y suave vainilla que aportan una capa sofisticada a la composici\u00f3n. El cierre se compone de caramelo, acordes secos y amaderados, \u00e1mbar gris y sensual almizcle.<\/p>\n<p><strong>Notas de salida:<\/strong> mandarina, pi\u00f1a, manzana Granny Smith.<br \/>\n<strong>Notas de coraz\u00f3n:<\/strong> madera de cedro, musgo de roble, vainilla.<br \/>\n<strong>Notas de fondo:<\/strong> caramelo, notas de madera seca, \u00e1mbar gris, almizcle.<\/p>\n","protected":false},"excerpt":{"rendered":"<p>9PM REBEL D\u00e9jate seducir por el encanto cautivador de 9PM Rebel, una fragancia que a\u00f1ade una nueva dimensi\u00f3n a la<\/p>\n","protected":false},"featured_media":89464,"comment_status":"open","ping_status":"closed","template":"","meta":{"nf_dc_page":""},"product_brand":[102],"product_cat":[84],"product_tag":[552],"class_list":{"0":"post-89463","1":"product","2":"type-product","3":"status-publish","4":"has-post-thumbnail","6":"product_brand-afnan","7":"product_cat-perfumeria","8":"product_tag-552","10":"first","11":"instock","12":"shipping-taxable","13":"purchasable","14":"product-type-simple"},"_links":{"self":[{"href":"https:\/\/brandss.com.py\/index\/wp-json\/wp\/v2\/product\/89463","targetHints":{"allow":["GET"]}}],"collection":[{"href":"https:\/\/brandss.com.py\/index\/wp-json\/wp\/v2\/product"}],"about":[{"href":"https:\/\/brandss.com.py\/index\/wp-json\/wp\/v2\/types\/product"}],"replies":[{"embeddable":true,"href":"https:\/\/brandss.com.py\/index\/wp-json\/wp\/v2\/comments?post=89463"}],"version-history":[{"count":1,"href":"https:\/\/brandss.com.py\/index\/wp-json\/wp\/v2\/product\/89463\/revisions"}],"predecessor-version":[{"id":89471,"href":"https:\/\/brandss.com.py\/index\/wp-json\/wp\/v2\/product\/89463\/revisions\/89471"}],"wp:featuredmedia":[{"embeddable":true,"href":"https:\/\/brandss.com.py\/index\/wp-json\/wp\/v2\/media\/89464"}],"wp:attachment":[{"href":"https:\/\/brandss.com.py\/index\/wp-json\/wp\/v2\/media?parent=89463"}],"wp:term":[{"taxonomy":"product_brand","embeddable":true,"href":"https:\/\/brandss.com.py\/index\/wp-json\/wp\/v2\/product_brand?post=89463"},{"taxonomy":"product_cat","embeddable":true,"href":"https:\/\/brandss.com.py\/index\/wp-json\/wp\/v2\/product_cat?post=89463"},{"taxonomy":"product_tag","embeddable":true,"href":"https:\/\/brandss.com.py\/index\/wp-json\/wp\/v2\/product_tag?post=89463"}],"curies":[{"name":"wp","href":"https:\/\/api.w.org\/{rel}","templated":true}]}}