{"id":89472,"date":"2025-09-02T12:18:50","date_gmt":"2025-09-02T12:18:50","guid":{"rendered":"https:\/\/brandss.com.py\/index\/?post_type=product&#038;p=89472"},"modified":"2026-04-21T11:24:14","modified_gmt":"2026-04-21T11:24:14","slug":"perfume-unisex-afnan-turathi-electric-edp-90ml","status":"publish","type":"product","link":"https:\/\/brandss.com.py\/index\/producto\/perfume-unisex-afnan-turathi-electric-edp-90ml\/","title":{"rendered":"PERFUME UNISEX AFNAN TURATHI ELECTRIC EDP 90ML"},"content":{"rendered":"<p><img loading=\"lazy\" decoding=\"async\" class=\"\" src=\"https:\/\/perfumesyperfumes.com\/cdn\/shop\/collections\/LOGO_AFNAN.png?v=1717098276\" alt=\"Afnan | Perfumes y Perfumes\" width=\"82\" height=\"82\" \/><\/p>\n<h1>TURATHI ELECTRIC<\/h1>\n<p>El chispeante y radiante Turathi Electric te transportar\u00e1 a un mundo lleno de frescor y sensualidad ligera. Aporta energ\u00eda a tu d\u00eda a d\u00eda y comp\u00e1rtela con quienes te rodean con esta fragancia. Una explosi\u00f3n de energ\u00eda fresca y radiante en un d\u00eda soleado:\u00a0Turathi Electric\u00a0captura el esp\u00edritu del verano interminable.<\/p>\n<p><img loading=\"lazy\" decoding=\"async\" class=\"alignleft\" src=\"https:\/\/cdn.notinoimg.com\/detail_main_hq\/afnan\/6290171076001_05\/turathi-electric___250604.jpg\" width=\"606\" height=\"606\" \/><\/p>\n<h3>Notas Olfativas<\/h3>\n<p>&nbsp;<\/p>\n<p>Turathi Electric es una fragancia de la familia olfativa Floral Frutal para Hombres y Mujeres. Esta fragrancia es nueva.<\/p>\n<p>Turathi Electric se lanz\u00f3 en 2025. Se abre con una frescura radiante que eleva instant\u00e1neamente el \u00e1nimo, como una brisa que atraviesa el aire c\u00e1lido. A medida que se asienta, sus capas modernas y elegantes aportan una sofisticaci\u00f3n suave, envolvi\u00e9ndote en un resplandor que perdura.<\/p>\n<p>Vibrante pero sin esfuerzo, es tu fragancia distintiva para d\u00edas dorados, tardes con brisa y noches bajo las estrellas. En las notas de salida se revelan la jugosidad de la pera, la mandarina, la bergamota y el pomelo rosa, inspirando frescura y vitalidad. En las de coraz\u00f3n, la composici\u00f3n se calma con la flor de azahar, la manzana y el cedro ligeramente amaderado. Las notas de fondo se componen de almizcle, dulce vainilla y c\u00e1lido \u00e1mbar, aport\u00e1ndole a la fragancia un cierre suave y atractivo.<\/p>\n<p>&nbsp;<\/p>\n<p><strong>Notas de salida:<\/strong>\u00a0Bergamota, Pomelo Rosado, Pera, Mandarina<br \/>\n<strong>Notas de coraz\u00f3n:<\/strong>\u00a0Manzana, Cedro, Flor de Azahar<br \/>\n<strong>Notas de fondo:<\/strong>\u00a0Vainilla, \u00c1mbar Seco, Almizcle, Ambrofix<\/p>\n<p>&nbsp;<\/p>\n","protected":false},"excerpt":{"rendered":"<p>TURATHI ELECTRIC El chispeante y radiante Turathi Electric te transportar\u00e1 a un mundo lleno de frescor y sensualidad ligera. Aporta<\/p>\n","protected":false},"featured_media":89473,"comment_status":"open","ping_status":"closed","template":"","meta":{"nf_dc_page":""},"product_brand":[102],"product_cat":[84],"product_tag":[553],"class_list":{"0":"post-89472","1":"product","2":"type-product","3":"status-publish","4":"has-post-thumbnail","6":"product_brand-afnan","7":"product_cat-perfumeria","8":"product_tag-553","10":"first","11":"outofstock","12":"sale","13":"shipping-taxable","14":"purchasable","15":"product-type-simple"},"_links":{"self":[{"href":"https:\/\/brandss.com.py\/index\/wp-json\/wp\/v2\/product\/89472","targetHints":{"allow":["GET"]}}],"collection":[{"href":"https:\/\/brandss.com.py\/index\/wp-json\/wp\/v2\/product"}],"about":[{"href":"https:\/\/brandss.com.py\/index\/wp-json\/wp\/v2\/types\/product"}],"replies":[{"embeddable":true,"href":"https:\/\/brandss.com.py\/index\/wp-json\/wp\/v2\/comments?post=89472"}],"version-history":[{"count":1,"href":"https:\/\/brandss.com.py\/index\/wp-json\/wp\/v2\/product\/89472\/revisions"}],"predecessor-version":[{"id":89480,"href":"https:\/\/brandss.com.py\/index\/wp-json\/wp\/v2\/product\/89472\/revisions\/89480"}],"wp:featuredmedia":[{"embeddable":true,"href":"https:\/\/brandss.com.py\/index\/wp-json\/wp\/v2\/media\/89473"}],"wp:attachment":[{"href":"https:\/\/brandss.com.py\/index\/wp-json\/wp\/v2\/media?parent=89472"}],"wp:term":[{"taxonomy":"product_brand","embeddable":true,"href":"https:\/\/brandss.com.py\/index\/wp-json\/wp\/v2\/product_brand?post=89472"},{"taxonomy":"product_cat","embeddable":true,"href":"https:\/\/brandss.com.py\/index\/wp-json\/wp\/v2\/product_cat?post=89472"},{"taxonomy":"product_tag","embeddable":true,"href":"https:\/\/brandss.com.py\/index\/wp-json\/wp\/v2\/product_tag?post=89472"}],"curies":[{"name":"wp","href":"https:\/\/api.w.org\/{rel}","templated":true}]}}