{"id":89498,"date":"2025-09-02T14:05:22","date_gmt":"2025-09-02T14:05:22","guid":{"rendered":"https:\/\/brandss.com.py\/index\/?post_type=product&#038;p=89498"},"modified":"2026-03-16T17:40:24","modified_gmt":"2026-03-16T17:40:24","slug":"perfume-masculino-al-wataniah-kenz-al-malik-edp-100ml","status":"publish","type":"product","link":"https:\/\/brandss.com.py\/index\/producto\/perfume-masculino-al-wataniah-kenz-al-malik-edp-100ml\/","title":{"rendered":"PERFUME MASCULINO AL WATANIAH KENZ AL MALIK EDP 100ML"},"content":{"rendered":"<p><img loading=\"lazy\" decoding=\"async\" class=\"\" src=\"https:\/\/encrypted-tbn0.gstatic.com\/images?q=tbn:ANd9GcTZxf4M7TAbnjGvlsN_ihYlAJt7l3yucNv8ig&amp;s\" alt=\"Al Wataniah \u00b7 Trending Corporate\" width=\"85\" height=\"82\" \/><\/p>\n<h1>KENZ AL MALIK<\/h1>\n<p>Un perfume que se caracteriza por ser una fragancia vers\u00e1til, moderna y con un toque seductor. Su estructura olfativa est\u00e1 bien equilibrada, combinando notas dulces, c\u00edtricas, especiadas y amaderadas, lo que lo hace ideal tanto para el d\u00eda como para la noche.<\/p>\n<p><img loading=\"lazy\" decoding=\"async\" class=\"alignleft\" src=\"https:\/\/www.atlanticoshop.com.py\/image\/catalog\/armaf\/kenz%20al%20malik%20desc-1%20esp.jpg\" width=\"460\" height=\"460\" \/><\/p>\n<h3>Notas Olfativas<\/h3>\n<p>&nbsp;<\/p>\n<p><span dir=\"auto\">Con acordes amaderados y notas especiadas, <\/span><span dir=\"auto\">revela una fragancia sorprendente con una frescura energizante. <\/span><span dir=\"auto\">La fragancia se abre con un c\u00f3ctel de lim\u00f3n siciliano, naranja sanguina y lima. En el coraz\u00f3n, un toque electrizante de lavanda, salvia, geranio y n\u00e9ctar de higo. Finalmente, un cedro vigorizante con notas de pachul\u00ed, vetiver y nagarmota. Kenz Al Malik\u00a0de\u00a0Al Wataniah\u00a0es una fragancia de la familia olfativa Amaderada Especiada para Hombres. Esta fragrancia es nueva.\u00a0Kenz Al Malik\u00a0se lanz\u00f3 en 2022. <\/span><\/p>\n<p><span dir=\"auto\"><strong>Notas de salida:<\/strong> toronja, pimienta rosa, bergamota, vetiver, lim\u00f3n y notas marinas.<\/span><\/p>\n<p><span dir=\"auto\"><strong>Notas de coraz\u00f3n:<\/strong> pomelo, jengibre, cedro, menta, nuez moscada, jazm\u00edn y l\u00e1dano.<\/span><\/p>\n<p><span dir=\"auto\"><strong>Notas de fondo:<\/strong> jengibre, Amberwood, incienso y s\u00e1ndalo.<\/span><\/p>\n","protected":false},"excerpt":{"rendered":"<p>KENZ AL MALIK Un perfume que se caracteriza por ser una fragancia vers\u00e1til, moderna y con un toque seductor. Su<\/p>\n","protected":false},"featured_media":89500,"comment_status":"open","ping_status":"closed","template":"","meta":{"nf_dc_page":""},"product_brand":[105],"product_cat":[84],"product_tag":[563],"class_list":{"0":"post-89498","1":"product","2":"type-product","3":"status-publish","4":"has-post-thumbnail","6":"product_brand-al-wataniah","7":"product_cat-perfumeria","8":"product_tag-563","10":"first","11":"instock","12":"sale","13":"shipping-taxable","14":"purchasable","15":"product-type-simple"},"_links":{"self":[{"href":"https:\/\/brandss.com.py\/index\/wp-json\/wp\/v2\/product\/89498","targetHints":{"allow":["GET"]}}],"collection":[{"href":"https:\/\/brandss.com.py\/index\/wp-json\/wp\/v2\/product"}],"about":[{"href":"https:\/\/brandss.com.py\/index\/wp-json\/wp\/v2\/types\/product"}],"replies":[{"embeddable":true,"href":"https:\/\/brandss.com.py\/index\/wp-json\/wp\/v2\/comments?post=89498"}],"version-history":[{"count":1,"href":"https:\/\/brandss.com.py\/index\/wp-json\/wp\/v2\/product\/89498\/revisions"}],"predecessor-version":[{"id":89503,"href":"https:\/\/brandss.com.py\/index\/wp-json\/wp\/v2\/product\/89498\/revisions\/89503"}],"wp:featuredmedia":[{"embeddable":true,"href":"https:\/\/brandss.com.py\/index\/wp-json\/wp\/v2\/media\/89500"}],"wp:attachment":[{"href":"https:\/\/brandss.com.py\/index\/wp-json\/wp\/v2\/media?parent=89498"}],"wp:term":[{"taxonomy":"product_brand","embeddable":true,"href":"https:\/\/brandss.com.py\/index\/wp-json\/wp\/v2\/product_brand?post=89498"},{"taxonomy":"product_cat","embeddable":true,"href":"https:\/\/brandss.com.py\/index\/wp-json\/wp\/v2\/product_cat?post=89498"},{"taxonomy":"product_tag","embeddable":true,"href":"https:\/\/brandss.com.py\/index\/wp-json\/wp\/v2\/product_tag?post=89498"}],"curies":[{"name":"wp","href":"https:\/\/api.w.org\/{rel}","templated":true}]}}