{"id":89510,"date":"2025-09-02T18:12:23","date_gmt":"2025-09-02T18:12:23","guid":{"rendered":"https:\/\/brandss.com.py\/index\/?post_type=product&#038;p=89510"},"modified":"2026-03-16T17:26:35","modified_gmt":"2026-03-16T17:26:35","slug":"perfume-masculino-al-wataniah-sultan-al-lail-edp-100ml","status":"publish","type":"product","link":"https:\/\/brandss.com.py\/index\/producto\/perfume-masculino-al-wataniah-sultan-al-lail-edp-100ml\/","title":{"rendered":"PERFUME MASCULINO AL WATANIAH SULTAN AL LAIL EDP 100ML"},"content":{"rendered":"<p><img loading=\"lazy\" decoding=\"async\" class=\"\" src=\"https:\/\/encrypted-tbn0.gstatic.com\/images?q=tbn:ANd9GcTZxf4M7TAbnjGvlsN_ihYlAJt7l3yucNv8ig&amp;s\" alt=\"Al Wataniah \u00b7 Trending Corporate\" width=\"72\" height=\"69\" \/><\/p>\n<h1>SULTAN AL LAIL<\/h1>\n<p>Una fragancia que personifica la elegancia y el carisma de una noche oriental.Sultan Al\u00a0Lail Eau de Parfum es un perfume que deja una impresi\u00f3n duradera de refinamiento y encanto. Ofrece una experiencia olfativa intrigante y sofisticada, con un equilibrio entre frescura, especias y calidez.<img loading=\"lazy\" decoding=\"async\" class=\"alignleft\" src=\"https:\/\/www.atlanticoshop.com.py\/image\/catalog\/armaf\/sultan%20al%20lail%20desc-1%20esp.jpg\" width=\"513\" height=\"513\" \/><\/p>\n<blockquote><p>\u00a1Abrace la elegancia de la noche oriental!<\/p><\/blockquote>\n<p>Deje que sus notas elegantes y sensuales eleven sus sentidos y a\u00f1adan un toque de elegancia oriental a sus noches. Ya sea para ocasiones especiales o para vestir de noche, Sultan Al Lail es su compa\u00f1ero perfecto para una experiencia memorable.<\/p>\n<ul>\n<li>Fragancia de larga duraci\u00f3n que captura el encanto de una noche oriental.<\/li>\n<li>Mezcla \u00fanica de bayas, lim\u00f3n siciliano, pimienta, geranio, cedro y pachul\u00ed.<\/li>\n<li>Elegante dise\u00f1o del frasco que refleja la sofisticaci\u00f3n de la fragancia.<\/li>\n<li>Perfecta para ocasiones especiales y para llevar por la noche.<\/li>\n<\/ul>\n<h3><\/h3>\n<h3>Notas Olfativas<\/h3>\n<p>Sultan al Lail es una fragancia vers\u00e1til y bien equilibrada, adecuada tanto para ocasiones formales como informales. Sus notas frescas iniciales hacen que sea perfecta para el d\u00eda, mientras que el car\u00e1cter m\u00e1s c\u00e1lido y profundo de su base la hace ideal para la noche. Su mezcla de elementos c\u00edtricos, especiados y amaderados ofrece una experiencia refinada que deja una impresi\u00f3n duradera.<\/p>\n<div id=\"description\" class=\"collapse in product\">\n<p>La fragancia comienza con una mezcla fresca y picante de\u00a0bayas de enebro,\u00a0c\u00edtricos,\u00a0naranja sanguina\u00a0y\u00a0lim\u00f3n siciliano, que crean una apertura vigorizante y llena de vida. En el coraz\u00f3n, las notas de\u00a0Pimienta,\u00a0Salvia sclarea,\u00a0Lavanda\u00a0y\u00a0Geranio\u00a0se entrelazan para a\u00f1adir una complejidad especiada y herbal. Por \u00faltimo, las notas de fondo de\u00a0Vetiver,\u00a0Cedro\u00a0y\u00a0Pachul\u00ed proporcionan una base c\u00e1lida y amaderada, dejando una impresi\u00f3n duradera de sofisticaci\u00f3n y profundidad.<\/p>\n<p>&nbsp;<\/p>\n<\/div>\n<div id=\"howTo\" class=\"collapse in product\">\n<p><strong>Notas de salida<\/strong>: Bayas de enebro, c\u00edtricos, naranja sanguina, lim\u00f3n siciliano.<\/p>\n<p><strong>Notas de\u00a0coraz\u00f3n:<\/strong> Pimienta, Salvia sclarea, Lavanda, Geranio.<\/p>\n<p><strong>Notas<\/strong>\u00a0<strong>de fondo:<\/strong> Vetiver, Cedro, Pachul\u00ed.<\/p>\n<\/div>\n<p>&nbsp;<\/p>\n","protected":false},"excerpt":{"rendered":"<p>SULTAN AL LAIL Una fragancia que personifica la elegancia y el carisma de una noche oriental.Sultan Al\u00a0Lail Eau de Parfum<\/p>\n","protected":false},"featured_media":89511,"comment_status":"open","ping_status":"closed","template":"","meta":{"nf_dc_page":""},"product_brand":[105],"product_cat":[84],"product_tag":[572],"class_list":{"0":"post-89510","1":"product","2":"type-product","3":"status-publish","4":"has-post-thumbnail","6":"product_brand-al-wataniah","7":"product_cat-perfumeria","8":"product_tag-572","10":"first","11":"outofstock","12":"shipping-taxable","13":"purchasable","14":"product-type-simple"},"_links":{"self":[{"href":"https:\/\/brandss.com.py\/index\/wp-json\/wp\/v2\/product\/89510","targetHints":{"allow":["GET"]}}],"collection":[{"href":"https:\/\/brandss.com.py\/index\/wp-json\/wp\/v2\/product"}],"about":[{"href":"https:\/\/brandss.com.py\/index\/wp-json\/wp\/v2\/types\/product"}],"replies":[{"embeddable":true,"href":"https:\/\/brandss.com.py\/index\/wp-json\/wp\/v2\/comments?post=89510"}],"version-history":[{"count":1,"href":"https:\/\/brandss.com.py\/index\/wp-json\/wp\/v2\/product\/89510\/revisions"}],"predecessor-version":[{"id":89518,"href":"https:\/\/brandss.com.py\/index\/wp-json\/wp\/v2\/product\/89510\/revisions\/89518"}],"wp:featuredmedia":[{"embeddable":true,"href":"https:\/\/brandss.com.py\/index\/wp-json\/wp\/v2\/media\/89511"}],"wp:attachment":[{"href":"https:\/\/brandss.com.py\/index\/wp-json\/wp\/v2\/media?parent=89510"}],"wp:term":[{"taxonomy":"product_brand","embeddable":true,"href":"https:\/\/brandss.com.py\/index\/wp-json\/wp\/v2\/product_brand?post=89510"},{"taxonomy":"product_cat","embeddable":true,"href":"https:\/\/brandss.com.py\/index\/wp-json\/wp\/v2\/product_cat?post=89510"},{"taxonomy":"product_tag","embeddable":true,"href":"https:\/\/brandss.com.py\/index\/wp-json\/wp\/v2\/product_tag?post=89510"}],"curies":[{"name":"wp","href":"https:\/\/api.w.org\/{rel}","templated":true}]}}