{"id":89536,"date":"2025-09-03T10:44:52","date_gmt":"2025-09-03T10:44:52","guid":{"rendered":"https:\/\/brandss.com.py\/index\/?post_type=product&#038;p=89536"},"modified":"2025-09-10T16:20:37","modified_gmt":"2025-09-10T16:20:37","slug":"shampoo-capilar-loreal-force-relax-1-5l","status":"publish","type":"product","link":"https:\/\/brandss.com.py\/index\/producto\/shampoo-capilar-loreal-force-relax-1-5l\/","title":{"rendered":"SHAMPOO CAPILAR L\u00b4OR\u00c9AL FORCE RELAX 1.5L"},"content":{"rendered":"<p><img loading=\"lazy\" decoding=\"async\" class=\"\" src=\"https:\/\/upload.wikimedia.org\/wikipedia\/commons\/thumb\/9\/9d\/L%27Or%C3%A9al_logo.svg\/1280px-L%27Or%C3%A9al_logo.svg.png\" alt=\"Archivo:L'Or\u00e9al logo.svg - Wikipedia, la enciclopedia libre\" width=\"512\" height=\"93\" \/><\/p>\n<h1><strong><span dir=\"auto\">\u00a0Force Relax Nutri-Control<\/span><\/strong><\/h1>\n<p><span dir=\"auto\">El shampoo L&#8217;Or\u00e9al Professionnel Force Relax Nutri-Control es ideal para cabello con frizz, rizado u ondulado, especialmente para cabello alisado o alisado.<\/span><\/p>\n<p><span dir=\"auto\"> Su f\u00f3rmula avanzada nutre profundamente, controla el volumen y doma el cabello, manteni\u00e9ndolo suave y terso.<\/span><\/p>\n<p><strong><span dir=\"auto\">Beneficios<\/span><\/strong><br \/>\n<span dir=\"auto\">\u2013 Nutrici\u00f3n intensa con aceites bot\u00e1nicos como manteca de karit\u00e9 y aceite de coco<\/span><br \/>\n<span dir=\"auto\">\u2013 Control de volumen, manteniendo el cabello alineado y sin frizz<\/span><br \/>\n<span dir=\"auto\">\u2013 Fortalecimiento de la fibra capilar con el sistema Fibra-Injet<\/span><br \/>\n<span dir=\"auto\">\u2013 Facilita el desenredado y proporciona un tacto suave<\/span><br \/>\n<span dir=\"auto\">\u2013 Ideal para cabello relajado o alisado<\/span><\/p>\n","protected":false},"excerpt":{"rendered":"<p>\u00a0Force Relax Nutri-Control El shampoo L&#8217;Or\u00e9al Professionnel Force Relax Nutri-Control es ideal para cabello con frizz, rizado u ondulado, especialmente<\/p>\n","protected":false},"featured_media":89537,"comment_status":"open","ping_status":"closed","template":"","meta":{"nf_dc_page":""},"product_brand":[],"product_cat":[85],"product_tag":[],"class_list":{"0":"post-89536","1":"product","2":"type-product","3":"status-publish","4":"has-post-thumbnail","6":"product_cat-cosmeticos","8":"first","9":"outofstock","10":"shipping-taxable","11":"purchasable","12":"product-type-simple"},"_links":{"self":[{"href":"https:\/\/brandss.com.py\/index\/wp-json\/wp\/v2\/product\/89536","targetHints":{"allow":["GET"]}}],"collection":[{"href":"https:\/\/brandss.com.py\/index\/wp-json\/wp\/v2\/product"}],"about":[{"href":"https:\/\/brandss.com.py\/index\/wp-json\/wp\/v2\/types\/product"}],"replies":[{"embeddable":true,"href":"https:\/\/brandss.com.py\/index\/wp-json\/wp\/v2\/comments?post=89536"}],"version-history":[{"count":2,"href":"https:\/\/brandss.com.py\/index\/wp-json\/wp\/v2\/product\/89536\/revisions"}],"predecessor-version":[{"id":89559,"href":"https:\/\/brandss.com.py\/index\/wp-json\/wp\/v2\/product\/89536\/revisions\/89559"}],"wp:featuredmedia":[{"embeddable":true,"href":"https:\/\/brandss.com.py\/index\/wp-json\/wp\/v2\/media\/89537"}],"wp:attachment":[{"href":"https:\/\/brandss.com.py\/index\/wp-json\/wp\/v2\/media?parent=89536"}],"wp:term":[{"taxonomy":"product_brand","embeddable":true,"href":"https:\/\/brandss.com.py\/index\/wp-json\/wp\/v2\/product_brand?post=89536"},{"taxonomy":"product_cat","embeddable":true,"href":"https:\/\/brandss.com.py\/index\/wp-json\/wp\/v2\/product_cat?post=89536"},{"taxonomy":"product_tag","embeddable":true,"href":"https:\/\/brandss.com.py\/index\/wp-json\/wp\/v2\/product_tag?post=89536"}],"curies":[{"name":"wp","href":"https:\/\/api.w.org\/{rel}","templated":true}]}}