{"id":89549,"date":"2025-09-03T11:39:39","date_gmt":"2025-09-03T11:39:39","guid":{"rendered":"https:\/\/brandss.com.py\/index\/?post_type=product&#038;p=89549"},"modified":"2026-02-25T13:57:13","modified_gmt":"2026-02-25T13:57:13","slug":"perfume-masculino-armaf-odyssey-homme-black-edp-100ml","status":"publish","type":"product","link":"https:\/\/brandss.com.py\/index\/producto\/perfume-masculino-armaf-odyssey-homme-black-edp-100ml\/","title":{"rendered":"PERFUME MASCULINO ARMAF ODYSSEY HOMME BLACK EDP 100ML"},"content":{"rendered":"<p><img loading=\"lazy\" decoding=\"async\" class=\"\" src=\"https:\/\/theme.hstatic.net\/200000860799\/1001299126\/14\/logo-footer.png?v=268\" alt=\"Armaf Vi\u1ec7t Nam\" width=\"86\" height=\"86\" \/><\/p>\n<h1>ODYSSEY HOMME BLACK<\/h1>\n<p>Descubre Odyssey Homme, una fragancia que encapsula la esencia de la elegancia y la sofisticaci\u00f3n. Perfecta para el hombre moderno, esta fragancia se convierte en un accesorio indispensable para cada ocasi\u00f3n. Emb\u00e1rcate en un viaje sensorial con Odyssey Homme, una fragancia donde la sofisticaci\u00f3n se combina con el encanto.<\/p>\n<p><img loading=\"lazy\" decoding=\"async\" class=\"alignleft\" src=\"https:\/\/nextcell.com.ar\/wp-content\/uploads\/2025\/07\/4-19-553684485e5048df4b17373953440383-1024-1024.png\" width=\"548\" height=\"548\" \/><\/p>\n<h3>Notas Olfativas<\/h3>\n<p>&nbsp;<\/p>\n<p><span dir=\"auto\">Sum\u00e9rgete en un mundo de elegancia y estilo con <\/span><span dir=\"auto\">Odyssey Homme<\/span> <span dir=\"auto\">para hombre<\/span><span dir=\"auto\">. Esta distinguida fragancia ofrece un aroma refinado ideal para el caballero moderno que valora la sofisticaci\u00f3n.<\/span><\/p>\n<p>Armaf Odyssey Black Homme\u00a0pertenece a la familia olfativa \u00c1mbar para hombres, caracterizada por su profundidad, calidez y riqueza. La composici\u00f3n de este perfume se ha cuidadosamente equilibrado para ofrecer una experiencia olfativa \u00fanica, marcada por la elegancia y el misterio.<\/p>\n<p><span><span dir=\"ltr\" lang=\"es-MX\">El Perfume Armaf Odyssey Homme EDP es una fragancia de la familia olfativa oriental especiada<\/span><span dir=\"ltr\" lang=\"es-MX\">\u00a0<\/span><span dir=\"ltr\" lang=\"es-MX\">para hombres. Con una concentraci\u00f3n del tipo Eau de Parfum, ofrece una duradera y alta intensidad arom\u00e1tica en la piel. Sus notas est\u00e1n compuestas por los siguientes ingredientes<\/span><\/span><span><span dir=\"ltr\" lang=\"es-MX\">:<\/span><\/span><\/p>\n<ul>\n<li><strong>Notas de salida:\u00a0<\/strong>Vainilla, \u00e1mbar.<\/li>\n<li><strong>Notas de coraz\u00f3n:\u00a0<\/strong>Orientales, especias, iris.<\/li>\n<li><span><span dir=\"ltr\" lang=\"es-MX\"><strong>Notas de fondo:<\/strong><\/span> Vainilla, cuero, jazm\u00edn.<\/span><\/li>\n<\/ul>\n<p>&nbsp;<\/p>\n","protected":false},"excerpt":{"rendered":"<p>ODYSSEY HOMME BLACK Descubre Odyssey Homme, una fragancia que encapsula la esencia de la elegancia y la sofisticaci\u00f3n. Perfecta para<\/p>\n","protected":false},"featured_media":89550,"comment_status":"open","ping_status":"closed","template":"","meta":{"nf_dc_page":""},"product_brand":[106],"product_cat":[84],"product_tag":[190],"class_list":{"0":"post-89549","1":"product","2":"type-product","3":"status-publish","4":"has-post-thumbnail","6":"product_brand-armaf","7":"product_cat-perfumeria","8":"product_tag-190","10":"first","11":"instock","12":"shipping-taxable","13":"purchasable","14":"product-type-simple"},"_links":{"self":[{"href":"https:\/\/brandss.com.py\/index\/wp-json\/wp\/v2\/product\/89549","targetHints":{"allow":["GET"]}}],"collection":[{"href":"https:\/\/brandss.com.py\/index\/wp-json\/wp\/v2\/product"}],"about":[{"href":"https:\/\/brandss.com.py\/index\/wp-json\/wp\/v2\/types\/product"}],"replies":[{"embeddable":true,"href":"https:\/\/brandss.com.py\/index\/wp-json\/wp\/v2\/comments?post=89549"}],"version-history":[{"count":1,"href":"https:\/\/brandss.com.py\/index\/wp-json\/wp\/v2\/product\/89549\/revisions"}],"predecessor-version":[{"id":89557,"href":"https:\/\/brandss.com.py\/index\/wp-json\/wp\/v2\/product\/89549\/revisions\/89557"}],"wp:featuredmedia":[{"embeddable":true,"href":"https:\/\/brandss.com.py\/index\/wp-json\/wp\/v2\/media\/89550"}],"wp:attachment":[{"href":"https:\/\/brandss.com.py\/index\/wp-json\/wp\/v2\/media?parent=89549"}],"wp:term":[{"taxonomy":"product_brand","embeddable":true,"href":"https:\/\/brandss.com.py\/index\/wp-json\/wp\/v2\/product_brand?post=89549"},{"taxonomy":"product_cat","embeddable":true,"href":"https:\/\/brandss.com.py\/index\/wp-json\/wp\/v2\/product_cat?post=89549"},{"taxonomy":"product_tag","embeddable":true,"href":"https:\/\/brandss.com.py\/index\/wp-json\/wp\/v2\/product_tag?post=89549"}],"curies":[{"name":"wp","href":"https:\/\/api.w.org\/{rel}","templated":true}]}}