{"id":89560,"date":"2025-09-03T12:52:01","date_gmt":"2025-09-03T12:52:01","guid":{"rendered":"https:\/\/brandss.com.py\/index\/?post_type=product&#038;p=89560"},"modified":"2025-09-03T18:15:45","modified_gmt":"2025-09-03T18:15:45","slug":"perfume-femenino-only-you-valentino-donna-30ml","status":"publish","type":"product","link":"https:\/\/brandss.com.py\/index\/producto\/perfume-femenino-only-you-valentino-donna-30ml\/","title":{"rendered":"PERFUME FEMENINO ONLYOU COLLECTION VALENTINO DONNA EDP 30ML"},"content":{"rendered":"<h1><img loading=\"lazy\" decoding=\"async\" class=\"\" src=\"https:\/\/cdn.aromastore.com.py\/upload\/brand\/onlyou-collection.png\" alt=\"Aroma Store\" width=\"169\" height=\"169\" \/><\/h1>\n<h1>VALENTINO DONNA<\/h1>\n<p>&nbsp;<\/p>\n<div class=\"product \">\n<div id=\"product-description\" class=\"product-description style-1\">\n<div class=\"container\">\n<div class=\"product-description-item row mt-3 mt-md-5\">\n<div class=\"d-none w-100 active\">\n<div class=\"cms p-3 p-sm-0\">\n<p><span dir=\"auto\">Descubre el Eau de Parfum Born In Roma Donna de Valentino para mujer, Perfecto para cuando necesitas una dosis extra de confianza y determinaci\u00f3n. <\/span><\/p>\n<p><span dir=\"auto\">Acerca de la fragancia. <\/span><\/p>\n<p><span dir=\"auto\">Inspiradas en Roma, un lugar donde el pasado y el presente coexisten, las fragancias Born in Roma de Valentino cuentan una historia de autoexpresi\u00f3n. <\/span><\/p>\n<p><span dir=\"auto\">Una celebraci\u00f3n de las personas que viven la vida libremente mientras abrazan su verdadera identidad, porque hay muchas maneras de ser t\u00fa.<\/span><\/p>\n<p><span dir=\"auto\"> Born In Roma Donna est\u00e1 dise\u00f1ado para una mujer poderosa y segura, en control de s\u00ed misma y decidida a convertir sus sue\u00f1os en realidad. <\/span><\/p>\n<p><span dir=\"auto\">Por lo tanto, su fragancia fue desarrollada para dejar una estela impactante en cualquier entorno. <\/span><\/p>\n<p><span dir=\"auto\">Es imposible pasar desapercibida. <\/span><\/p>\n<p><span dir=\"auto\">El perfume es un floral amaderado moderno y lujoso. <\/span><\/p>\n<p><span dir=\"auto\">La combinaci\u00f3n de vainilla Bourbon, considerada el extracto m\u00e1s caro del mundo, y jazm\u00edn representa una feminidad lujosa y hace referencia a la elegancia de la cl\u00e1sica Alta Costura de Valentino. <\/span><\/p>\n<p><span dir=\"auto\">Esta mezcla se combina con un tr\u00edo radiante de modernas notas amaderadas para un toque audaz inspirado en la cultura callejera moderna de Roma. <\/span><\/p>\n<p><span dir=\"auto\">Su efecto de fondo es especiado, carnal, sensual y distintivo, aportando un toque irreverente a la fragancia. \u00dasala cuando necesites una dosis extra de confianza y determinaci\u00f3n. <\/span><\/p>\n<p><span dir=\"auto\">Notas principales: <\/span><span dir=\"auto\">Salida: Jazm\u00edn Coraz\u00f3n: Cachemira Fondo: Vainilla<\/span><\/p>\n<div class=\"pdp-especifications_especificationItem__7pvLP\" data-specification=\"Tempo de Fixa\u00e7\u00e3o:\">\n<div data-content=\"true\">\n<div class=\"pdp-especifications_especificationItem__7pvLP\" data-specification=\"Sazonalidade:\">\n<div data-content=\"true\"><\/div>\n<\/div>\n<\/div>\n<\/div>\n<\/div>\n<\/div>\n<div class=\" w-100 no-gutters justify-content-center product-description-features px-3\"><\/div>\n<\/div>\n<\/div>\n<\/div>\n<div class=\"container\">\n<div id=\"yv-reviews\"><\/div>\n<div class=\"yv-qa\"><\/div>\n<\/div>\n<div class=\"container mt-5\">\n<div id=\"disqus_thread\"><\/div>\n<\/div>\n<div id=\"review-widget\"><\/div>\n<div class=\"NETREVIEWS_PRODUCT_REVIEWS\" data-product-id=\"8822519\" data-product-price=\"25.99\" data-product-name=\"PERFUME MINIATURA 30ML ( INSP. VALENTINO DONNA BORN IN ROMA ) - ONLYOU\" data-product-url=\"https:\/\/www.topatacadao.com.br\/perfume-miniatura-30ml-insp-valentino-donna-born-in-roma-onlyou\" data-product-img-url=\"https:\/\/cdn.dooca.store\/172728\/products\/pew8uxrzhkge9ue58x2qsry3n8mvlsfzvdlu.png?v=1754139680\"><\/div>\n<div class=\"skeepers_product__reviews\" data-product-id=\"8822519\" data-locale=\"pt_BR\" data-price=\"25.99\" data-currency=\"BRL\" data-name=\"PERFUME MINIATURA 30ML ( INSP. VALENTINO DONNA BORN IN ROMA ) - ONLYOU\" data-url=\"\/perfume-miniatura-30ml-insp-valentino-donna-born-in-roma-onlyou\" data-image-url=\"https:\/\/cdn.dooca.store\/172728\/products\/pew8uxrzhkge9ue58x2qsry3n8mvlsfzvdlu.png?v=1754139680\"><\/div>\n<div id=\"smarthint-position-1\"><\/div>\n<div id=\"smarthint-position-2\"><\/div>\n<div id=\"smarthint-position-3\"><\/div>\n<div id=\"smarthint-position-4\"><\/div>\n<div id=\"smarthint-position-5\"><\/div>\n<\/div>\n<p>&nbsp;<\/p>\n<footer id=\"\" class=\"footer footer-4 \">\n<div class=\"footer-top f-sc-background\">\n<div class=\"container\">\n<div class=\"row justify-content-center align-items-start\">\n<div class=\"footer-newsletter\">\n<div class=\"row no-gutters justify-content-center align-items-center\">\n<div class=\"col-12 col-md-auto\">\n<div class=\"row no-gutters align-items-center justify-content-center mr-0 mr-md-5\">\n<div class=\"col-12 col-md-auto text-center\"><\/div>\n<div class=\"col-12 col-md-auto\"><\/div>\n<\/div>\n<\/div>\n<\/div>\n<\/div>\n<\/div>\n<\/div>\n<\/div>\n<\/footer>\n","protected":false},"excerpt":{"rendered":"<p>VALENTINO DONNA &nbsp; Descubre el Eau de Parfum Born In Roma Donna de Valentino para mujer, Perfecto para cuando necesitas<\/p>\n","protected":false},"featured_media":89561,"comment_status":"open","ping_status":"closed","template":"","meta":{"nf_dc_page":""},"product_brand":[],"product_cat":[84],"product_tag":[],"class_list":{"0":"post-89560","1":"product","2":"type-product","3":"status-publish","4":"has-post-thumbnail","6":"product_cat-perfumeria","8":"first","9":"instock","10":"shipping-taxable","11":"purchasable","12":"product-type-simple"},"_links":{"self":[{"href":"https:\/\/brandss.com.py\/index\/wp-json\/wp\/v2\/product\/89560","targetHints":{"allow":["GET"]}}],"collection":[{"href":"https:\/\/brandss.com.py\/index\/wp-json\/wp\/v2\/product"}],"about":[{"href":"https:\/\/brandss.com.py\/index\/wp-json\/wp\/v2\/types\/product"}],"replies":[{"embeddable":true,"href":"https:\/\/brandss.com.py\/index\/wp-json\/wp\/v2\/comments?post=89560"}],"version-history":[{"count":5,"href":"https:\/\/brandss.com.py\/index\/wp-json\/wp\/v2\/product\/89560\/revisions"}],"predecessor-version":[{"id":89601,"href":"https:\/\/brandss.com.py\/index\/wp-json\/wp\/v2\/product\/89560\/revisions\/89601"}],"wp:featuredmedia":[{"embeddable":true,"href":"https:\/\/brandss.com.py\/index\/wp-json\/wp\/v2\/media\/89561"}],"wp:attachment":[{"href":"https:\/\/brandss.com.py\/index\/wp-json\/wp\/v2\/media?parent=89560"}],"wp:term":[{"taxonomy":"product_brand","embeddable":true,"href":"https:\/\/brandss.com.py\/index\/wp-json\/wp\/v2\/product_brand?post=89560"},{"taxonomy":"product_cat","embeddable":true,"href":"https:\/\/brandss.com.py\/index\/wp-json\/wp\/v2\/product_cat?post=89560"},{"taxonomy":"product_tag","embeddable":true,"href":"https:\/\/brandss.com.py\/index\/wp-json\/wp\/v2\/product_tag?post=89560"}],"curies":[{"name":"wp","href":"https:\/\/api.w.org\/{rel}","templated":true}]}}