{"id":89575,"date":"2025-09-03T13:30:09","date_gmt":"2025-09-03T13:30:09","guid":{"rendered":"https:\/\/brandss.com.py\/index\/?post_type=product&#038;p=89575"},"modified":"2026-03-18T10:06:50","modified_gmt":"2026-03-18T10:06:50","slug":"perfume-unisex-lattafa-pride-al-qiam-gold-edp-100ml","status":"publish","type":"product","link":"https:\/\/brandss.com.py\/index\/producto\/perfume-unisex-lattafa-pride-al-qiam-gold-edp-100ml\/","title":{"rendered":"PERFUME UNISEX LATTAFA PRIDE AL QIAM GOLD EDP 100ML"},"content":{"rendered":"<p><img loading=\"lazy\" decoding=\"async\" class=\"\" src=\"https:\/\/myscentjourney.s3.us-east-2.amazonaws.com\/2022\/02\/14\/29KIascent_j_marca_1644871114_202.png\" alt=\"MSJ::LATTAFA\" width=\"93\" height=\"110\" \/><\/p>\n<h1>PRIDE AL QIAM GOLD<\/h1>\n<p>Es una fragancia unisex que encarna elegancia y sofisticaci\u00f3n, rompiendo las normas tradicionales de g\u00e9nero con su atractivo universal. Lanzada en 2022, este Eau de Parfum ofrece una mezcla \u00fanica de notas amaderadas y especiadas que la convierten en una opci\u00f3n ideal tanto para hombres como para mujeres.<img loading=\"lazy\" decoding=\"async\" class=\"alignleft\" src=\"https:\/\/lapetisquera.com.py\/wp-content\/uploads\/sites\/3\/2025\/07\/P1850416_1.png\" width=\"692\" height=\"692\" \/><\/p>\n<p>Al Qiam Gold es perfecto para quienes buscan un perfume que destaque por su durabilidad y proyecci\u00f3n. Su combinaci\u00f3n de notas amaderadas y especiadas lo hace ideal para cualquier ocasi\u00f3n, desde eventos formales hasta el uso diario. La fragancia logra un equilibrio entre dulzura y profundidad, creando una experiencia olfativa que se adapta a diferentes personalidades y estilos.<\/p>\n<p>Al Qiam Gold se presenta en un elegante frasco dorado, reflejando el lujo y la sofisticaci\u00f3n que Lattafa Pride infunde en sus creaciones. Su perfil olfativo lo convierte en una joya dentro del mundo de la perfumer\u00eda, evocando una sensaci\u00f3n de opulencia y refinamiento.<\/p>\n<p>&nbsp;<\/p>\n<h3>Notas Olfativas<\/h3>\n<p>&nbsp;<\/p>\n<p>La apertura del perfume Lattafa Al Qiam Gold es una combinaci\u00f3n ex\u00f3tica de azafr\u00e1n y frambuesa, que proporciona un comienzo dulce y especiado, lleno de vitalidad y frescura. En el coraz\u00f3n de la fragancia Al Qiam Gold encontramos pachul\u00ed y cuero. Estas notas medias aportan una profundidad c\u00e1lida y terrosa, realzando la riqueza y la complejidad del perfume. La base est\u00e1 compuesta por una mezcla armoniosa de \u00e1mbar, oud, madera de guayaco, vetiver y benju\u00ed. Estas notas de fondo ofrecen una estela duradera y envolvente, caracterizada por su calidez y sensualidad.<\/p>\n<p>El perfume <span dir=\"ltr\" lang=\"es-MX\">Pride Al Qiam Gold<\/span>\u00a0es una fragancia de la familia olfativa\u00a0o<span dir=\"ltr\" lang=\"es-MX\">riental amaderada<\/span>\u00a0para mujeres y hombres.\u00a0Con una concentraci\u00f3n del tipo Eau de Parfum, ofrece una duradera y alta intensidad arom\u00e1tica en la piel. Sus notas est\u00e1n compuestas por los siguientes ingredientes.<\/p>\n<ul>\n<li><span><span dir=\"ltr\" lang=\"es-MX\"><strong>Notas de salida:<\/strong><\/span><\/span>\u00a0<span dir=\"ltr\" lang=\"es-MX\">A<\/span><span><span dir=\"ltr\" lang=\"es-MX\">zafr\u00e1n, frambuesa.<\/span><\/span><\/li>\n<li><strong>Nota<\/strong><span dir=\"ltr\" lang=\"es-MX\"><strong>s<\/strong><\/span><strong>\u00a0de coraz\u00f3n:<\/strong>\u00a0<span dir=\"ltr\" lang=\"es-MX\">P<\/span>achul\u00ed, cuero.<\/li>\n<li><strong>Notas de fondo:<\/strong>\u00a0<span dir=\"ltr\" lang=\"es-MX\">\u00c1<\/span>mbar, oud, madera de guayaco, vetiver<span dir=\"ltr\" lang=\"es-MX\">\u00a0y\u00a0<\/span>benju\u00ed.<\/li>\n<\/ul>\n","protected":false},"excerpt":{"rendered":"<p>PRIDE AL QIAM GOLD Es una fragancia unisex que encarna elegancia y sofisticaci\u00f3n, rompiendo las normas tradicionales de g\u00e9nero con<\/p>\n","protected":false},"featured_media":89576,"comment_status":"open","ping_status":"closed","template":"","meta":{"nf_dc_page":""},"product_brand":[109],"product_cat":[84],"product_tag":[614],"class_list":{"0":"post-89575","1":"product","2":"type-product","3":"status-publish","4":"has-post-thumbnail","6":"product_brand-lattafa","7":"product_cat-perfumeria","8":"product_tag-614","10":"first","11":"instock","12":"shipping-taxable","13":"purchasable","14":"product-type-simple"},"_links":{"self":[{"href":"https:\/\/brandss.com.py\/index\/wp-json\/wp\/v2\/product\/89575","targetHints":{"allow":["GET"]}}],"collection":[{"href":"https:\/\/brandss.com.py\/index\/wp-json\/wp\/v2\/product"}],"about":[{"href":"https:\/\/brandss.com.py\/index\/wp-json\/wp\/v2\/types\/product"}],"replies":[{"embeddable":true,"href":"https:\/\/brandss.com.py\/index\/wp-json\/wp\/v2\/comments?post=89575"}],"version-history":[{"count":1,"href":"https:\/\/brandss.com.py\/index\/wp-json\/wp\/v2\/product\/89575\/revisions"}],"predecessor-version":[{"id":89582,"href":"https:\/\/brandss.com.py\/index\/wp-json\/wp\/v2\/product\/89575\/revisions\/89582"}],"wp:featuredmedia":[{"embeddable":true,"href":"https:\/\/brandss.com.py\/index\/wp-json\/wp\/v2\/media\/89576"}],"wp:attachment":[{"href":"https:\/\/brandss.com.py\/index\/wp-json\/wp\/v2\/media?parent=89575"}],"wp:term":[{"taxonomy":"product_brand","embeddable":true,"href":"https:\/\/brandss.com.py\/index\/wp-json\/wp\/v2\/product_brand?post=89575"},{"taxonomy":"product_cat","embeddable":true,"href":"https:\/\/brandss.com.py\/index\/wp-json\/wp\/v2\/product_cat?post=89575"},{"taxonomy":"product_tag","embeddable":true,"href":"https:\/\/brandss.com.py\/index\/wp-json\/wp\/v2\/product_tag?post=89575"}],"curies":[{"name":"wp","href":"https:\/\/api.w.org\/{rel}","templated":true}]}}