{"id":89587,"date":"2025-09-03T14:33:30","date_gmt":"2025-09-03T14:33:30","guid":{"rendered":"https:\/\/brandss.com.py\/index\/?post_type=product&#038;p=89587"},"modified":"2025-09-24T14:23:38","modified_gmt":"2025-09-24T14:23:38","slug":"perfume-femenino-onlyou-n813-edp-100ml","status":"publish","type":"product","link":"https:\/\/brandss.com.py\/index\/producto\/perfume-femenino-onlyou-n813-edp-100ml\/","title":{"rendered":"PERFUME FEMENINO ONLYOU COLLECTION N\u00b0813 EDP 100ML"},"content":{"rendered":"<h1><img loading=\"lazy\" decoding=\"async\" class=\"\" src=\"https:\/\/cdn.aromastore.com.py\/upload\/brand\/onlyou-collection.png\" alt=\"Aroma Store\" width=\"162\" height=\"162\" \/><\/h1>\n<h2>CHANEL CHANCE INSPIRACI\u00d3N<\/h2>\n<p><span dir=\"auto\">Emb\u00e1rcate en un viaje fragante con\u00a0<strong>ONLYOU No. 813 Eau De Parfum<\/strong>\u00a0, una fragancia cautivadora, meticulosamente elaborada para la mujer moderna por\u00a0<strong>ONLYOU Perfume<\/strong>\u00a0. <\/span><\/p>\n<p><span dir=\"auto\">Este perfume ofrece una experiencia olfativa \u00fanica inspirada en el vigorizante\u00a0<strong>Chance Eau Vive de Chanel<\/strong>\u00a0.<\/span><\/p>\n<p><span dir=\"auto\">Las notas de salida de naranja sanguina, pomelo y c\u00edtricos crean una entrada refrescante y c\u00edtrica, preparando el terreno para una experiencia arom\u00e1tica que encarna la esencia del verano y la primavera. Esta vibrante mezcla captura el esp\u00edritu de estas estaciones, convirtiendo\u00a0<strong>a ONLYOU No. 813<\/strong>\u00a0en la opci\u00f3n ideal para quienes buscan un aroma que refleje la vitalidad y la efervescencia del clima c\u00e1lido.<\/span><\/p>\n<p><span dir=\"auto\">En el coraz\u00f3n de este\u00a0<strong>Eau de Parfum<\/strong>\u00a0se encuentra la delicada mezcla de jazm\u00edn y almizcle blanco. Estas notas medias contribuyen al car\u00e1cter floral y almizclado de la fragancia, creando un conjunto armonioso, elegante y atemporal. La cuidada combinaci\u00f3n de notas refleja la familia de fragancias\u00a0<strong>Floral Amaderada Almizcle<\/strong>\u00a0, una categor\u00eda cl\u00e1sica y vers\u00e1til que irradia feminidad con un toque de calidez.<\/span><\/p>\n<p><span dir=\"auto\">A medida que la\u00a0<strong>fragancia<\/strong>\u00a0se asienta, emergen las notas de fondo de vetiver, cedro e iris, dejando una estela sutil y duradera. Estos elementos aportan profundidad y complejidad al perfume, garantizando que ONLYOU No. 813 sea no solo refrescante, sino tambi\u00e9n duradero.<\/span><\/p>\n<p><span dir=\"auto\">Presentado en un pr\u00e1ctico formato de 30 ml, este Eau de Parfum es perfecto para quienes aprecian una fragancia sutil pero distintiva. Su vaporizador en spray garantiza una aplicaci\u00f3n natural y uniforme, permitiendo disfrutar de todo el espectro de ONLYOU No. 813.<\/span><\/p>\n<p><span dir=\"auto\">M\u00e1s que una simple fragancia,\u00a0<strong>ONLYOU No. 813<\/strong>\u00a0es una expresi\u00f3n de individualidad y estilo. Sum\u00e9rgete en la refrescante mezcla de naranja sanguina, pomelo, c\u00edtricos, jazm\u00edn, almizcle blanco, vetiver, cedro e iris, encapsulada en este perfume de exquisita elaboraci\u00f3n. Deja que esta fragancia sea el complemento perfecto para tu vivacidad y gracia, personificando la esencia de la feminidad moderna.<\/span><\/p>\n<h3><strong><span dir=\"auto\">Notas de fragancia<\/span><\/strong><\/h3>\n<p><strong><span dir=\"auto\">Notas de salida<\/span><\/strong><span dir=\"auto\">\u00a0: naranja sanguina, pomelo, c\u00edtricos<\/span><\/p>\n<p><strong><span dir=\"auto\">Notas medias<\/span><\/strong><span dir=\"auto\">\u00a0: jazm\u00edn, almizcle blanco<\/span><\/p>\n<p><strong><span dir=\"auto\">Notas de fondo<\/span><\/strong><span dir=\"auto\">\u00a0: vetiver, cedro, iris<\/span><\/p>\n<p>&nbsp;<\/p>\n","protected":false},"excerpt":{"rendered":"<p>CHANEL CHANCE INSPIRACI\u00d3N Emb\u00e1rcate en un viaje fragante con\u00a0ONLYOU No. 813 Eau De Parfum\u00a0, una fragancia cautivadora, meticulosamente elaborada para<\/p>\n","protected":false},"featured_media":89619,"comment_status":"open","ping_status":"closed","template":"","meta":{"nf_dc_page":""},"product_brand":[],"product_cat":[84],"product_tag":[],"class_list":{"0":"post-89587","1":"product","2":"type-product","3":"status-publish","4":"has-post-thumbnail","6":"product_cat-perfumeria","8":"first","9":"instock","10":"shipping-taxable","11":"purchasable","12":"product-type-simple"},"_links":{"self":[{"href":"https:\/\/brandss.com.py\/index\/wp-json\/wp\/v2\/product\/89587","targetHints":{"allow":["GET"]}}],"collection":[{"href":"https:\/\/brandss.com.py\/index\/wp-json\/wp\/v2\/product"}],"about":[{"href":"https:\/\/brandss.com.py\/index\/wp-json\/wp\/v2\/types\/product"}],"replies":[{"embeddable":true,"href":"https:\/\/brandss.com.py\/index\/wp-json\/wp\/v2\/comments?post=89587"}],"version-history":[{"count":2,"href":"https:\/\/brandss.com.py\/index\/wp-json\/wp\/v2\/product\/89587\/revisions"}],"predecessor-version":[{"id":89596,"href":"https:\/\/brandss.com.py\/index\/wp-json\/wp\/v2\/product\/89587\/revisions\/89596"}],"wp:featuredmedia":[{"embeddable":true,"href":"https:\/\/brandss.com.py\/index\/wp-json\/wp\/v2\/media\/89619"}],"wp:attachment":[{"href":"https:\/\/brandss.com.py\/index\/wp-json\/wp\/v2\/media?parent=89587"}],"wp:term":[{"taxonomy":"product_brand","embeddable":true,"href":"https:\/\/brandss.com.py\/index\/wp-json\/wp\/v2\/product_brand?post=89587"},{"taxonomy":"product_cat","embeddable":true,"href":"https:\/\/brandss.com.py\/index\/wp-json\/wp\/v2\/product_cat?post=89587"},{"taxonomy":"product_tag","embeddable":true,"href":"https:\/\/brandss.com.py\/index\/wp-json\/wp\/v2\/product_tag?post=89587"}],"curies":[{"name":"wp","href":"https:\/\/api.w.org\/{rel}","templated":true}]}}