{"id":89598,"date":"2025-09-03T14:48:28","date_gmt":"2025-09-03T14:48:28","guid":{"rendered":"https:\/\/brandss.com.py\/index\/?post_type=product&#038;p=89598"},"modified":"2026-03-16T17:45:21","modified_gmt":"2026-03-16T17:45:21","slug":"perfume-unisex-al-wataniah-watani-noir-edp-100ml","status":"publish","type":"product","link":"https:\/\/brandss.com.py\/index\/producto\/perfume-unisex-al-wataniah-watani-noir-edp-100ml\/","title":{"rendered":"PERFUME UNISEX AL WATANIAH WATANI NOIR EDP 100ML"},"content":{"rendered":"<p><img loading=\"lazy\" decoding=\"async\" class=\"\" src=\"https:\/\/encrypted-tbn0.gstatic.com\/images?q=tbn:ANd9GcTZxf4M7TAbnjGvlsN_ihYlAJt7l3yucNv8ig&amp;s\" alt=\"Al Wataniah \u00b7 Trending Corporate\" width=\"88\" height=\"85\" \/><\/p>\n<h1>WATANI NOIR<\/h1>\n<p>Es una fragancia \u00e1rabe de autor que exhala poder y elegancia. Dise\u00f1ada para quienes buscan dejar una huella profunda, combina notas ex\u00f3ticas con un car\u00e1cter c\u00e1lido y envolvente, ideal para noches especiales y temporadas fr\u00edas. Watani Noir representa el equilibrio perfecto entre lo cl\u00e1sico y lo contempor\u00e1neo, una opci\u00f3n inconfundible para quienes buscan destacar con elegancia y firmeza.<\/p>\n<p><img loading=\"lazy\" decoding=\"async\" class=\"alignleft\" src=\"https:\/\/www.atlanticoshop.com.py\/image\/catalog\/armaf\/al%20watani%20noir%20desc-1%20esp.png\" width=\"505\" height=\"505\" \/><\/p>\n<h3>Notas Olfativas<\/h3>\n<p>&nbsp;<\/p>\n<div class=\"custom-text-content\">\n<p>Watani Noir es un perfume que combina la frescura inicial de los c\u00edtricos y las especias con un coraz\u00f3n floral y cuero que es tanto audaz como elegante. La base amaderada y almizclada refuerza la profundidad, haci\u00e9ndolo ideal para quienes buscan una fragancia vers\u00e1til que destaca en ocasiones especiales o para uso nocturno. Su equilibrio entre notas frescas, florales y profundas lo convierte en una experiencia olfativa bien estructurada y memorable.<\/p>\n<p>El perfume Watani Noir de Al Wataniah es una fragancia floral amaderada para hombres y mujeres.<\/p>\n<ul>\n<li><strong>Notas de salida:<\/strong> Azafr\u00e1n, geranio, bergamota.<\/li>\n<li><strong>Notas de coraz\u00f3n:<\/strong> Rosa, notas de cuero, lirio de los valles.<\/li>\n<li><strong>Notas de fondo:<\/strong> Oud, almizcle, notas amaderadas.<\/li>\n<\/ul>\n<\/div>\n","protected":false},"excerpt":{"rendered":"<p>WATANI NOIR Es una fragancia \u00e1rabe de autor que exhala poder y elegancia. Dise\u00f1ada para quienes buscan dejar una huella<\/p>\n","protected":false},"featured_media":89603,"comment_status":"open","ping_status":"closed","template":"","meta":{"nf_dc_page":""},"product_brand":[105],"product_cat":[84],"product_tag":[575],"class_list":{"0":"post-89598","1":"product","2":"type-product","3":"status-publish","4":"has-post-thumbnail","6":"product_brand-al-wataniah","7":"product_cat-perfumeria","8":"product_tag-575","10":"first","11":"instock","12":"shipping-taxable","13":"purchasable","14":"product-type-simple"},"_links":{"self":[{"href":"https:\/\/brandss.com.py\/index\/wp-json\/wp\/v2\/product\/89598","targetHints":{"allow":["GET"]}}],"collection":[{"href":"https:\/\/brandss.com.py\/index\/wp-json\/wp\/v2\/product"}],"about":[{"href":"https:\/\/brandss.com.py\/index\/wp-json\/wp\/v2\/types\/product"}],"replies":[{"embeddable":true,"href":"https:\/\/brandss.com.py\/index\/wp-json\/wp\/v2\/comments?post=89598"}],"version-history":[{"count":1,"href":"https:\/\/brandss.com.py\/index\/wp-json\/wp\/v2\/product\/89598\/revisions"}],"predecessor-version":[{"id":89607,"href":"https:\/\/brandss.com.py\/index\/wp-json\/wp\/v2\/product\/89598\/revisions\/89607"}],"wp:featuredmedia":[{"embeddable":true,"href":"https:\/\/brandss.com.py\/index\/wp-json\/wp\/v2\/media\/89603"}],"wp:attachment":[{"href":"https:\/\/brandss.com.py\/index\/wp-json\/wp\/v2\/media?parent=89598"}],"wp:term":[{"taxonomy":"product_brand","embeddable":true,"href":"https:\/\/brandss.com.py\/index\/wp-json\/wp\/v2\/product_brand?post=89598"},{"taxonomy":"product_cat","embeddable":true,"href":"https:\/\/brandss.com.py\/index\/wp-json\/wp\/v2\/product_cat?post=89598"},{"taxonomy":"product_tag","embeddable":true,"href":"https:\/\/brandss.com.py\/index\/wp-json\/wp\/v2\/product_tag?post=89598"}],"curies":[{"name":"wp","href":"https:\/\/api.w.org\/{rel}","templated":true}]}}