{"id":89620,"date":"2025-09-03T17:42:32","date_gmt":"2025-09-03T17:42:32","guid":{"rendered":"https:\/\/brandss.com.py\/index\/?post_type=product&#038;p=89620"},"modified":"2025-12-02T11:49:04","modified_gmt":"2025-12-02T11:49:04","slug":"perfume-femenino-ard-al-zaafaran-al-ghala-edp-100ml","status":"publish","type":"product","link":"https:\/\/brandss.com.py\/index\/producto\/perfume-femenino-ard-al-zaafaran-al-ghala-edp-100ml\/","title":{"rendered":"PERFUME FEMENINO ARD AL ZAAFARAN AL GHALA EDP 100ML"},"content":{"rendered":"<p><img loading=\"lazy\" decoding=\"async\" class=\"\" src=\"https:\/\/fimgs.net\/mdimg\/dizajneri\/m.2917.jpg\" alt=\"Oudi Ard Al Zaafaran fragancia - una fragancia para Hombres y Mujeres 2016\" width=\"103\" height=\"103\" \/><\/p>\n<h1>AL GHALA<\/h1>\n<p><span dir=\"auto\">El perfume es una fragancia oriental c\u00e1lida y floral para mujer. Con toques orientales y un fondo amaderado que resaltan presencia, elegancia y car\u00e1cter en cada aplicaci\u00f3n, el perfume Ard Al Zaafaran Al Ghala ofrece una fragancia intensa y sofisticada.<\/span><\/p>\n<p>&nbsp;<\/p>\n<h3>Notas Olfativas<\/h3>\n<p><span dir=\"auto\">Al Ghala se abre con una ligera nota de salida de aldeh\u00eddos, notas florales y frutales. <\/span><span dir=\"auto\">En el coraz\u00f3n, vainilla, almizcle blanco y cuero. <\/span><span dir=\"auto\">Las maderas y el \u00e1mbar gris completan el perfume a la perfecci\u00f3n. <\/span><span dir=\"auto\">Una fragancia maravillosamente suave y polvorienta con toques de vainilla y cuero, ideal para cualquier ocasi\u00f3n. <\/span><\/p>\n<p><span dir=\"auto\"><strong>Notas de salida:<\/strong> aldeh\u00eddos, notas florales, frutas. <\/span><\/p>\n<p><span dir=\"auto\"><strong>Notas de coraz\u00f3n:<\/strong> vainilla, cuero, almizcle blanco. <\/span><\/p>\n<p><span dir=\"auto\"><strong>Notas de fondo:<\/strong> maderas, \u00e1mbar gris.<\/span><\/p>\n","protected":false},"excerpt":{"rendered":"<p>AL GHALA El perfume es una fragancia oriental c\u00e1lida y floral para mujer. Con toques orientales y un fondo amaderado<\/p>\n","protected":false},"featured_media":89623,"comment_status":"open","ping_status":"closed","template":"","meta":{"nf_dc_page":""},"product_brand":[110],"product_cat":[84],"product_tag":[578],"class_list":{"0":"post-89620","1":"product","2":"type-product","3":"status-publish","4":"has-post-thumbnail","6":"product_brand-ard-al-zaafaran","7":"product_cat-perfumeria","8":"product_tag-578","10":"first","11":"instock","12":"shipping-taxable","13":"purchasable","14":"product-type-simple"},"_links":{"self":[{"href":"https:\/\/brandss.com.py\/index\/wp-json\/wp\/v2\/product\/89620","targetHints":{"allow":["GET"]}}],"collection":[{"href":"https:\/\/brandss.com.py\/index\/wp-json\/wp\/v2\/product"}],"about":[{"href":"https:\/\/brandss.com.py\/index\/wp-json\/wp\/v2\/types\/product"}],"replies":[{"embeddable":true,"href":"https:\/\/brandss.com.py\/index\/wp-json\/wp\/v2\/comments?post=89620"}],"version-history":[{"count":1,"href":"https:\/\/brandss.com.py\/index\/wp-json\/wp\/v2\/product\/89620\/revisions"}],"predecessor-version":[{"id":89627,"href":"https:\/\/brandss.com.py\/index\/wp-json\/wp\/v2\/product\/89620\/revisions\/89627"}],"wp:featuredmedia":[{"embeddable":true,"href":"https:\/\/brandss.com.py\/index\/wp-json\/wp\/v2\/media\/89623"}],"wp:attachment":[{"href":"https:\/\/brandss.com.py\/index\/wp-json\/wp\/v2\/media?parent=89620"}],"wp:term":[{"taxonomy":"product_brand","embeddable":true,"href":"https:\/\/brandss.com.py\/index\/wp-json\/wp\/v2\/product_brand?post=89620"},{"taxonomy":"product_cat","embeddable":true,"href":"https:\/\/brandss.com.py\/index\/wp-json\/wp\/v2\/product_cat?post=89620"},{"taxonomy":"product_tag","embeddable":true,"href":"https:\/\/brandss.com.py\/index\/wp-json\/wp\/v2\/product_tag?post=89620"}],"curies":[{"name":"wp","href":"https:\/\/api.w.org\/{rel}","templated":true}]}}