{"id":89628,"date":"2025-09-03T17:57:17","date_gmt":"2025-09-03T17:57:17","guid":{"rendered":"https:\/\/brandss.com.py\/index\/?post_type=product&#038;p=89628"},"modified":"2025-10-07T18:28:33","modified_gmt":"2025-10-07T18:28:33","slug":"perfume-femenino-ard-al-zaafaran-ameerat-al-arab-edp-50ml","status":"publish","type":"product","link":"https:\/\/brandss.com.py\/index\/producto\/perfume-femenino-ard-al-zaafaran-ameerat-al-arab-edp-50ml\/","title":{"rendered":"PERFUME FEMENINO ARD AL ZAAFARAN AMEERAT AL ARAB EDP 50ML"},"content":{"rendered":"<p><img loading=\"lazy\" decoding=\"async\" class=\"\" src=\"https:\/\/fimgs.net\/mdimg\/dizajneri\/m.2917.jpg\" alt=\"Oudi Ard Al Zaafaran fragancia - una fragancia para Hombres y Mujeres 2016\" width=\"89\" height=\"89\" \/><\/p>\n<h1>AMEERAT AL ARAB<\/h1>\n<p><span dir=\"auto\">Est\u00e1 inspirada en el arte de la seducci\u00f3n. <\/span><span dir=\"auto\">Esta fragancia floral oriental para mujeres est\u00e1 dise\u00f1ada para despertar un poder seductor oculto que envuelve a la mujer que la usa con un encanto cautivador. <\/span><span dir=\"auto\">El aroma es irresistiblemente atractivo y fascinante. Es incre\u00edblemente incre\u00edble. Impregna cualquier ambiente y florece. Aprovecha y anuncia tu llegada dondequiera que vayas.<\/span><\/p>\n<p><img loading=\"lazy\" decoding=\"async\" class=\"alignleft\" src=\"https:\/\/www.opulensi.com\/cdn\/shop\/files\/imagewith_notes.jpg?v=1744916447&amp;width=1445\" width=\"499\" height=\"499\" \/><\/p>\n<h3>\nNotas Olfativas<\/h3>\n<p>&nbsp;<\/p>\n<p><span dir=\"auto\">La fragancia se abre con la frescura de la bergamota c\u00edtrica y el cardamomo mentolado, que se transforman en notas de coraz\u00f3n de almizcle blanco conmovedor y tierno, flores y la pureza del aloe vera.<\/span><\/p>\n<p><span dir=\"auto\">En la base, todo est\u00e1 bellamente mezclado y profundizado por el irresistible jazm\u00edn, el seductor \u00e1mbar, las c\u00e1lidas notas amaderadas y el oud equilibrado con un toque de lirio.<\/span><\/p>\n<p><span dir=\"auto\">Ameerat Al Arab (Princesa de Arabia) posee aromas \u00e1rabes \u00fanicos, un aroma duradero y una elegancia indescriptible. <\/span><\/p>\n<p><span dir=\"auto\">Una fragancia contempor\u00e1nea y moderna para la vida moderna. Dise\u00f1o elegante e incre\u00edble.<\/span><\/p>\n<p><span dir=\"auto\"> A\u00f1ada un toque de sobriedad y elegancia a su estilo de vida actual.<\/span><\/p>\n<ul>\n<li class=\"textbody\"><strong><span dir=\"auto\">Notas de salida:<\/span><\/strong><span dir=\"auto\">\u00a0Uvas, naranja, albahaca, cardamomo, menta.<\/span><\/li>\n<li class=\"textbody\"><strong><span dir=\"auto\">Notas de coraz\u00f3n:<\/span><\/strong><span dir=\"auto\"> Almizcle blanco, aloe vera, jazm\u00edn, lavanda, ylang-ylang, madreselva.<\/span><\/li>\n<li class=\"textbody\"><strong><span dir=\"auto\">Notas de fondo:<\/span><\/strong><span dir=\"auto\">\u00a0S\u00e1ndalo, azafr\u00e1n, lirio, oud, haba tonka, \u00e1mbar, pimienta.<\/span><\/li>\n<\/ul>\n","protected":false},"excerpt":{"rendered":"<p>AMEERAT AL ARAB Est\u00e1 inspirada en el arte de la seducci\u00f3n. Esta fragancia floral oriental para mujeres est\u00e1 dise\u00f1ada para<\/p>\n","protected":false},"featured_media":89629,"comment_status":"open","ping_status":"closed","template":"","meta":{"nf_dc_page":""},"product_brand":[110],"product_cat":[84],"product_tag":[514],"class_list":{"0":"post-89628","1":"product","2":"type-product","3":"status-publish","4":"has-post-thumbnail","6":"product_brand-ard-al-zaafaran","7":"product_cat-perfumeria","8":"product_tag-514","10":"first","11":"instock","12":"shipping-taxable","13":"purchasable","14":"product-type-simple"},"_links":{"self":[{"href":"https:\/\/brandss.com.py\/index\/wp-json\/wp\/v2\/product\/89628","targetHints":{"allow":["GET"]}}],"collection":[{"href":"https:\/\/brandss.com.py\/index\/wp-json\/wp\/v2\/product"}],"about":[{"href":"https:\/\/brandss.com.py\/index\/wp-json\/wp\/v2\/types\/product"}],"replies":[{"embeddable":true,"href":"https:\/\/brandss.com.py\/index\/wp-json\/wp\/v2\/comments?post=89628"}],"version-history":[{"count":1,"href":"https:\/\/brandss.com.py\/index\/wp-json\/wp\/v2\/product\/89628\/revisions"}],"predecessor-version":[{"id":89633,"href":"https:\/\/brandss.com.py\/index\/wp-json\/wp\/v2\/product\/89628\/revisions\/89633"}],"wp:featuredmedia":[{"embeddable":true,"href":"https:\/\/brandss.com.py\/index\/wp-json\/wp\/v2\/media\/89629"}],"wp:attachment":[{"href":"https:\/\/brandss.com.py\/index\/wp-json\/wp\/v2\/media?parent=89628"}],"wp:term":[{"taxonomy":"product_brand","embeddable":true,"href":"https:\/\/brandss.com.py\/index\/wp-json\/wp\/v2\/product_brand?post=89628"},{"taxonomy":"product_cat","embeddable":true,"href":"https:\/\/brandss.com.py\/index\/wp-json\/wp\/v2\/product_cat?post=89628"},{"taxonomy":"product_tag","embeddable":true,"href":"https:\/\/brandss.com.py\/index\/wp-json\/wp\/v2\/product_tag?post=89628"}],"curies":[{"name":"wp","href":"https:\/\/api.w.org\/{rel}","templated":true}]}}