{"id":89637,"date":"2025-09-03T18:13:45","date_gmt":"2025-09-03T18:13:45","guid":{"rendered":"https:\/\/brandss.com.py\/index\/?post_type=product&#038;p=89637"},"modified":"2025-09-26T12:09:38","modified_gmt":"2025-09-26T12:09:38","slug":"perfume-femenino-ard-al-zaafaran-bint-hooran-gold-edp-100ml","status":"publish","type":"product","link":"https:\/\/brandss.com.py\/index\/producto\/perfume-femenino-ard-al-zaafaran-bint-hooran-gold-edp-100ml\/","title":{"rendered":"PERFUME FEMENINO ARD AL ZAAFARAN BINT HOORAN GOLD EDP 100ML"},"content":{"rendered":"<p><img loading=\"lazy\" decoding=\"async\" class=\"\" src=\"https:\/\/fimgs.net\/mdimg\/dizajneri\/m.2917.jpg\" alt=\"Oudi Ard Al Zaafaran fragancia - una fragancia para Hombres y Mujeres 2016\" width=\"87\" height=\"87\" \/><\/p>\n<h1>BINT HOORAN GOLD<\/h1>\n<p>Sum\u00e9rgete en el cautivador mundo de Bint Hooran, un Eau de Parfum que encarna la elegancia y el poder de las fragancias orientales para mujer. D\u00e9jate seducir por el encanto de Bint Hooran, una sofisticada fragancia oriental que define tu estilo con intensidad y elegancia. Para una experiencia olfativa completa.<\/p>\n<p><img loading=\"lazy\" decoding=\"async\" class=\"alignleft\" src=\"https:\/\/opux.co.uk\/cdn\/shop\/files\/ard_al_zaafaran_bint_hooran.webp?v=1753783660&amp;width=2048\" width=\"506\" height=\"506\" \/><\/p>\n<h3>Notas Olfativas<\/h3>\n<p>Desde las primeras notas, un c\u00f3ctel chispeante de cilantro, cipr\u00e9s, lim\u00f3n y mandarina aporta una vibrante frescura. El coraz\u00f3n floral y especiado combina nuez moscada, geranio, azafr\u00e1n, loto azul, lirio de los valles y canela, revelando una intensa riqueza sensorial. El fondo c\u00e1lido y amaderado combina almizcle, tabaco, vetiver, \u00e1mbar, s\u00e1ndalo y cedro para una fragancia duradera e inolvidable. Esta fragancia es ideal para mujeres con car\u00e1cter que buscan una fragancia impactante, perfecta para estaciones frescas y noches elegantes.<\/p>\n<p>&nbsp;<\/p>\n<ul>\n<li><strong><span dir=\"auto\">Notas de salida:<\/span><\/strong><span dir=\"auto\">\u00a0cilantro, cipr\u00e9s, lim\u00f3n, mandarina, salvia, bergamota.<\/span><\/li>\n<li><strong><span dir=\"auto\">Notas de coraz\u00f3n:<\/span><\/strong><span dir=\"auto\">\u00a0Nuez moscada, geranio, azafr\u00e1n, loto azul, lirio de los valles, canela.<\/span><\/li>\n<li><strong><span dir=\"auto\">Notas de fondo:<\/span><\/strong><span dir=\"auto\">\u00a0Almizcle, tabaco, vetiver, \u00e1mbar, s\u00e1ndalo, cedro.<\/span><\/li>\n<\/ul>\n","protected":false},"excerpt":{"rendered":"<p>BINT HOORAN GOLD Sum\u00e9rgete en el cautivador mundo de Bint Hooran, un Eau de Parfum que encarna la elegancia y<\/p>\n","protected":false},"featured_media":89640,"comment_status":"open","ping_status":"closed","template":"","meta":{"nf_dc_page":""},"product_brand":[110],"product_cat":[84],"product_tag":[579],"class_list":{"0":"post-89637","1":"product","2":"type-product","3":"status-publish","4":"has-post-thumbnail","6":"product_brand-ard-al-zaafaran","7":"product_cat-perfumeria","8":"product_tag-579","10":"first","11":"instock","12":"shipping-taxable","13":"purchasable","14":"product-type-simple"},"_links":{"self":[{"href":"https:\/\/brandss.com.py\/index\/wp-json\/wp\/v2\/product\/89637","targetHints":{"allow":["GET"]}}],"collection":[{"href":"https:\/\/brandss.com.py\/index\/wp-json\/wp\/v2\/product"}],"about":[{"href":"https:\/\/brandss.com.py\/index\/wp-json\/wp\/v2\/types\/product"}],"replies":[{"embeddable":true,"href":"https:\/\/brandss.com.py\/index\/wp-json\/wp\/v2\/comments?post=89637"}],"version-history":[{"count":1,"href":"https:\/\/brandss.com.py\/index\/wp-json\/wp\/v2\/product\/89637\/revisions"}],"predecessor-version":[{"id":89644,"href":"https:\/\/brandss.com.py\/index\/wp-json\/wp\/v2\/product\/89637\/revisions\/89644"}],"wp:featuredmedia":[{"embeddable":true,"href":"https:\/\/brandss.com.py\/index\/wp-json\/wp\/v2\/media\/89640"}],"wp:attachment":[{"href":"https:\/\/brandss.com.py\/index\/wp-json\/wp\/v2\/media?parent=89637"}],"wp:term":[{"taxonomy":"product_brand","embeddable":true,"href":"https:\/\/brandss.com.py\/index\/wp-json\/wp\/v2\/product_brand?post=89637"},{"taxonomy":"product_cat","embeddable":true,"href":"https:\/\/brandss.com.py\/index\/wp-json\/wp\/v2\/product_cat?post=89637"},{"taxonomy":"product_tag","embeddable":true,"href":"https:\/\/brandss.com.py\/index\/wp-json\/wp\/v2\/product_tag?post=89637"}],"curies":[{"name":"wp","href":"https:\/\/api.w.org\/{rel}","templated":true}]}}