{"id":89647,"date":"2025-09-03T18:37:21","date_gmt":"2025-09-03T18:37:21","guid":{"rendered":"https:\/\/brandss.com.py\/index\/?post_type=product&#038;p=89647"},"modified":"2025-12-02T11:53:13","modified_gmt":"2025-12-02T11:53:13","slug":"perfume-masculino-ard-al-zaafaran-intesaar-edp-100ml","status":"publish","type":"product","link":"https:\/\/brandss.com.py\/index\/producto\/perfume-masculino-ard-al-zaafaran-intesaar-edp-100ml\/","title":{"rendered":"PERFUME MASCULINO ARD AL ZAAFARAN INTESAAR EDP 100ML"},"content":{"rendered":"<p><img loading=\"lazy\" decoding=\"async\" class=\"\" src=\"https:\/\/fimgs.net\/mdimg\/dizajneri\/m.2917.jpg\" alt=\"Oudi Ard Al Zaafaran fragancia - una fragancia para Hombres y Mujeres 2016\" width=\"104\" height=\"104\" \/><\/p>\n<h1>INTESAAR<\/h1>\n<p><span dir=\"auto\">E<\/span><span dir=\"auto\">s una creaci\u00f3n cautivadora y sorprendente. La casa de perfumes Ard Zaafaran ha creado una fragancia refinada y encantadora. La emanaci\u00f3n de este eau de parfum es simplemente extraordinaria y seductora. <\/span><span dir=\"auto\">Si t\u00fa tambi\u00e9n tienes curiosidad por descubrirlo, prep\u00e1rate para un encuentro \u00edntimo con una fragancia atrevida.<\/span><\/p>\n<p><span dir=\"auto\">La elegancia de esta\u00a0<\/span><span dir=\"auto\">fragancia oriental<\/span><span dir=\"auto\">\u00a0es ideal para los amantes de los aromas seductores y con car\u00e1cter. De hecho, esta\u00a0<\/span><span dir=\"auto\">creaci\u00f3n de Ard Zaafaran<\/span><span dir=\"auto\">\u00a0combina a la perfecci\u00f3n la suavidad y la fuerza de las notas orientales.<\/span><\/p>\n<p><span dir=\"auto\">Posee una armoniosa combinaci\u00f3n olfativa de aromas amaderados y especiados, combinados con ligeros toques florales. Esta sublime creaci\u00f3n fascina con su estela. Si tienes curiosidad por descubrirla, prep\u00e1rate, porque podr\u00edas caer r\u00e1pidamente bajo su hechizo.<\/span><\/p>\n<p>&nbsp;<\/p>\n<h3>Notas Olfativas<\/h3>\n<div id=\"payment-method-message\" class=\"StripeElement\">\n<div class=\"__PrivateStripeElement\"><\/div>\n<\/div>\n<div class=\"woocommerce-product-details__short-description\">\n<p><span dir=\"auto\">El perfume Intesaar es el perfume perfecto para hombre gracias a su aroma y apariencia. Si buscas un perfume de oud \u00e1rabe intenso y profundo, no busques m\u00e1s. Esta fragancia de oud \u00e1rabe ser\u00e1 perfecta para cualquier ocasi\u00f3n: cumplea\u00f1os, aniversarios y mucho m\u00e1s.<\/span><\/p>\n<\/div>\n<p><strong><span dir=\"auto\">Notas de salida:<\/span><\/strong><span dir=\"auto\">\u00a0flor de naranja, bergamota.<\/span><br \/>\n<strong><span dir=\"auto\">Notas de coraz\u00f3n:<\/span><\/strong><span dir=\"auto\">\u00a0ra\u00edz de iris, musgo de roble, vainilla de Madagascar.<\/span><br \/>\n<strong><span dir=\"auto\">Notas de fondo:<\/span><\/strong><span dir=\"auto\">\u00a0s\u00e1ndalo, haba tonka, almizcle.<\/span><\/p>\n","protected":false},"excerpt":{"rendered":"<p>INTESAAR Es una creaci\u00f3n cautivadora y sorprendente. La casa de perfumes Ard Zaafaran ha creado una fragancia refinada y encantadora.<\/p>\n","protected":false},"featured_media":89648,"comment_status":"open","ping_status":"closed","template":"","meta":{"nf_dc_page":""},"product_brand":[110],"product_cat":[84],"product_tag":[1568],"class_list":{"0":"post-89647","1":"product","2":"type-product","3":"status-publish","4":"has-post-thumbnail","6":"product_brand-ard-al-zaafaran","7":"product_cat-perfumeria","8":"product_tag-1568","10":"first","11":"instock","12":"shipping-taxable","13":"purchasable","14":"product-type-simple"},"_links":{"self":[{"href":"https:\/\/brandss.com.py\/index\/wp-json\/wp\/v2\/product\/89647","targetHints":{"allow":["GET"]}}],"collection":[{"href":"https:\/\/brandss.com.py\/index\/wp-json\/wp\/v2\/product"}],"about":[{"href":"https:\/\/brandss.com.py\/index\/wp-json\/wp\/v2\/types\/product"}],"replies":[{"embeddable":true,"href":"https:\/\/brandss.com.py\/index\/wp-json\/wp\/v2\/comments?post=89647"}],"version-history":[{"count":1,"href":"https:\/\/brandss.com.py\/index\/wp-json\/wp\/v2\/product\/89647\/revisions"}],"predecessor-version":[{"id":89651,"href":"https:\/\/brandss.com.py\/index\/wp-json\/wp\/v2\/product\/89647\/revisions\/89651"}],"wp:featuredmedia":[{"embeddable":true,"href":"https:\/\/brandss.com.py\/index\/wp-json\/wp\/v2\/media\/89648"}],"wp:attachment":[{"href":"https:\/\/brandss.com.py\/index\/wp-json\/wp\/v2\/media?parent=89647"}],"wp:term":[{"taxonomy":"product_brand","embeddable":true,"href":"https:\/\/brandss.com.py\/index\/wp-json\/wp\/v2\/product_brand?post=89647"},{"taxonomy":"product_cat","embeddable":true,"href":"https:\/\/brandss.com.py\/index\/wp-json\/wp\/v2\/product_cat?post=89647"},{"taxonomy":"product_tag","embeddable":true,"href":"https:\/\/brandss.com.py\/index\/wp-json\/wp\/v2\/product_tag?post=89647"}],"curies":[{"name":"wp","href":"https:\/\/api.w.org\/{rel}","templated":true}]}}