{"id":89655,"date":"2025-09-03T18:58:25","date_gmt":"2025-09-03T18:58:25","guid":{"rendered":"https:\/\/brandss.com.py\/index\/?post_type=product&#038;p=89655"},"modified":"2026-03-31T11:34:48","modified_gmt":"2026-03-31T11:34:48","slug":"perfume-femenino-armaf-miss-armaf-chic-edp-100ml","status":"publish","type":"product","link":"https:\/\/brandss.com.py\/index\/producto\/perfume-femenino-armaf-miss-armaf-chic-edp-100ml\/","title":{"rendered":"PERFUME FEMENINO ARMAF MISS ARMAF CHIC EDP 100ML"},"content":{"rendered":"<p><img loading=\"lazy\" decoding=\"async\" class=\"\" src=\"https:\/\/theme.hstatic.net\/200000860799\/1001299126\/14\/logo-footer.png?v=268\" alt=\"Armaf Vi\u1ec7t Nam\" width=\"67\" height=\"67\" \/><\/p>\n<h1>MISS ARMAF CHIC<\/h1>\n<p>Es una fragancia femenina dise\u00f1ada para quienes buscan un aroma sofisticado, moderno y elegante. Este perfume se distingue por su equilibrio entre notas dulces, florales y almizcladas, ideal para mujeres con un estilo refinado y una actitud chic. Miss Chic es ideal para uso diario en temporadas frescas o templadas, as\u00ed como para ocasiones especiales que requieran un toque de distinci\u00f3n. La fragancia se orienta a mujeres sofisticadas que disfrutan de un perfume vers\u00e1til con una proyecci\u00f3n sutil pero duradera.<\/p>\n<p><img loading=\"lazy\" decoding=\"async\" class=\"alignleft\" src=\"https:\/\/www.atlanticoshop.com.py\/image\/catalog\/armaf\/miss%20armaf%20chic%20desc-1%20esp.jpg\" width=\"508\" height=\"508\" \/><\/p>\n<h3>\n<p>Notas Olfativas<\/h3>\n<p>&nbsp;<\/p>\n<p>&nbsp;<\/p>\n<div class=\"trix-content\">\n<div>El perfume Miss Armaf Chic fragancia femenina vibrante y encantadora, que combina frutas jugosas, flores elegantes y una base envolvente.<\/div>\n<div>Se abre con una explosi\u00f3n frutal gracias a notas de fresa, frambuesa, pera, naranja, mandarina, calone y bergamota, que brindan un inicio fresco y chispeante. En el coraz\u00f3n, el jazm\u00edn, la peon\u00eda y la flor de azahar del naranjo aportan un toque floral suave y sofisticado.<\/div>\n<div>Finalmente, el fondo se construye con pachul\u00ed, almizcle, ambroxan, vainilla, cedro y musgo, otorgando profundidad, calidez y una estela duradera. Ideal para mujeres modernas que buscan una fragancia alegre y con car\u00e1cter.<\/div>\n<\/div>\n<div><\/div>\n<div><\/div>\n<div><\/div>\n<p>&nbsp;<\/p>\n<div class=\"trix-content\">\n<div><strong>&#8211; Notas de salida:<\/strong>\u00a0Fresa, frambuesa, pera, naranja, naranja tangerina, calone y bergamota.<\/div>\n<div><strong>&#8211; Notas de coraz\u00f3n:<\/strong>\u00a0Jazm\u00edn, peon\u00eda y flor de azahar del naranjo.<\/div>\n<div><strong>&#8211; Notas de fondo:<\/strong>\u00a0Pachul\u00ed, almizcle, ambroxan, vainilla, cedro y musgo.<\/div>\n<\/div>\n","protected":false},"excerpt":{"rendered":"<p>MISS ARMAF CHIC Es una fragancia femenina dise\u00f1ada para quienes buscan un aroma sofisticado, moderno y elegante. Este perfume se<\/p>\n","protected":false},"featured_media":89657,"comment_status":"open","ping_status":"closed","template":"","meta":{"nf_dc_page":""},"product_brand":[106],"product_cat":[84],"product_tag":[191],"class_list":{"0":"post-89655","1":"product","2":"type-product","3":"status-publish","4":"has-post-thumbnail","6":"product_brand-armaf","7":"product_cat-perfumeria","8":"product_tag-191","10":"first","11":"outofstock","12":"shipping-taxable","13":"purchasable","14":"product-type-simple"},"_links":{"self":[{"href":"https:\/\/brandss.com.py\/index\/wp-json\/wp\/v2\/product\/89655","targetHints":{"allow":["GET"]}}],"collection":[{"href":"https:\/\/brandss.com.py\/index\/wp-json\/wp\/v2\/product"}],"about":[{"href":"https:\/\/brandss.com.py\/index\/wp-json\/wp\/v2\/types\/product"}],"replies":[{"embeddable":true,"href":"https:\/\/brandss.com.py\/index\/wp-json\/wp\/v2\/comments?post=89655"}],"version-history":[{"count":1,"href":"https:\/\/brandss.com.py\/index\/wp-json\/wp\/v2\/product\/89655\/revisions"}],"predecessor-version":[{"id":89663,"href":"https:\/\/brandss.com.py\/index\/wp-json\/wp\/v2\/product\/89655\/revisions\/89663"}],"wp:featuredmedia":[{"embeddable":true,"href":"https:\/\/brandss.com.py\/index\/wp-json\/wp\/v2\/media\/89657"}],"wp:attachment":[{"href":"https:\/\/brandss.com.py\/index\/wp-json\/wp\/v2\/media?parent=89655"}],"wp:term":[{"taxonomy":"product_brand","embeddable":true,"href":"https:\/\/brandss.com.py\/index\/wp-json\/wp\/v2\/product_brand?post=89655"},{"taxonomy":"product_cat","embeddable":true,"href":"https:\/\/brandss.com.py\/index\/wp-json\/wp\/v2\/product_cat?post=89655"},{"taxonomy":"product_tag","embeddable":true,"href":"https:\/\/brandss.com.py\/index\/wp-json\/wp\/v2\/product_tag?post=89655"}],"curies":[{"name":"wp","href":"https:\/\/api.w.org\/{rel}","templated":true}]}}