{"id":89664,"date":"2025-09-03T19:15:33","date_gmt":"2025-09-03T19:15:33","guid":{"rendered":"https:\/\/brandss.com.py\/index\/?post_type=product&#038;p=89664"},"modified":"2025-12-10T10:19:08","modified_gmt":"2025-12-10T10:19:08","slug":"perfume-masculino-armaf-club-de-nuit-urban-man-edp-105ml","status":"publish","type":"product","link":"https:\/\/brandss.com.py\/index\/producto\/perfume-masculino-armaf-club-de-nuit-urban-man-edp-105ml\/","title":{"rendered":"PERFUME MASCULINO ARMAF CLUB DE NUIT URBAN MAN EDP 105ML"},"content":{"rendered":"<p><img loading=\"lazy\" decoding=\"async\" class=\"\" src=\"https:\/\/theme.hstatic.net\/200000860799\/1001299126\/14\/logo-footer.png?v=268\" alt=\"Armaf Vi\u1ec7t Nam\" width=\"129\" height=\"128\" \/><\/p>\n<h1>CLUB DE NUIT URBAN MAN<\/h1>\n<p><span dir=\"auto\">Desbloquea la esencia de la masculinidad moderna con Club De Nuit Urban Man, es el arma secreta del caballero urbano contempor\u00e1neo.<\/span><\/p>\n<div class=\"col-lg-4 col-sm-6 col-12 mb-lg-0 mb-3\">\n<div class=\"stands-out-content\">\n<div class=\"feature\"><strong>Fragancia duradera<\/strong><\/div>\n<div><\/div>\n<div class=\"description\">Armaf Club de Nuit Urban Man ofrece una experiencia olfativa duradera, lo que garantiza que huela muy bien durante todo el d\u00eda sin tener que volver a aplicarlo con frecuencia.<\/div>\n<div><\/div>\n<\/div>\n<\/div>\n<div class=\"col-lg-4 col-sm-6 col-12 mb-lg-0 mb-3\">\n<div class=\"stands-out-content\">\n<div class=\"feature\"><strong>Perfil olfativo vers\u00e1til<\/strong><\/div>\n<div><\/div>\n<div class=\"description\">Con una mezcla equilibrada de notas c\u00edtricas y amaderadas, esta fragancia es perfecta para cualquier ocasi\u00f3n, lo que la convierte en una opci\u00f3n ideal para uso diario o eventos especiales.<img loading=\"lazy\" decoding=\"async\" class=\"alignleft\" src=\"https:\/\/www.myperfumeshop.co.nz\/cdn\/shop\/files\/pixelcut-export_8d94aecc-7bc3-417d-aeec-a70b92f966ef.jpg?v=1712644860&amp;width=1000\" width=\"612\" height=\"612\" \/><\/div>\n<div><\/div>\n<\/div>\n<\/div>\n<div class=\"col-lg-4 col-sm-6 col-12 mb-lg-0 mb-3\">\n<div class=\"stands-out-content\">\n<div class=\"feature\"><strong>Embalaje Elegante<\/strong><\/div>\n<div><\/div>\n<div class=\"description\">Ubicado en un elegante frasco, este perfume no solo apela a los sentidos sino que tambi\u00e9n agrega un toque de sofisticaci\u00f3n a su colecci\u00f3n de fragancias.<\/div>\n<div><\/div>\n<\/div>\n<\/div>\n<h3>Notas Olfativas<\/h3>\n<p>&nbsp;<\/p>\n<p>Armaf Club De Nuit Urban Man es un Eau de Parfum amaderado-c\u00edtrico dise\u00f1ado para hombres que buscan una fragancia sofisticada y vers\u00e1til. Esta cautivadora composici\u00f3n combina una variada selecci\u00f3n de notas olfativas que se entrelazan armoniosamente. <span dir=\"auto\">Su perfil arom\u00e1tico, meticulosamente elaborado, comienza con una vibrante c\u00e1scara de bergamota y fluye hacia un coraz\u00f3n de jazm\u00edn y lavanda, culminando en una base que enra\u00edza y define. Este Eau de Parfum no es solo un aroma; es una identidad.<\/span><\/p>\n<p>&nbsp;<\/p>\n<p><strong>&#8211; Notas de salida:<\/strong> bergamota, pimienta rosa, jazm\u00edn y flor de naranjo.<br \/>\n<strong>&#8211; Notas de coraz\u00f3n:<\/strong> lavanda, geranio, elem\u00ed, tagetes, vetiver y azafr\u00e1n.<br \/>\n<strong>&#8211; Notas de fondo:<\/strong> ambroxan, \u00e1mbar, pachul\u00ed, cedro y l\u00e1dano.<\/p>\n","protected":false},"excerpt":{"rendered":"<p>CLUB DE NUIT URBAN MAN Desbloquea la esencia de la masculinidad moderna con Club De Nuit Urban Man, es el<\/p>\n","protected":false},"featured_media":89665,"comment_status":"open","ping_status":"closed","template":"","meta":{"nf_dc_page":""},"product_brand":[106],"product_cat":[84],"product_tag":[192],"class_list":{"0":"post-89664","1":"product","2":"type-product","3":"status-publish","4":"has-post-thumbnail","6":"product_brand-armaf","7":"product_cat-perfumeria","8":"product_tag-192","10":"first","11":"outofstock","12":"shipping-taxable","13":"purchasable","14":"product-type-simple"},"_links":{"self":[{"href":"https:\/\/brandss.com.py\/index\/wp-json\/wp\/v2\/product\/89664","targetHints":{"allow":["GET"]}}],"collection":[{"href":"https:\/\/brandss.com.py\/index\/wp-json\/wp\/v2\/product"}],"about":[{"href":"https:\/\/brandss.com.py\/index\/wp-json\/wp\/v2\/types\/product"}],"replies":[{"embeddable":true,"href":"https:\/\/brandss.com.py\/index\/wp-json\/wp\/v2\/comments?post=89664"}],"version-history":[{"count":1,"href":"https:\/\/brandss.com.py\/index\/wp-json\/wp\/v2\/product\/89664\/revisions"}],"predecessor-version":[{"id":89670,"href":"https:\/\/brandss.com.py\/index\/wp-json\/wp\/v2\/product\/89664\/revisions\/89670"}],"wp:featuredmedia":[{"embeddable":true,"href":"https:\/\/brandss.com.py\/index\/wp-json\/wp\/v2\/media\/89665"}],"wp:attachment":[{"href":"https:\/\/brandss.com.py\/index\/wp-json\/wp\/v2\/media?parent=89664"}],"wp:term":[{"taxonomy":"product_brand","embeddable":true,"href":"https:\/\/brandss.com.py\/index\/wp-json\/wp\/v2\/product_brand?post=89664"},{"taxonomy":"product_cat","embeddable":true,"href":"https:\/\/brandss.com.py\/index\/wp-json\/wp\/v2\/product_cat?post=89664"},{"taxonomy":"product_tag","embeddable":true,"href":"https:\/\/brandss.com.py\/index\/wp-json\/wp\/v2\/product_tag?post=89664"}],"curies":[{"name":"wp","href":"https:\/\/api.w.org\/{rel}","templated":true}]}}