{"id":89671,"date":"2025-09-04T11:16:24","date_gmt":"2025-09-04T11:16:24","guid":{"rendered":"https:\/\/brandss.com.py\/index\/?post_type=product&#038;p=89671"},"modified":"2026-04-16T12:07:14","modified_gmt":"2026-04-16T12:07:14","slug":"perfume-masculino-armaf-club-de-nuit-precieux-i-edp-55ml","status":"publish","type":"product","link":"https:\/\/brandss.com.py\/index\/producto\/perfume-masculino-armaf-club-de-nuit-precieux-i-edp-55ml\/","title":{"rendered":"PERFUME MASCULINO ARMAF CLUB DE NUIT PRECIEUX I EDP 55ML"},"content":{"rendered":"<p><img loading=\"lazy\" decoding=\"async\" class=\"\" src=\"https:\/\/vectorseek.com\/wp-content\/uploads\/2023\/12\/ARMAF-Logo-Vector.svg--300x300.png\" alt=\"ARMAF logo in PNG SVG Vector format - Free Download\" width=\"112\" height=\"112\" \/><\/p>\n<h1>CLUB DE NUIT PRECIEUX I<\/h1>\n<p>Un perfume que se caracteriza por ser una fragancia vers\u00e1til, moderna y con un toque seductor. Su estructura olfativa est\u00e1 bien equilibrada, combinando notas dulces, c\u00edtricas, especiadas y amaderadas, lo que lo hace ideal tanto para el d\u00eda como para la noche. <span dir=\"auto\">Club De Nuit Precieux I Extrait De Parfum es una fragancia lujosa que encarna sofisticaci\u00f3n y atractivo.<img loading=\"lazy\" decoding=\"async\" class=\"alignleft\" src=\"https:\/\/www.atlanticoshop.com.py\/image\/catalog\/armaf\/precieux%20armaf%20desc-1%20esp.jpg\" width=\"587\" height=\"587\" \/><\/span><\/p>\n<ul class=\"tickmark_blue\">\n<li><span dir=\"auto\">Exquisita mezcla de notas c\u00edtricas y florales.<\/span><\/li>\n<li><span dir=\"auto\">Aroma duradero, rico e intenso.<\/span><\/li>\n<li><span dir=\"auto\">Elegante dise\u00f1o de botella, perfecto para exhibir.<\/span><\/li>\n<li><span dir=\"auto\">Ideal tanto para uso diurno como nocturno.<\/span><\/li>\n<\/ul>\n<p><span dir=\"auto\">Esta cautivadora fragancia est\u00e1 dise\u00f1ada para quienes buscan un aroma impactante que transmita confianza y encanto. Experimenta el encanto de Club De Nuit Precieux I y enriquece tu colecci\u00f3n de fragancias hoy mismo.<\/span><\/p>\n<p>&nbsp;<\/p>\n<h3>Notas Olfativas<\/h3>\n<p>&nbsp;<\/p>\n<p>Armaf Precieux es una fragancia que equilibra la dulzura y la frescura con un fondo amaderado y especiado. Su apertura vibrante y afrutada es ideal para captar la atenci\u00f3n, mientras que el coraz\u00f3n floral y las notas de fondo lo convierten en una fragancia con una evoluci\u00f3n interesante y compleja. Es perfecto para quienes buscan un aroma refinado y vers\u00e1til que funcione en diversas ocasiones.<\/p>\n<p><span dir=\"auto\">Perfume Armaf Club De Nuit Precieux I EDP descubre la sofisticaci\u00f3n y elegancia de Armaf Club De Nuit Precieux I EDP, una fragancia que redefine la masculinidad moderna, este perfume ofrece una durabilidad excepcional y una proyecci\u00f3n envolvente que te acompa\u00f1ar\u00e1 durante todo el d\u00eda.\u00a0<\/span><\/p>\n<ul>\n<li><strong><span dir=\"auto\">Notas de salida:<\/span><\/strong><span dir=\"auto\">\u00a0pera, pimienta negra, pimienta rosa, bergamota, caramelo, lim\u00f3n, pi\u00f1a.<\/span><\/li>\n<li><strong><span dir=\"auto\">Notas de coraz\u00f3n:<\/span><\/strong><span dir=\"auto\">\u00a0an\u00eds, lirio de los valles, madera blanca, musgo de roble, jazm\u00edn.<\/span><\/li>\n<li><strong><span dir=\"auto\">Notas de fondo:<\/span><\/strong><span dir=\"auto\">\u00a0vainilla, cuero, almizcle blanco, pachul\u00ed, ambroxan, cedro, \u00e1mbar.<\/span><\/li>\n<\/ul>\n","protected":false},"excerpt":{"rendered":"<p>CLUB DE NUIT PRECIEUX I Un perfume que se caracteriza por ser una fragancia vers\u00e1til, moderna y con un toque<\/p>\n","protected":false},"featured_media":89674,"comment_status":"open","ping_status":"closed","template":"","meta":{"nf_dc_page":""},"product_brand":[106],"product_cat":[84],"product_tag":[193],"class_list":{"0":"post-89671","1":"product","2":"type-product","3":"status-publish","4":"has-post-thumbnail","6":"product_brand-armaf","7":"product_cat-perfumeria","8":"product_tag-193","10":"first","11":"instock","12":"sale","13":"shipping-taxable","14":"purchasable","15":"product-type-simple"},"_links":{"self":[{"href":"https:\/\/brandss.com.py\/index\/wp-json\/wp\/v2\/product\/89671","targetHints":{"allow":["GET"]}}],"collection":[{"href":"https:\/\/brandss.com.py\/index\/wp-json\/wp\/v2\/product"}],"about":[{"href":"https:\/\/brandss.com.py\/index\/wp-json\/wp\/v2\/types\/product"}],"replies":[{"embeddable":true,"href":"https:\/\/brandss.com.py\/index\/wp-json\/wp\/v2\/comments?post=89671"}],"version-history":[{"count":1,"href":"https:\/\/brandss.com.py\/index\/wp-json\/wp\/v2\/product\/89671\/revisions"}],"predecessor-version":[{"id":89682,"href":"https:\/\/brandss.com.py\/index\/wp-json\/wp\/v2\/product\/89671\/revisions\/89682"}],"wp:featuredmedia":[{"embeddable":true,"href":"https:\/\/brandss.com.py\/index\/wp-json\/wp\/v2\/media\/89674"}],"wp:attachment":[{"href":"https:\/\/brandss.com.py\/index\/wp-json\/wp\/v2\/media?parent=89671"}],"wp:term":[{"taxonomy":"product_brand","embeddable":true,"href":"https:\/\/brandss.com.py\/index\/wp-json\/wp\/v2\/product_brand?post=89671"},{"taxonomy":"product_cat","embeddable":true,"href":"https:\/\/brandss.com.py\/index\/wp-json\/wp\/v2\/product_cat?post=89671"},{"taxonomy":"product_tag","embeddable":true,"href":"https:\/\/brandss.com.py\/index\/wp-json\/wp\/v2\/product_tag?post=89671"}],"curies":[{"name":"wp","href":"https:\/\/api.w.org\/{rel}","templated":true}]}}