{"id":89673,"date":"2025-09-04T14:52:29","date_gmt":"2025-09-04T14:52:29","guid":{"rendered":"https:\/\/brandss.com.py\/index\/?post_type=product&#038;p=89673"},"modified":"2025-12-04T12:21:26","modified_gmt":"2025-12-04T12:21:26","slug":"perfume-masculino-onlyou-collection-n807-edp-30ml","status":"publish","type":"product","link":"https:\/\/brandss.com.py\/index\/producto\/perfume-masculino-onlyou-collection-n807-edp-30ml\/","title":{"rendered":"PERFUME MASCULINO ONLYOU COLLECTION N\u00b0807 EDP 30ML"},"content":{"rendered":"<p><img loading=\"lazy\" decoding=\"async\" class=\"\" src=\"https:\/\/cdn.aromastore.com.py\/upload\/brand\/onlyou-collection.png\" alt=\"Aroma Store\" width=\"174\" height=\"174\" \/><\/p>\n<h1>PACO RABANNE INVICTUS INSPIRACI\u00d3N<\/h1>\n<p>El perfume para hombre Onlyou insp Paco Rabanne, el aroma de la victoria de la esencia de los h\u00e9roes.<\/p>\n<p>Euf\u00f3ricamente adictivo, un poderoso disparo de adrenalina para los ganadores en serie.<\/p>\n<p>El poder, el coraje y la victoria se destilan en una atrevida explosi\u00f3n de frescura y calor.<\/p>\n<p>Acorde fresco, hoja de laurel, c\u00e1scara de pomelo, acorde marino, acorde amaderado, acorde de \u00e1mbar gris, madera de Gaiac y pachul\u00ed.<\/p>\n","protected":false},"excerpt":{"rendered":"<p>PACO RABANNE INVICTUS INSPIRACI\u00d3N El perfume para hombre Onlyou insp Paco Rabanne, el aroma de la victoria de la esencia<\/p>\n","protected":false},"featured_media":89735,"comment_status":"open","ping_status":"closed","template":"","meta":{"nf_dc_page":""},"product_brand":[933],"product_cat":[84],"product_tag":[1585],"class_list":{"0":"post-89673","1":"product","2":"type-product","3":"status-publish","4":"has-post-thumbnail","6":"product_brand-onlyou","7":"product_cat-perfumeria","8":"product_tag-1585","10":"first","11":"outofstock","12":"shipping-taxable","13":"purchasable","14":"product-type-simple"},"_links":{"self":[{"href":"https:\/\/brandss.com.py\/index\/wp-json\/wp\/v2\/product\/89673","targetHints":{"allow":["GET"]}}],"collection":[{"href":"https:\/\/brandss.com.py\/index\/wp-json\/wp\/v2\/product"}],"about":[{"href":"https:\/\/brandss.com.py\/index\/wp-json\/wp\/v2\/types\/product"}],"replies":[{"embeddable":true,"href":"https:\/\/brandss.com.py\/index\/wp-json\/wp\/v2\/comments?post=89673"}],"version-history":[{"count":2,"href":"https:\/\/brandss.com.py\/index\/wp-json\/wp\/v2\/product\/89673\/revisions"}],"predecessor-version":[{"id":89737,"href":"https:\/\/brandss.com.py\/index\/wp-json\/wp\/v2\/product\/89673\/revisions\/89737"}],"wp:featuredmedia":[{"embeddable":true,"href":"https:\/\/brandss.com.py\/index\/wp-json\/wp\/v2\/media\/89735"}],"wp:attachment":[{"href":"https:\/\/brandss.com.py\/index\/wp-json\/wp\/v2\/media?parent=89673"}],"wp:term":[{"taxonomy":"product_brand","embeddable":true,"href":"https:\/\/brandss.com.py\/index\/wp-json\/wp\/v2\/product_brand?post=89673"},{"taxonomy":"product_cat","embeddable":true,"href":"https:\/\/brandss.com.py\/index\/wp-json\/wp\/v2\/product_cat?post=89673"},{"taxonomy":"product_tag","embeddable":true,"href":"https:\/\/brandss.com.py\/index\/wp-json\/wp\/v2\/product_tag?post=89673"}],"curies":[{"name":"wp","href":"https:\/\/api.w.org\/{rel}","templated":true}]}}