{"id":89683,"date":"2025-09-04T11:59:39","date_gmt":"2025-09-04T11:59:39","guid":{"rendered":"https:\/\/brandss.com.py\/index\/?post_type=product&#038;p=89683"},"modified":"2026-03-31T11:35:55","modified_gmt":"2026-03-31T11:35:55","slug":"perfume-femenino-armaf-miss-armaf-catwalk-edp-100ml","status":"publish","type":"product","link":"https:\/\/brandss.com.py\/index\/producto\/perfume-femenino-armaf-miss-armaf-catwalk-edp-100ml\/","title":{"rendered":"PERFUME FEMENINO ARMAF MISS ARMAF CATWALK EDP 100ML"},"content":{"rendered":"<p><img loading=\"lazy\" decoding=\"async\" class=\"\" src=\"https:\/\/vectorseek.com\/wp-content\/uploads\/2023\/12\/ARMAF-Logo-Vector.svg--300x300.png\" alt=\"ARMAF logo in PNG SVG Vector format - Free Download\" width=\"100\" height=\"100\" \/><\/p>\n<h1>MISS ARMAF CATWALK<\/h1>\n<p><span dir=\"auto\">Emb\u00e1rcate en un viaje olfativo con el enigm\u00e1tico encanto de Miss Armaf Catwalk, una sinfon\u00eda de elegancia y sofisticaci\u00f3n. <\/span><span dir=\"auto\">Miss Armaf Catwalk es un cl\u00e1sico contempor\u00e1neo en el mundo de las fragancias, dise\u00f1ado para capturar la esencia de la feminidad moderna. Deja que su embriagador aroma deslumbre tus sentidos y deje una huella imborrable dondequiera que vayas.<\/span><\/p>\n<p><img loading=\"lazy\" decoding=\"async\" class=\"alignleft\" src=\"https:\/\/www.atlanticoshop.com.py\/image\/catalog\/armaf\/miss%20catwalk%20desc-1%20esp.jpg\" width=\"528\" height=\"528\" \/><\/p>\n<h3>\nNotas Olfativas<\/h3>\n<p>Miss Catwalk de Armaf es una fragancia femenina, conocida por su combinaci\u00f3n dulce y afrutada con un toque moderno y juvenil. Se caracteriza por ser vibrante y ligera, ideal para el uso diario o en climas c\u00e1lidos.<\/p>\n<p>Ofreciendo un aroma vers\u00e1til que encaja tanto en contextos casuales como en eventos semiformales. Adem\u00e1s, la relaci\u00f3n entre calidad y precio hace que sea una opci\u00f3n atractiva dentro del portafolio de perfumes de Armaf.<br \/>\n<span dir=\"auto\">Presume con estilo en la pasarela olfativa. <\/span><\/p>\n<p><span dir=\"auto\">Comienza con mandarina, naranja y c\u00edtricos en las notas de salida, que se transforman con gracia en un coraz\u00f3n de melocot\u00f3n, jazm\u00edn y lirio. La fragancia concluye con vainilla, almizcle y ambroxan, un aroma que cautiva en la pasarela y m\u00e1s all\u00e1.<\/span><\/p>\n<p>El perfume Miss Catwalk de\u00a0Armaf\u00a0es una fragancia de la familia olfativa f<span dir=\"ltr\" lang=\"es-MX\">loral frutal<\/span>\u00a0para mujeres.\u00a0Con una concentraci\u00f3n del tipo Eau de Parfum, ofrece una duradera y alta intensidad arom\u00e1tica en la piel. Sus notas est\u00e1n compuestas por los siguientes ingredientes:<\/p>\n<ul>\n<li><span><span dir=\"ltr\" lang=\"pt-BR\"><strong>Notas de salida:<\/strong><\/span><span dir=\"ltr\" lang=\"pt-BR\"><strong>\u00a0<\/strong>C\u00edtricos, mandarina, naranja.<\/span><\/span><\/li>\n<li><strong>Notas de coraz\u00f3n:<\/strong> Azucena, jazm\u00edn, durazno (melocot\u00f3n).<\/li>\n<li><span dir=\"ltr\" lang=\"es-MX\"><strong>Notas de fondo:<\/strong><\/span><span dir=\"ltr\" lang=\"es-MX\"><strong>\u00a0<\/strong>Almizcle, vainilla, ambroxan.<\/span><\/li>\n<\/ul>\n","protected":false},"excerpt":{"rendered":"<p>MISS ARMAF CATWALK Emb\u00e1rcate en un viaje olfativo con el enigm\u00e1tico encanto de Miss Armaf Catwalk, una sinfon\u00eda de elegancia<\/p>\n","protected":false},"featured_media":89684,"comment_status":"open","ping_status":"closed","template":"","meta":{"nf_dc_page":""},"product_brand":[106],"product_cat":[84],"product_tag":[194],"class_list":{"0":"post-89683","1":"product","2":"type-product","3":"status-publish","4":"has-post-thumbnail","6":"product_brand-armaf","7":"product_cat-perfumeria","8":"product_tag-194","10":"first","11":"outofstock","12":"shipping-taxable","13":"purchasable","14":"product-type-simple"},"_links":{"self":[{"href":"https:\/\/brandss.com.py\/index\/wp-json\/wp\/v2\/product\/89683","targetHints":{"allow":["GET"]}}],"collection":[{"href":"https:\/\/brandss.com.py\/index\/wp-json\/wp\/v2\/product"}],"about":[{"href":"https:\/\/brandss.com.py\/index\/wp-json\/wp\/v2\/types\/product"}],"replies":[{"embeddable":true,"href":"https:\/\/brandss.com.py\/index\/wp-json\/wp\/v2\/comments?post=89683"}],"version-history":[{"count":1,"href":"https:\/\/brandss.com.py\/index\/wp-json\/wp\/v2\/product\/89683\/revisions"}],"predecessor-version":[{"id":89692,"href":"https:\/\/brandss.com.py\/index\/wp-json\/wp\/v2\/product\/89683\/revisions\/89692"}],"wp:featuredmedia":[{"embeddable":true,"href":"https:\/\/brandss.com.py\/index\/wp-json\/wp\/v2\/media\/89684"}],"wp:attachment":[{"href":"https:\/\/brandss.com.py\/index\/wp-json\/wp\/v2\/media?parent=89683"}],"wp:term":[{"taxonomy":"product_brand","embeddable":true,"href":"https:\/\/brandss.com.py\/index\/wp-json\/wp\/v2\/product_brand?post=89683"},{"taxonomy":"product_cat","embeddable":true,"href":"https:\/\/brandss.com.py\/index\/wp-json\/wp\/v2\/product_cat?post=89683"},{"taxonomy":"product_tag","embeddable":true,"href":"https:\/\/brandss.com.py\/index\/wp-json\/wp\/v2\/product_tag?post=89683"}],"curies":[{"name":"wp","href":"https:\/\/api.w.org\/{rel}","templated":true}]}}