{"id":89704,"date":"2025-09-04T13:15:33","date_gmt":"2025-09-04T13:15:33","guid":{"rendered":"https:\/\/brandss.com.py\/index\/?post_type=product&#038;p=89704"},"modified":"2025-10-13T16:36:27","modified_gmt":"2025-10-13T16:36:27","slug":"perfume-masculino-armaf-odyssey-aqua-edp-100ml","status":"publish","type":"product","link":"https:\/\/brandss.com.py\/index\/producto\/perfume-masculino-armaf-odyssey-aqua-edp-100ml\/","title":{"rendered":"PERFUME MASCULINO ARMAF ODYSSEY AQUA EDP 100ML"},"content":{"rendered":"<p><img loading=\"lazy\" decoding=\"async\" class=\"\" src=\"https:\/\/vectorseek.com\/wp-content\/uploads\/2023\/12\/ARMAF-Logo-Vector.svg--300x300.png\" alt=\"ARMAF logo in PNG SVG Vector format - Free Download\" width=\"116\" height=\"116\" \/><\/p>\n<h1>ODYSSEY AQUA<\/h1>\n<p>Sum\u00e9rgete en el refrescante y vigorizante aroma de Odyssey Aqua, un Eau de Parfum premium para hombre. Esta fragancia es una adici\u00f3n distinguida a la prestigiosa colecci\u00f3n Odyssey. Su composici\u00f3n \u00fanica seguramente causar\u00e1 una impresi\u00f3n, perfecta para el hombre moderno que aprecia la calidad y la sofisticaci\u00f3n. Con su perfil de aroma audaz y din\u00e1mico, Odyssey Aqua es el acompa\u00f1amiento perfecto para el hombre que tiene confianza, atrevida y no tiene miedo de hacer una declaraci\u00f3n. Elija Odyssey Aqua para hombre, una fragancia que no solo huele fant\u00e1stico, sino que tambi\u00e9n irradia una sensaci\u00f3n de clase y lujo. Con su mezcla \u00fanica de notas arom\u00e1ticas, es m\u00e1s que un perfume; es un viaje olfativo, una historia de aroma que espera desarrollarse.<\/p>\n<p><img loading=\"lazy\" decoding=\"async\" class=\"alignleft\" src=\"https:\/\/dcdn-us.mitiendanube.com\/stores\/001\/878\/039\/products\/imagen-de-whatsapp-2024-12-19-a-las-22-47-26_075c730e-16ed986fb0339b04d317346593010643-1024-1024.jpg\" width=\"579\" height=\"577\" \/><\/p>\n<h3>Notas Olfativas<\/h3>\n<p>&nbsp;<\/p>\n<p>El viaje de la fragancia comienza con las notas altas de Artemisia, Naranja y Pomelo. Estos elementos se combinan para crear una apertura vibrante y animada, seguro que cautivar\u00e1 los sentidos.<\/p>\n<p>A medida que el aroma se profundiza, las notas de coraz\u00f3n de lavanda y menta entran en juego, ofreciendo un medio relajante y refrescante, encarnando el esp\u00edritu de aventura y exploraci\u00f3n.<\/p>\n<p>A medida que el aroma se asienta, emergen notas de fondo de pachul\u00ed, ambrox\u00e1n y cipr\u00e9s. Estos tonos terrosos y masculinos proporcionan un acabado robusto y duradero, dejando una impresi\u00f3n duradera.<\/p>\n<p>Odyssey Aqua es una fragancia especial para hombres, con una familia olfativa amaderada arom\u00e1tica. Esta fresca y suave fragancia se lanz\u00f3 en el 2023. Disfruta de su aroma \u00fanico y fresco.<\/p>\n<p>&nbsp;<\/p>\n<p><strong>Notas de salida:<\/strong> abr\u00f3tano, naranja, pomelo.<\/p>\n<p><strong>Notas de coraz\u00f3n:<\/strong> lavanda, menta.<\/p>\n<p><strong>Notas de fondo:<\/strong> pachul\u00ed, cipr\u00e9s, ambroxan.<\/p>\n","protected":false},"excerpt":{"rendered":"<p>ODYSSEY AQUA Sum\u00e9rgete en el refrescante y vigorizante aroma de Odyssey Aqua, un Eau de Parfum premium para hombre. Esta<\/p>\n","protected":false},"featured_media":89705,"comment_status":"open","ping_status":"closed","template":"","meta":{"nf_dc_page":""},"product_brand":[106],"product_cat":[84],"product_tag":[196],"class_list":{"0":"post-89704","1":"product","2":"type-product","3":"status-publish","4":"has-post-thumbnail","6":"product_brand-armaf","7":"product_cat-perfumeria","8":"product_tag-196","10":"first","11":"outofstock","12":"sale","13":"shipping-taxable","14":"purchasable","15":"product-type-simple"},"_links":{"self":[{"href":"https:\/\/brandss.com.py\/index\/wp-json\/wp\/v2\/product\/89704","targetHints":{"allow":["GET"]}}],"collection":[{"href":"https:\/\/brandss.com.py\/index\/wp-json\/wp\/v2\/product"}],"about":[{"href":"https:\/\/brandss.com.py\/index\/wp-json\/wp\/v2\/types\/product"}],"replies":[{"embeddable":true,"href":"https:\/\/brandss.com.py\/index\/wp-json\/wp\/v2\/comments?post=89704"}],"version-history":[{"count":1,"href":"https:\/\/brandss.com.py\/index\/wp-json\/wp\/v2\/product\/89704\/revisions"}],"predecessor-version":[{"id":89710,"href":"https:\/\/brandss.com.py\/index\/wp-json\/wp\/v2\/product\/89704\/revisions\/89710"}],"wp:featuredmedia":[{"embeddable":true,"href":"https:\/\/brandss.com.py\/index\/wp-json\/wp\/v2\/media\/89705"}],"wp:attachment":[{"href":"https:\/\/brandss.com.py\/index\/wp-json\/wp\/v2\/media?parent=89704"}],"wp:term":[{"taxonomy":"product_brand","embeddable":true,"href":"https:\/\/brandss.com.py\/index\/wp-json\/wp\/v2\/product_brand?post=89704"},{"taxonomy":"product_cat","embeddable":true,"href":"https:\/\/brandss.com.py\/index\/wp-json\/wp\/v2\/product_cat?post=89704"},{"taxonomy":"product_tag","embeddable":true,"href":"https:\/\/brandss.com.py\/index\/wp-json\/wp\/v2\/product_tag?post=89704"}],"curies":[{"name":"wp","href":"https:\/\/api.w.org\/{rel}","templated":true}]}}