{"id":89717,"date":"2025-09-04T14:07:13","date_gmt":"2025-09-04T14:07:13","guid":{"rendered":"https:\/\/brandss.com.py\/index\/?post_type=product&#038;p=89717"},"modified":"2026-03-18T10:26:48","modified_gmt":"2026-03-18T10:26:48","slug":"perfume-unisex-armaf-odyssey-limoni-fresh-edition-edp-100ml","status":"publish","type":"product","link":"https:\/\/brandss.com.py\/index\/producto\/perfume-unisex-armaf-odyssey-limoni-fresh-edition-edp-100ml\/","title":{"rendered":"PERFUME UNISEX ARMAF ODYSSEY LIMONI FRESH EDITION EDP 100ML"},"content":{"rendered":"<p><img loading=\"lazy\" decoding=\"async\" class=\"\" src=\"https:\/\/vectorseek.com\/wp-content\/uploads\/2023\/12\/ARMAF-Logo-Vector.svg--300x300.png\" alt=\"ARMAF logo in PNG SVG Vector format - Free Download\" width=\"109\" height=\"109\" \/><\/p>\n<h1>ODYSSEY LIMONI FRESH EDITION<\/h1>\n<p>Libera una explosi\u00f3n de brillo c\u00edtrico con Odyssey Limoni, una fragancia que captura la esencia del verano en cada rociado. Creada para el alma moderna que busca la frescura, esta fragancia es una vibrante mezcla de chispeante ralladura de lim\u00f3n, fresca bergamota y acordes verdes, equilibrada con sutiles toques de especias y almizcle para una seducci\u00f3n duradera.<img loading=\"lazy\" decoding=\"async\" class=\"alignleft\" src=\"https:\/\/cdn.quicksell.co\/-NhDgH9TA3RYJycBKu-9\/products\/-OKRGsnFzifEDpEnDybv.jpg\" width=\"555\" height=\"632\" \/><\/p>\n<p>\u00a1Prep\u00e1rate para refrescarte con el esp\u00edritu energizante de Odyssey Limoni !<\/p>\n<p>Esta fragancia vigorizante ofrece una explosi\u00f3n de bondad floral c\u00edtrica, que te deja revitalizado y listo para aprovechar el d\u00eda.<\/p>\n<p>&nbsp;<\/p>\n<h3>Notas Olfativas<\/h3>\n<p>&nbsp;<\/p>\n<p>Odyssey Limoni Fresh es una fragancia de la familia olfativa c<span dir=\"ltr\" lang=\"es-MX\">\u00edtrica arom\u00e1tica<\/span> para hombres y mujeres. Con una concentraci\u00f3n del tipo Eau de Parfum, ofrece una duradera y alta intensidad arom\u00e1tica en la piel.\u00a0 Esta fragrancia es nueva. Odyssey Limoni Fresh se lanz\u00f3 en 2024. Sus notas est\u00e1n compuestas por los siguientes ingredientes:<\/p>\n<ul>\n<li><span><span dir=\"ltr\" lang=\"pt-BR\"><strong>Notas de salida:\u00a0<\/strong><\/span><span dir=\"ltr\" lang=\"pt-BR\">Lim\u00f3n, naranja dulce, bergamota, mandarina.\n<p><\/span><\/span><\/li>\n<li><strong>Notas de coraz\u00f3n:<\/strong> Jengibre, azahar, notas marinas.<\/li>\n<li><span dir=\"ltr\" lang=\"es-MX\"><strong>Notas de fondo:<\/strong><\/span><span dir=\"ltr\" lang=\"es-MX\"><strong>\u00a0<\/strong>\u00c1mbar, almizcle, t\u00e9 azul.<\/span><\/li>\n<\/ul>\n","protected":false},"excerpt":{"rendered":"<p>ODYSSEY LIMONI FRESH EDITION Libera una explosi\u00f3n de brillo c\u00edtrico con Odyssey Limoni, una fragancia que captura la esencia del<\/p>\n","protected":false},"featured_media":89718,"comment_status":"open","ping_status":"closed","template":"","meta":{"nf_dc_page":""},"product_brand":[106],"product_cat":[84],"product_tag":[198],"class_list":{"0":"post-89717","1":"product","2":"type-product","3":"status-publish","4":"has-post-thumbnail","6":"product_brand-armaf","7":"product_cat-perfumeria","8":"product_tag-198","10":"first","11":"outofstock","12":"shipping-taxable","13":"purchasable","14":"product-type-simple"},"_links":{"self":[{"href":"https:\/\/brandss.com.py\/index\/wp-json\/wp\/v2\/product\/89717","targetHints":{"allow":["GET"]}}],"collection":[{"href":"https:\/\/brandss.com.py\/index\/wp-json\/wp\/v2\/product"}],"about":[{"href":"https:\/\/brandss.com.py\/index\/wp-json\/wp\/v2\/types\/product"}],"replies":[{"embeddable":true,"href":"https:\/\/brandss.com.py\/index\/wp-json\/wp\/v2\/comments?post=89717"}],"version-history":[{"count":1,"href":"https:\/\/brandss.com.py\/index\/wp-json\/wp\/v2\/product\/89717\/revisions"}],"predecessor-version":[{"id":89725,"href":"https:\/\/brandss.com.py\/index\/wp-json\/wp\/v2\/product\/89717\/revisions\/89725"}],"wp:featuredmedia":[{"embeddable":true,"href":"https:\/\/brandss.com.py\/index\/wp-json\/wp\/v2\/media\/89718"}],"wp:attachment":[{"href":"https:\/\/brandss.com.py\/index\/wp-json\/wp\/v2\/media?parent=89717"}],"wp:term":[{"taxonomy":"product_brand","embeddable":true,"href":"https:\/\/brandss.com.py\/index\/wp-json\/wp\/v2\/product_brand?post=89717"},{"taxonomy":"product_cat","embeddable":true,"href":"https:\/\/brandss.com.py\/index\/wp-json\/wp\/v2\/product_cat?post=89717"},{"taxonomy":"product_tag","embeddable":true,"href":"https:\/\/brandss.com.py\/index\/wp-json\/wp\/v2\/product_tag?post=89717"}],"curies":[{"name":"wp","href":"https:\/\/api.w.org\/{rel}","templated":true}]}}