{"id":89746,"date":"2025-09-04T18:22:20","date_gmt":"2025-09-04T18:22:20","guid":{"rendered":"https:\/\/brandss.com.py\/index\/?post_type=product&#038;p=89746"},"modified":"2025-10-27T17:00:46","modified_gmt":"2025-10-27T17:00:46","slug":"perfume-femenino-armaf-tag-donna-di-tierra-edp-100ml","status":"publish","type":"product","link":"https:\/\/brandss.com.py\/index\/producto\/perfume-femenino-armaf-tag-donna-di-tierra-edp-100ml\/","title":{"rendered":"PERFUME FEMENINO ARMAF TAG DONNA DI TIERRA EDP 100ML"},"content":{"rendered":"<p><img loading=\"lazy\" decoding=\"async\" class=\"\" src=\"https:\/\/vectorseek.com\/wp-content\/uploads\/2023\/12\/ARMAF-Logo-Vector.svg--300x300.png\" alt=\"ARMAF logo in PNG SVG Vector format - Free Download\" width=\"99\" height=\"99\" \/><\/p>\n<h1>TAG DONNA DI TIERRA<\/h1>\n<p>Descubre la esencia de la feminidad con Tag Donna Di Terra, una sinfon\u00eda floral que encanta y cautiva. Es tu jard\u00edn secreto en una botella, que promete un viaje a trav\u00e9s de campos floridos con cada rociado. Una fragancia que no solo embellece, sino que tambi\u00e9n celebra la fuerza y \u200b\u200bla gracia de la feminidad.<\/p>\n<p>Tag Donna Di Terra es una fragancia encantadora creada para la mujer moderna que encarna la confianza y la elegancia.<\/p>\n<p><img loading=\"lazy\" decoding=\"async\" class=\"alignleft\" src=\"https:\/\/d1a9qnv764bsoo.cloudfront.net\/stores\/005\/164\/317\/rte\/Captura%20de%20pantalla%202025-06-01%20180354.png\" width=\"506\" height=\"342\" \/><\/p>\n<h3>Notas Olfativas<\/h3>\n<p>&nbsp;<\/p>\n<p><span dir=\"auto\">Esta fragancia encantadora se abre con un matiz rosado de pimienta y c\u00edtricos, dando lugar a un suave aroma a rosa y especias, y finalmente se fusiona con una nota base c\u00e1lida y terrosa de pachul\u00ed. <\/span><\/p>\n<p><span dir=\"auto\">Perteneciente a la familia olfativa floral, este Spray proporciona el equilibrio perfecto de frescura, calidez y elegancia, convirti\u00e9ndolo en una opci\u00f3n ideal para cualquier ocasi\u00f3n. <\/span><span dir=\"auto\">Perfecto para ocasiones especiales o uso diario, realza tu encanto natural y deja una impresi\u00f3n duradera.<\/span><\/p>\n<p>Tag Donna Di Terra es una fragancia de la familia olfativa Floral para Mujeres. Esta fragrancia es nueva.\u00a0Tag Donna Di Terra\u00a0se lanz\u00f3 en 2024.<\/p>\n<p><strong>Notas de salida:<\/strong> pimienta rosa. c\u00edtricos.<\/p>\n<p><strong>Notas de coraz\u00f3n:<\/strong> rosa y notas especiadas.<\/p>\n<p><strong>Nota de fondo:<\/strong> pachul\u00ed.<\/p>\n<p>&nbsp;<\/p>\n","protected":false},"excerpt":{"rendered":"<p>TAG DONNA DI TIERRA Descubre la esencia de la feminidad con Tag Donna Di Terra, una sinfon\u00eda floral que encanta<\/p>\n","protected":false},"featured_media":89747,"comment_status":"open","ping_status":"closed","template":"","meta":{"nf_dc_page":""},"product_brand":[106],"product_cat":[84],"product_tag":[585],"class_list":{"0":"post-89746","1":"product","2":"type-product","3":"status-publish","4":"has-post-thumbnail","6":"product_brand-armaf","7":"product_cat-perfumeria","8":"product_tag-585","10":"first","11":"instock","12":"shipping-taxable","13":"purchasable","14":"product-type-simple"},"_links":{"self":[{"href":"https:\/\/brandss.com.py\/index\/wp-json\/wp\/v2\/product\/89746","targetHints":{"allow":["GET"]}}],"collection":[{"href":"https:\/\/brandss.com.py\/index\/wp-json\/wp\/v2\/product"}],"about":[{"href":"https:\/\/brandss.com.py\/index\/wp-json\/wp\/v2\/types\/product"}],"replies":[{"embeddable":true,"href":"https:\/\/brandss.com.py\/index\/wp-json\/wp\/v2\/comments?post=89746"}],"version-history":[{"count":1,"href":"https:\/\/brandss.com.py\/index\/wp-json\/wp\/v2\/product\/89746\/revisions"}],"predecessor-version":[{"id":89752,"href":"https:\/\/brandss.com.py\/index\/wp-json\/wp\/v2\/product\/89746\/revisions\/89752"}],"wp:featuredmedia":[{"embeddable":true,"href":"https:\/\/brandss.com.py\/index\/wp-json\/wp\/v2\/media\/89747"}],"wp:attachment":[{"href":"https:\/\/brandss.com.py\/index\/wp-json\/wp\/v2\/media?parent=89746"}],"wp:term":[{"taxonomy":"product_brand","embeddable":true,"href":"https:\/\/brandss.com.py\/index\/wp-json\/wp\/v2\/product_brand?post=89746"},{"taxonomy":"product_cat","embeddable":true,"href":"https:\/\/brandss.com.py\/index\/wp-json\/wp\/v2\/product_cat?post=89746"},{"taxonomy":"product_tag","embeddable":true,"href":"https:\/\/brandss.com.py\/index\/wp-json\/wp\/v2\/product_tag?post=89746"}],"curies":[{"name":"wp","href":"https:\/\/api.w.org\/{rel}","templated":true}]}}