{"id":89763,"date":"2025-09-04T19:17:34","date_gmt":"2025-09-04T19:17:34","guid":{"rendered":"https:\/\/brandss.com.py\/index\/?post_type=product&#038;p=89763"},"modified":"2026-03-16T14:24:20","modified_gmt":"2026-03-16T14:24:20","slug":"perfume-masculino-french-avenue-liquid-brun-edp-100ml","status":"publish","type":"product","link":"https:\/\/brandss.com.py\/index\/producto\/perfume-masculino-french-avenue-liquid-brun-edp-100ml\/","title":{"rendered":"PERFUME MASCULINO FRENCH AVENUE LIQUID BRUN EDP 100ML"},"content":{"rendered":"<p><img loading=\"lazy\" decoding=\"async\" class=\"\" src=\"https:\/\/acdn-us.mitiendanube.com\/stores\/004\/407\/494\/products\/logo-french-avenue-9cf060d2d3a303a77f17393022358551-1024-1024.png\" alt=\"Liquid Brun 100ml - Fragancia Amaderada y Sofisticada\" width=\"147\" height=\"55\" \/><\/p>\n<h1>LIQUID BRUN<\/h1>\n<p><span dir=\"auto\">Es una fragancia rica y amaderada. Est\u00e1 especialmente dise\u00f1ado para el hombre moderno que valora la calidez y el misterio. Combinando especias, dulzura y sofisticaci\u00f3n, Liquid Brun ofrece una experiencia <\/span><span dir=\"auto\">ar\u00e1biga duradera<\/span><span dir=\"auto\">, ideal para las noches o para salidas frescas durante el d\u00eda.<\/span><\/p>\n<p><img loading=\"lazy\" decoding=\"async\" class=\"alignleft\" src=\"https:\/\/dupes.se\/cdn\/shop\/files\/French_Avenue_Liquid_Brun.jpg?v=1739401787&amp;width=800\" width=\"480\" height=\"486\" \/><\/p>\n<h3>Notas Olfativas<\/h3>\n<p>&nbsp;<\/p>\n<p><span dir=\"auto\">Desde la primera aplicaci\u00f3n, la fragancia Liquid Brun se abre con una c\u00e1lida explosi\u00f3n de canela y cardamomo, equilibrada por la frescura de la bergamota y un suave toque floral de azahar. Al asentarse, la rica vainilla bourbon y el ex\u00f3tico elem\u00ed reconfortan el coraz\u00f3n. Finalmente, la base revela profundas capas de almizcle, pralin\u00e9 dulce, cremoso ambroxan y madera de guayaco ahumada.<\/span><\/p>\n<p><span dir=\"auto\">Liquid Brun es perfecto para quienes buscan una fragancia distintiva que deje huella. Ya sea para una ocasi\u00f3n formal o para un atuendo atrevido para el d\u00eda a d\u00eda, esta fragancia complementa el estilo sofisticado y en constante evoluci\u00f3n.<\/span><\/p>\n<p>El\u00a0<span dir=\"ltr\" lang=\"es-MX\">Perfume French Avenue Liquid Brun <\/span>es una fragancia de la familia olfativa<span dir=\"ltr\" lang=\"es-MX\">\u00a0<\/span><span dir=\"ltr\" lang=\"es-MX\">oriental amaderada<\/span><span dir=\"ltr\" lang=\"es-MX\">\u00a0gourmand\u00a0<\/span><span dir=\"ltr\" lang=\"es-MX\">para hombres<\/span>\u00a0<span dir=\"ltr\" lang=\"es-MX\">que transmite sofisticaci\u00f3n y calidez con una excelente fijaci\u00f3n\u00a0<\/span><span dir=\"ltr\" lang=\"es-MX\">y de larga duraci\u00f3n<\/span>. Con una concentraci\u00f3n<span dir=\"ltr\" lang=\"es-MX\">\u00a0Eau de\u00a0<\/span>Parfum. Sus notas est\u00e1n compuestas por los siguientes ingredientes:<\/p>\n<ul>\n<li><strong>Notas de salida:<\/strong><span dir=\"ltr\" lang=\"es-MX\"><strong>\u00a0<\/strong><\/span><span dir=\"ltr\" lang=\"es-MX\">Canela, cardamomo, flor de azahar, bergamota.<\/span><\/li>\n<li><strong>Notas de coraz\u00f3n:<\/strong><span dir=\"ltr\" lang=\"es-MX\"><strong>\u00a0<\/strong><\/span><span dir=\"ltr\" lang=\"es-MX\">Vainilla bourbon, elem\u00ed<\/span>.<\/li>\n<li><strong>Notas de fondo:<\/strong><span dir=\"ltr\" lang=\"es-MX\"><strong>\u00a0<\/strong>Pralin\u00e9, almizcle, ambroxan, madera de guayaco.<\/span><\/li>\n<\/ul>\n","protected":false},"excerpt":{"rendered":"<p>LIQUID BRUN Es una fragancia rica y amaderada. Est\u00e1 especialmente dise\u00f1ado para el hombre moderno que valora la calidez y<\/p>\n","protected":false},"featured_media":89764,"comment_status":"open","ping_status":"closed","template":"","meta":{"nf_dc_page":""},"product_brand":[112],"product_cat":[84],"product_tag":[595],"class_list":{"0":"post-89763","1":"product","2":"type-product","3":"status-publish","4":"has-post-thumbnail","6":"product_brand-french-avenue","7":"product_cat-perfumeria","8":"product_tag-595","10":"first","11":"instock","12":"shipping-taxable","13":"purchasable","14":"product-type-simple"},"_links":{"self":[{"href":"https:\/\/brandss.com.py\/index\/wp-json\/wp\/v2\/product\/89763","targetHints":{"allow":["GET"]}}],"collection":[{"href":"https:\/\/brandss.com.py\/index\/wp-json\/wp\/v2\/product"}],"about":[{"href":"https:\/\/brandss.com.py\/index\/wp-json\/wp\/v2\/types\/product"}],"replies":[{"embeddable":true,"href":"https:\/\/brandss.com.py\/index\/wp-json\/wp\/v2\/comments?post=89763"}],"version-history":[{"count":1,"href":"https:\/\/brandss.com.py\/index\/wp-json\/wp\/v2\/product\/89763\/revisions"}],"predecessor-version":[{"id":89770,"href":"https:\/\/brandss.com.py\/index\/wp-json\/wp\/v2\/product\/89763\/revisions\/89770"}],"wp:featuredmedia":[{"embeddable":true,"href":"https:\/\/brandss.com.py\/index\/wp-json\/wp\/v2\/media\/89764"}],"wp:attachment":[{"href":"https:\/\/brandss.com.py\/index\/wp-json\/wp\/v2\/media?parent=89763"}],"wp:term":[{"taxonomy":"product_brand","embeddable":true,"href":"https:\/\/brandss.com.py\/index\/wp-json\/wp\/v2\/product_brand?post=89763"},{"taxonomy":"product_cat","embeddable":true,"href":"https:\/\/brandss.com.py\/index\/wp-json\/wp\/v2\/product_cat?post=89763"},{"taxonomy":"product_tag","embeddable":true,"href":"https:\/\/brandss.com.py\/index\/wp-json\/wp\/v2\/product_tag?post=89763"}],"curies":[{"name":"wp","href":"https:\/\/api.w.org\/{rel}","templated":true}]}}