{"id":89771,"date":"2025-09-05T11:05:13","date_gmt":"2025-09-05T11:05:13","guid":{"rendered":"https:\/\/brandss.com.py\/index\/?post_type=product&#038;p=89771"},"modified":"2025-09-29T13:58:14","modified_gmt":"2025-09-29T13:58:14","slug":"perfume-infantil-grandeur-tubbees-cotton-candy-edp-50ml","status":"publish","type":"product","link":"https:\/\/brandss.com.py\/index\/producto\/perfume-infantil-grandeur-tubbees-cotton-candy-edp-50ml\/","title":{"rendered":"PERFUME INFANTIL GRANDEUR \u00c9LITE TUBBEES COTTON CANDY EDP 50ML"},"content":{"rendered":"<p><img loading=\"lazy\" decoding=\"async\" class=\"\" src=\"https:\/\/arabicparfums.com\/cdn\/shop\/collections\/grandeur-Logo-Brand_webp_1200x637.png?v=1742068443\" alt=\"GRANDEUR ELITE \u2014 Arabic Parfums\" width=\"132\" height=\"70\" \/><\/p>\n<h1>TUBBEES COTTON CANDY<\/h1>\n<p>Sum\u00e9rgete en un mundo de dulzura y alegr\u00eda con Tubbees Cotton Candy, una fragancia irresistible dise\u00f1ada para capturar la magia de la infancia. Perfecta para ni\u00f1os y j\u00f3venes de esp\u00edritu, esta divertida fragancia revive la diversi\u00f3n y la fantas\u00eda de un d\u00eda de carnaval. Tubbees Algod\u00f3n de Az\u00facar es la fragancia perfecta para ni\u00f1os que buscan algo dulce, divertido y con personalidad. Tambi\u00e9n es una excelente opci\u00f3n para quienes disfrutan de despertar su infancia y a\u00f1adir un toque de dulzura y alegr\u00eda a su d\u00eda.<\/p>\n<p><img loading=\"lazy\" decoding=\"async\" class=\"alignleft\" src=\"https:\/\/cdnx.jumpseller.com\/perfumes1\/image\/65245751\/1_20_2839_29.webp?1752087626\" width=\"607\" height=\"607\" \/><\/p>\n<h3>Notas Olfativas<\/h3>\n<p><span dir=\"auto\">La fragancia se abre con un cremoso toque de leche de coco, creando un tono suave y tropical que deleita los sentidos con su suave y dulce entrada. Esta nota de salida evoca la emoci\u00f3n de los dulces y los momentos divertidos, captando de inmediato la atenci\u00f3n de los j\u00f3venes amantes de los perfumes.<\/span><\/p>\n<p><span dir=\"auto\">En el coraz\u00f3n, la fragancia se deleita con una rica y dulce mezcla de caramelo y algod\u00f3n de az\u00facar. El caramelo aporta una dulzura c\u00e1lida y pegajosa, mientras que el algod\u00f3n de az\u00facar crea un aroma esponjoso y azucarado que se siente como una nube de alegr\u00eda. Este centro l\u00fadico y dulce encarna a la perfecci\u00f3n el esp\u00edritu despreocupado de los ni\u00f1os y su amor por todo lo divertido y encantador.<\/span><\/p>\n<p><span dir=\"auto\">Las notas de fondo de almizcle y vainilla proporcionan un final suave y reconfortante, haciendo que el aroma sea duradero y delicado. La vainilla aporta una calidez cremosa que te envuelve como una manta acogedora, mientras que el almizcle a\u00f1ade una sutil profundidad atalcada que mantiene la fragancia limpia y suave.<\/span><\/p>\n<ul>\n<li><strong><span dir=\"auto\">Notas de salida:<\/span><\/strong><span dir=\"auto\"> Leche de coco.<\/span><\/li>\n<li><strong><span dir=\"auto\">Notas de coraz\u00f3n:<\/span><\/strong><span dir=\"auto\"> Caramelo, algod\u00f3n de az\u00facar.<\/span><\/li>\n<li><strong><span dir=\"auto\">Notas de fondo:<\/span><\/strong><span dir=\"auto\"> Almizcle, vainilla.<\/span><\/li>\n<\/ul>\n","protected":false},"excerpt":{"rendered":"<p>TUBBEES COTTON CANDY Sum\u00e9rgete en un mundo de dulzura y alegr\u00eda con Tubbees Cotton Candy, una fragancia irresistible dise\u00f1ada para<\/p>\n","protected":false},"featured_media":89772,"comment_status":"open","ping_status":"closed","template":"","meta":{"nf_dc_page":""},"product_brand":[113],"product_cat":[84],"product_tag":[600],"class_list":{"0":"post-89771","1":"product","2":"type-product","3":"status-publish","4":"has-post-thumbnail","6":"product_brand-grandeur","7":"product_cat-perfumeria","8":"product_tag-600","10":"first","11":"instock","12":"sale","13":"shipping-taxable","14":"purchasable","15":"product-type-simple"},"_links":{"self":[{"href":"https:\/\/brandss.com.py\/index\/wp-json\/wp\/v2\/product\/89771","targetHints":{"allow":["GET"]}}],"collection":[{"href":"https:\/\/brandss.com.py\/index\/wp-json\/wp\/v2\/product"}],"about":[{"href":"https:\/\/brandss.com.py\/index\/wp-json\/wp\/v2\/types\/product"}],"replies":[{"embeddable":true,"href":"https:\/\/brandss.com.py\/index\/wp-json\/wp\/v2\/comments?post=89771"}],"version-history":[{"count":2,"href":"https:\/\/brandss.com.py\/index\/wp-json\/wp\/v2\/product\/89771\/revisions"}],"predecessor-version":[{"id":89778,"href":"https:\/\/brandss.com.py\/index\/wp-json\/wp\/v2\/product\/89771\/revisions\/89778"}],"wp:featuredmedia":[{"embeddable":true,"href":"https:\/\/brandss.com.py\/index\/wp-json\/wp\/v2\/media\/89772"}],"wp:attachment":[{"href":"https:\/\/brandss.com.py\/index\/wp-json\/wp\/v2\/media?parent=89771"}],"wp:term":[{"taxonomy":"product_brand","embeddable":true,"href":"https:\/\/brandss.com.py\/index\/wp-json\/wp\/v2\/product_brand?post=89771"},{"taxonomy":"product_cat","embeddable":true,"href":"https:\/\/brandss.com.py\/index\/wp-json\/wp\/v2\/product_cat?post=89771"},{"taxonomy":"product_tag","embeddable":true,"href":"https:\/\/brandss.com.py\/index\/wp-json\/wp\/v2\/product_tag?post=89771"}],"curies":[{"name":"wp","href":"https:\/\/api.w.org\/{rel}","templated":true}]}}