{"id":89789,"date":"2025-09-05T12:33:55","date_gmt":"2025-09-05T12:33:55","guid":{"rendered":"https:\/\/brandss.com.py\/index\/?post_type=product&#038;p=89789"},"modified":"2025-11-26T14:16:01","modified_gmt":"2025-11-26T14:16:01","slug":"perfume-unisex-lattafa-niche-emarati-al-jawhara-edp-100ml","status":"publish","type":"product","link":"https:\/\/brandss.com.py\/index\/producto\/perfume-unisex-lattafa-niche-emarati-al-jawhara-edp-100ml\/","title":{"rendered":"PERFUME UNISEX LATTAFA NICHE EMARATI AL JAWHARA EDP 100ML"},"content":{"rendered":"<p><img loading=\"lazy\" decoding=\"async\" class=\"\" src=\"https:\/\/myscentjourney.s3.us-east-2.amazonaws.com\/2022\/02\/14\/29KIascent_j_marca_1644871114_202.png\" alt=\"MSJ::LATTAFA\" width=\"99\" height=\"118\" \/><\/p>\n<h1>NICHE EMARATI AL JAWHARA<\/h1>\n<p>Una creaci\u00f3n compleja y sofisticada, dise\u00f1ada para destacar por su elegancia oriental y su profundidad arom\u00e1tica. Al Jawhara es un perfume ideal para quienes buscan un aroma distintivo, sofisticado y con un equilibrio entre dulzura, especias y calidez. Se percibe como opulento y con una proyecci\u00f3n moderada a intensa, ideal para ocasiones especiales o noches elegantes. Su longevidad es destacable gracias a las notas de ambroxan y pachul\u00ed.<\/p>\n<p>Al Jawhara es una fragancia que destila elegancia y encanto, perfecta para quienes aprecian un aroma refinado y cautivador. Ya sea para ocasiones especiales o para disfrutar a diario, este exquisito perfume promete envolverte en un velo de lujo y seducci\u00f3n, dejando una huella imborrable dondequiera que vayas.<\/p>\n<p><img loading=\"lazy\" decoding=\"async\" class=\"alignleft\" src=\"https:\/\/www.atlanticoshop.com.py\/image\/catalog\/armaf\/al%20jawhara%20desc-1%20esp.jpg\" width=\"597\" height=\"597\" \/><\/p>\n<h3>Notas Olfativas<\/h3>\n<p>&nbsp;<\/p>\n<p><span dir=\"auto\">Descubre la cautivadora esencia de\u00a0<\/span><span dir=\"auto\">Al Jawhara<\/span><span dir=\"auto\">, una lujosa\u00a0<\/span><span dir=\"auto\">fragancia<\/span><span dir=\"auto\">\u00a0creada exclusivamente\u00a0<\/span><span dir=\"auto\">para hombres y mujeres<\/span><span dir=\"auto\">. Este Eau de Parfum pertenece a la prestigiosa <\/span><span dir=\"auto\">colecci\u00f3n Niche Emarati<\/span><span dir=\"auto\">, que encarna la rica tradici\u00f3n de la perfumer\u00eda de Oriente Medio. Al Jawhara significa &#8221;\u00a0<\/span><span dir=\"auto\">La Joya<\/span><span dir=\"auto\">\u00a0&#8221; y esta fragancia brilla con su singular combinaci\u00f3n de notas ex\u00f3ticas y seductoras.<\/span><\/p>\n<p><span dir=\"auto\">La composici\u00f3n\u00a0<\/span><span dir=\"auto\">se abre<\/span><span dir=\"auto\">\u00a0con vibrantes y especiadas\u00a0<\/span><span dir=\"auto\">notas de pimienta rosa y davana<\/span><span dir=\"auto\">, creando una entrada energizante y cautivadora que llena el ambiente de calidez y encanto. En el\u00a0<\/span><span dir=\"auto\">coraz\u00f3n<\/span><span dir=\"auto\">\u00a0de la fragancia, se despliegan\u00a0<\/span><span dir=\"auto\">notas arom\u00e1ticas de canela, osmanto y ciruela<\/span><span dir=\"auto\">,<\/span><span dir=\"auto\">\u00a0que aportan dulzura y elegancia floral, brindando un deleite sensual.<\/span><\/p>\n<p><span dir=\"auto\">Las\u00a0<\/span><span dir=\"auto\">notas de fondo de l\u00e1dano, ambrox\u00e1n, pachul\u00ed y almizcle<\/span><span dir=\"auto\">\u00a0forman una base duradera y profunda, dejando tras de s\u00ed una estela c\u00e1lida y misteriosa que encanta con su encanto m\u00edstico.<\/span><\/p>\n<ul>\n<li><strong><span dir=\"auto\">Notas de salida:<\/span><\/strong><span dir=\"auto\"> pimienta rosa, davana.<\/span><\/li>\n<li><strong><span dir=\"auto\">Notas de coraz\u00f3n:<\/span><\/strong><span dir=\"auto\"> Canela, osmanthus, acorde de ciruela.<\/span><\/li>\n<li><strong><span dir=\"auto\">Notas de fondo:<\/span><\/strong><span dir=\"auto\"> L\u00e1dano, ambroxan, pachul\u00ed, almizcle.<\/span><\/li>\n<\/ul>\n","protected":false},"excerpt":{"rendered":"<p>NICHE EMARATI AL JAWHARA Una creaci\u00f3n compleja y sofisticada, dise\u00f1ada para destacar por su elegancia oriental y su profundidad arom\u00e1tica.<\/p>\n","protected":false},"featured_media":89790,"comment_status":"open","ping_status":"closed","template":"","meta":{"nf_dc_page":""},"product_brand":[109],"product_cat":[84],"product_tag":[611],"class_list":{"0":"post-89789","1":"product","2":"type-product","3":"status-publish","4":"has-post-thumbnail","6":"product_brand-lattafa","7":"product_cat-perfumeria","8":"product_tag-611","10":"first","11":"instock","12":"sale","13":"shipping-taxable","14":"purchasable","15":"product-type-simple"},"_links":{"self":[{"href":"https:\/\/brandss.com.py\/index\/wp-json\/wp\/v2\/product\/89789","targetHints":{"allow":["GET"]}}],"collection":[{"href":"https:\/\/brandss.com.py\/index\/wp-json\/wp\/v2\/product"}],"about":[{"href":"https:\/\/brandss.com.py\/index\/wp-json\/wp\/v2\/types\/product"}],"replies":[{"embeddable":true,"href":"https:\/\/brandss.com.py\/index\/wp-json\/wp\/v2\/comments?post=89789"}],"version-history":[{"count":1,"href":"https:\/\/brandss.com.py\/index\/wp-json\/wp\/v2\/product\/89789\/revisions"}],"predecessor-version":[{"id":89795,"href":"https:\/\/brandss.com.py\/index\/wp-json\/wp\/v2\/product\/89789\/revisions\/89795"}],"wp:featuredmedia":[{"embeddable":true,"href":"https:\/\/brandss.com.py\/index\/wp-json\/wp\/v2\/media\/89790"}],"wp:attachment":[{"href":"https:\/\/brandss.com.py\/index\/wp-json\/wp\/v2\/media?parent=89789"}],"wp:term":[{"taxonomy":"product_brand","embeddable":true,"href":"https:\/\/brandss.com.py\/index\/wp-json\/wp\/v2\/product_brand?post=89789"},{"taxonomy":"product_cat","embeddable":true,"href":"https:\/\/brandss.com.py\/index\/wp-json\/wp\/v2\/product_cat?post=89789"},{"taxonomy":"product_tag","embeddable":true,"href":"https:\/\/brandss.com.py\/index\/wp-json\/wp\/v2\/product_tag?post=89789"}],"curies":[{"name":"wp","href":"https:\/\/api.w.org\/{rel}","templated":true}]}}