{"id":89797,"date":"2025-09-05T13:55:04","date_gmt":"2025-09-05T13:55:04","guid":{"rendered":"https:\/\/brandss.com.py\/index\/?post_type=product&#038;p=89797"},"modified":"2025-11-28T12:00:12","modified_gmt":"2025-11-28T12:00:12","slug":"perfume-unisex-lattafa-pride-ansaam-gold-edp-100ml","status":"publish","type":"product","link":"https:\/\/brandss.com.py\/index\/producto\/perfume-unisex-lattafa-pride-ansaam-gold-edp-100ml\/","title":{"rendered":"PERFUME UNISEX LATTAFA PRIDE ANSAAM GOLD EDP 100ML"},"content":{"rendered":"<p><img loading=\"lazy\" decoding=\"async\" class=\"\" src=\"https:\/\/myscentjourney.s3.us-east-2.amazonaws.com\/2022\/02\/14\/29KIascent_j_marca_1644871114_202.png\" alt=\"MSJ::LATTAFA\" width=\"93\" height=\"110\" \/><\/p>\n<h1>PRIDE ANSAAM GOLD<\/h1>\n<p>Descubre una fragancia que no encaja perfectamente en un formato convencional y que, en cambio, resalta tu individualidad. El perfume Ansaam Gold es vers\u00e1til, ideal para diversas ocasiones. Ya sea para un evento especial, para ir a trabajar o simplemente para disfrutar de una salida informal, esta fragancia complementa tu estilo y personalidad a la perfecci\u00f3n.<\/p>\n<p><span dir=\"auto\">Disfruta del arte de la expresi\u00f3n personal con el perfume Ansaam Gold. Abraza tu singularidad, celebra tu individualidad y deja huella con cada rociado. No es solo un perfume; es una oda a ti.<\/span><\/p>\n<p><span dir=\"auto\">Mejora tu colecci\u00f3n de fragancias con el perfume Ansaam Gold de Lattafa Pride y deja que tu aroma hable por ti.<\/span><\/p>\n<p><img loading=\"lazy\" decoding=\"async\" class=\"alignleft\" src=\"https:\/\/www.atlanticoshop.com.py\/image\/catalog\/armaf\/ansaam%20gold%20desc-1%20esp.jpg\" width=\"610\" height=\"610\" \/><\/p>\n<h3>Notas Olfativas<\/h3>\n<p>&nbsp;<\/p>\n<p><span dir=\"auto\">El perfume Ansaam Gold se abre con una explosi\u00f3n de frescura que combina la jugosa dulzura de la pera con la vibrante intensidad de la mandarina. Este inicio vibrante y estimulante prepara el camino para el coraz\u00f3n de la fragancia, donde la elegancia de la rosa y el encanto atemporal del jazm\u00edn se unen a la dulzura juguetona del caramelo. Es una mezcla armoniosa, cautivadora y seductora.<\/span><\/p>\n<p><span dir=\"auto\">A medida que la fragancia evoluciona, se asienta en una base c\u00e1lida y sensual. La frambuesa madura aporta un toque delicioso, mientras que el almizcle aporta una profundidad suave y acogedora. El toque final es vainilla, que ofrece un final cremoso y reconfortante que perdura en la piel.<\/span><\/p>\n<p><span dir=\"auto\">El perfume Ansaam Gold es vers\u00e1til, ideal para diversas ocasiones. Ya sea para un evento especial, para ir a trabajar o simplemente para disfrutar de una salida informal, esta fragancia complementa tu estilo y personalidad a la perfecci\u00f3n.<\/span><\/p>\n<p><span dir=\"auto\">El perfume Ansaam Gold pertenece a la familia de fragancias orientales, conocidas por sus caracter\u00edsticas c\u00e1lidas y ex\u00f3ticas. Es la opci\u00f3n ideal para quienes buscan una fragancia que destaque y deje una huella imborrable.<\/span><\/p>\n<p>El perfume Lattafa\u00a0Pride Ansaam Gold\u00a0es una fragancia de la familia olfativa o<span dir=\"ltr\" lang=\"es-MX\">riental floral<\/span>\u00a0para hombres y mujeres.\u00a0Con una concentraci\u00f3n del tipo Eau de Parfum, ofrece una duradera y alta intensidad arom\u00e1tica en la piel. Sus notas est\u00e1n compuestas por los siguientes ingredientes.<\/p>\n<ul>\n<li><strong>Notas de salida:<\/strong> Mandarina, pera.<\/li>\n<li><strong>Notas de coraz\u00f3n:<\/strong> Notas dulces, jazm\u00edn, rosa.<\/li>\n<li><strong>Notas de fondo:\u00a0<\/strong>Vainilla, almizcle, frambuesa.<\/li>\n<\/ul>\n","protected":false},"excerpt":{"rendered":"<p>PRIDE ANSAAM GOLD Descubre una fragancia que no encaja perfectamente en un formato convencional y que, en cambio, resalta tu<\/p>\n","protected":false},"featured_media":89798,"comment_status":"open","ping_status":"closed","template":"","meta":{"nf_dc_page":""},"product_brand":[109],"product_cat":[84],"product_tag":[617],"class_list":{"0":"post-89797","1":"product","2":"type-product","3":"status-publish","4":"has-post-thumbnail","6":"product_brand-lattafa","7":"product_cat-perfumeria","8":"product_tag-617","10":"first","11":"instock","12":"sale","13":"shipping-taxable","14":"purchasable","15":"product-type-simple"},"_links":{"self":[{"href":"https:\/\/brandss.com.py\/index\/wp-json\/wp\/v2\/product\/89797","targetHints":{"allow":["GET"]}}],"collection":[{"href":"https:\/\/brandss.com.py\/index\/wp-json\/wp\/v2\/product"}],"about":[{"href":"https:\/\/brandss.com.py\/index\/wp-json\/wp\/v2\/types\/product"}],"replies":[{"embeddable":true,"href":"https:\/\/brandss.com.py\/index\/wp-json\/wp\/v2\/comments?post=89797"}],"version-history":[{"count":1,"href":"https:\/\/brandss.com.py\/index\/wp-json\/wp\/v2\/product\/89797\/revisions"}],"predecessor-version":[{"id":89803,"href":"https:\/\/brandss.com.py\/index\/wp-json\/wp\/v2\/product\/89797\/revisions\/89803"}],"wp:featuredmedia":[{"embeddable":true,"href":"https:\/\/brandss.com.py\/index\/wp-json\/wp\/v2\/media\/89798"}],"wp:attachment":[{"href":"https:\/\/brandss.com.py\/index\/wp-json\/wp\/v2\/media?parent=89797"}],"wp:term":[{"taxonomy":"product_brand","embeddable":true,"href":"https:\/\/brandss.com.py\/index\/wp-json\/wp\/v2\/product_brand?post=89797"},{"taxonomy":"product_cat","embeddable":true,"href":"https:\/\/brandss.com.py\/index\/wp-json\/wp\/v2\/product_cat?post=89797"},{"taxonomy":"product_tag","embeddable":true,"href":"https:\/\/brandss.com.py\/index\/wp-json\/wp\/v2\/product_tag?post=89797"}],"curies":[{"name":"wp","href":"https:\/\/api.w.org\/{rel}","templated":true}]}}