{"id":89809,"date":"2025-09-05T17:16:25","date_gmt":"2025-09-05T17:16:25","guid":{"rendered":"https:\/\/brandss.com.py\/index\/?post_type=product&#038;p=89809"},"modified":"2026-03-17T10:43:40","modified_gmt":"2026-03-17T10:43:40","slug":"perfume-unisex-lattafa-bayaan-edp-100ml","status":"publish","type":"product","link":"https:\/\/brandss.com.py\/index\/producto\/perfume-unisex-lattafa-bayaan-edp-100ml\/","title":{"rendered":"PERFUME UNISEX LATTAFA BAYAAN EDP 100ML"},"content":{"rendered":"<p><img loading=\"lazy\" decoding=\"async\" class=\"\" src=\"https:\/\/myscentjourney.s3.us-east-2.amazonaws.com\/2022\/02\/14\/29KIascent_j_marca_1644871114_202.png\" alt=\"MSJ::LATTAFA\" width=\"103\" height=\"123\" \/><\/p>\n<h1>BAYAAN<\/h1>\n<p>Es una fragancia cautivadora y elegante que combina notas dulces, especiadas y amaderadas para crear un aroma de refinada sofisticaci\u00f3n. Esta lujosa fragancia es perfecta para quienes aprecian un equilibrio armonioso de elementos ricos y vibrantes. Bayaan es una fragancia que irradia elegancia y encanto, ideal tanto para ocasiones especiales como para el d\u00eda a d\u00eda. Este exquisito perfume promete envolverte en un velo de lujo y seducci\u00f3n, dejando una huella imborrable dondequiera que vayas.<\/p>\n<p><img loading=\"lazy\" decoding=\"async\" class=\"alignleft\" src=\"https:\/\/fragarabic.com\/cdn\/shop\/files\/Bayaan_Lattafa_Eau_de_Parfum_Unisex_Fondo_Blanco.webp?v=1752132790&amp;width=1024\" width=\"555\" height=\"555\" \/><\/p>\n<h3>Notas Olfativas<\/h3>\n<p>&nbsp;<\/p>\n<p><span dir=\"auto\">Bayaan abre con una deliciosa y refrescante mezcla de grosella negra, lichi y pimienta rosa. La dulzura afrutada del grosella negra y el lichi contrasta a la perfecci\u00f3n con la calidez picante de la pimienta rosa, creando una entrada vigorizante y din\u00e1mica que capta la atenci\u00f3n al instante.<\/span><\/p>\n<p><span dir=\"auto\">A medida que la fragancia se desarrolla, el coraz\u00f3n revela una lujosa mezcla de rosa, cardamomo y pralin\u00e9. El aroma rom\u00e1ntico y atemporal de la rosa se complementa con la especia arom\u00e1tica del cardamomo, que aporta profundidad y complejidad. El pralin\u00e9 aporta un toque goloso, rico y dulce, que realza la sofisticaci\u00f3n y el encanto de la fragancia.<\/span><\/p>\n<p><span dir=\"auto\">En la base, Bayaan deja una huella imborrable con su profunda y c\u00e1lida mezcla de musgo, oud y vainilla. La esencia terrosa y verde del musgo proporciona una base s\u00f3lida, mientras que el oud aporta una rica profundidad amaderada. La vainilla aporta una dulzura cremosa que suaviza la composici\u00f3n, creando un acabado suave y memorable que perdura en la piel.<\/span><\/p>\n<p>El perfume Lattafa\u00a0<span dir=\"ltr\" lang=\"es-MX\">Bayaan\u00a0<\/span>es una fragancia de la familia olfativa<span dir=\"ltr\" lang=\"es-MX\">\u00a0f<\/span><span dir=\"ltr\" lang=\"es-MX\">loral frutal gourmand<\/span><span dir=\"ltr\" lang=\"es-MX\">\u00a0<\/span>para mujeres y hombres.\u00a0Con una concentraci\u00f3n del tipo Eau de Parfum, ofrece una duradera y alta intensidad arom\u00e1tica en la piel. Sus notas est\u00e1n compuestas por los siguientes ingredientes.<\/p>\n<ul>\n<li><span><span dir=\"ltr\" lang=\"es-MX\"><strong>Notas de salida:<\/strong><\/span><\/span>\u00a0<span><span dir=\"ltr\" lang=\"es-MX\">Cassis, canela, lichi, pimienta rosa.<\/span><\/span><\/li>\n<li><strong>Nota<\/strong><span dir=\"ltr\" lang=\"es-MX\"><strong>s<\/strong><\/span><strong>\u00a0de coraz\u00f3n:<\/strong> Cardamomo, flor de naranja, rosa,<span dir=\"ltr\" lang=\"es-MX\">\u00a0<\/span>pralin\u00e9.<\/li>\n<li><strong>Notas de fondo:<\/strong> Oud, vainilla,<span dir=\"ltr\" lang=\"es-MX\">\u00a0<\/span>musgo.<\/li>\n<\/ul>\n","protected":false},"excerpt":{"rendered":"<p>BAYAAN Es una fragancia cautivadora y elegante que combina notas dulces, especiadas y amaderadas para crear un aroma de refinada<\/p>\n","protected":false},"featured_media":89810,"comment_status":"open","ping_status":"closed","template":"","meta":{"nf_dc_page":""},"product_brand":[109],"product_cat":[84],"product_tag":[629],"class_list":{"0":"post-89809","1":"product","2":"type-product","3":"status-publish","4":"has-post-thumbnail","6":"product_brand-lattafa","7":"product_cat-perfumeria","8":"product_tag-629","10":"first","11":"outofstock","12":"shipping-taxable","13":"purchasable","14":"product-type-simple"},"_links":{"self":[{"href":"https:\/\/brandss.com.py\/index\/wp-json\/wp\/v2\/product\/89809","targetHints":{"allow":["GET"]}}],"collection":[{"href":"https:\/\/brandss.com.py\/index\/wp-json\/wp\/v2\/product"}],"about":[{"href":"https:\/\/brandss.com.py\/index\/wp-json\/wp\/v2\/types\/product"}],"replies":[{"embeddable":true,"href":"https:\/\/brandss.com.py\/index\/wp-json\/wp\/v2\/comments?post=89809"}],"version-history":[{"count":1,"href":"https:\/\/brandss.com.py\/index\/wp-json\/wp\/v2\/product\/89809\/revisions"}],"predecessor-version":[{"id":89815,"href":"https:\/\/brandss.com.py\/index\/wp-json\/wp\/v2\/product\/89809\/revisions\/89815"}],"wp:featuredmedia":[{"embeddable":true,"href":"https:\/\/brandss.com.py\/index\/wp-json\/wp\/v2\/media\/89810"}],"wp:attachment":[{"href":"https:\/\/brandss.com.py\/index\/wp-json\/wp\/v2\/media?parent=89809"}],"wp:term":[{"taxonomy":"product_brand","embeddable":true,"href":"https:\/\/brandss.com.py\/index\/wp-json\/wp\/v2\/product_brand?post=89809"},{"taxonomy":"product_cat","embeddable":true,"href":"https:\/\/brandss.com.py\/index\/wp-json\/wp\/v2\/product_cat?post=89809"},{"taxonomy":"product_tag","embeddable":true,"href":"https:\/\/brandss.com.py\/index\/wp-json\/wp\/v2\/product_tag?post=89809"}],"curies":[{"name":"wp","href":"https:\/\/api.w.org\/{rel}","templated":true}]}}