{"id":89822,"date":"2025-09-05T18:36:22","date_gmt":"2025-09-05T18:36:22","guid":{"rendered":"https:\/\/brandss.com.py\/index\/?post_type=product&#038;p=89822"},"modified":"2026-03-17T13:53:04","modified_gmt":"2026-03-17T13:53:04","slug":"perfume-unisex-lattafa-eclaire-banoffi-edp-100ml","status":"publish","type":"product","link":"https:\/\/brandss.com.py\/index\/producto\/perfume-unisex-lattafa-eclaire-banoffi-edp-100ml\/","title":{"rendered":"PERFUME UNISEX LATTAFA ECLAIRE BANOFFI EDP 100ML"},"content":{"rendered":"<p><img loading=\"lazy\" decoding=\"async\" class=\"\" src=\"https:\/\/myscentjourney.s3.us-east-2.amazonaws.com\/2022\/02\/14\/29KIascent_j_marca_1644871114_202.png\" alt=\"MSJ::LATTAFA\" width=\"88\" height=\"105\" \/><\/p>\n<h1>ECLAIRE BANOFFI<\/h1>\n<p>Este perfume es c\u00e1lido, seductor y cautivador, capturando la dulce elegancia con un toque \u00e1rabe moderno. Dise\u00f1ado para los amantes de los aromas cremosos y comestibles, esta fragancia combina pl\u00e1tano, caramelo y pralin\u00e9 en un perfume acogedor y adictivo, deliciosamente reconfortante y refinado.<img loading=\"lazy\" decoding=\"async\" class=\"alignleft\" src=\"https:\/\/acdn-us.mitiendanube.com\/stores\/002\/964\/654\/products\/img_7554-5653decd5e3f90257017565586145758-1024-1024.jpg\" width=\"587\" height=\"505\" \/><\/p>\n<p>Eclaire Banoffi es m\u00e1s que una simple fragancia; es una obra maestra inspirada en los postres. Con su exquisita mezcla de pl\u00e1tano, caramelo y pralin\u00e9, se convierte en un aroma distintivo para quienes aman los perfumes cremosos y dulces. Divertido, acogedor y placentero: este es tu momento para consentirte.<\/p>\n<p>&nbsp;<\/p>\n<h3>Notas Olfativas<\/h3>\n<p>&nbsp;<\/p>\n<p><span dir=\"auto\">Eclaire Banoffi es<\/span><span dir=\"auto\"> una fragancia floral-frutal-gourmand para mujeres y hombres, inspirada en el cl\u00e1sico postre banoffee. Lattafa Eclaire Banoffi se abre con pl\u00e1tano cremoso y un delicioso dulce de leche, un comienzo caramelizado que se siente inmediatamente irresistible. El coraz\u00f3n revela una esponjosa crema batida y una suave vainilla, que aporta profundidad y una cremosa elegancia a la dulzura. Finalmente, la base se funde con pralin\u00e9, galleta y suave almizcle, un final irresistible que perdura como un postre exquisito e inolvidable.<\/span><\/p>\n<p><strong><span dir=\"auto\">Notas de salida:<\/span><\/strong><span dir=\"auto\"> crema de pl\u00e1tano, caramelo de leche.<\/span><br \/>\n<strong><span dir=\"auto\">Notas de coraz\u00f3n:<\/span><\/strong><span dir=\"auto\"> crema batida, vainilla.<\/span><br \/>\n<strong><span dir=\"auto\">Notas de fondo:<\/span><\/strong><span dir=\"auto\"> pralin\u00e9, galleta, almizcle.<\/span><\/p>\n","protected":false},"excerpt":{"rendered":"<p>ECLAIRE BANOFFI Este perfume es c\u00e1lido, seductor y cautivador, capturando la dulce elegancia con un toque \u00e1rabe moderno. Dise\u00f1ado para<\/p>\n","protected":false},"featured_media":89823,"comment_status":"open","ping_status":"closed","template":"","meta":{"nf_dc_page":""},"product_brand":[109],"product_cat":[84],"product_tag":[633],"class_list":{"0":"post-89822","1":"product","2":"type-product","3":"status-publish","4":"has-post-thumbnail","6":"product_brand-lattafa","7":"product_cat-perfumeria","8":"product_tag-633","10":"first","11":"instock","12":"shipping-taxable","13":"purchasable","14":"product-type-simple"},"_links":{"self":[{"href":"https:\/\/brandss.com.py\/index\/wp-json\/wp\/v2\/product\/89822","targetHints":{"allow":["GET"]}}],"collection":[{"href":"https:\/\/brandss.com.py\/index\/wp-json\/wp\/v2\/product"}],"about":[{"href":"https:\/\/brandss.com.py\/index\/wp-json\/wp\/v2\/types\/product"}],"replies":[{"embeddable":true,"href":"https:\/\/brandss.com.py\/index\/wp-json\/wp\/v2\/comments?post=89822"}],"version-history":[{"count":1,"href":"https:\/\/brandss.com.py\/index\/wp-json\/wp\/v2\/product\/89822\/revisions"}],"predecessor-version":[{"id":89827,"href":"https:\/\/brandss.com.py\/index\/wp-json\/wp\/v2\/product\/89822\/revisions\/89827"}],"wp:featuredmedia":[{"embeddable":true,"href":"https:\/\/brandss.com.py\/index\/wp-json\/wp\/v2\/media\/89823"}],"wp:attachment":[{"href":"https:\/\/brandss.com.py\/index\/wp-json\/wp\/v2\/media?parent=89822"}],"wp:term":[{"taxonomy":"product_brand","embeddable":true,"href":"https:\/\/brandss.com.py\/index\/wp-json\/wp\/v2\/product_brand?post=89822"},{"taxonomy":"product_cat","embeddable":true,"href":"https:\/\/brandss.com.py\/index\/wp-json\/wp\/v2\/product_cat?post=89822"},{"taxonomy":"product_tag","embeddable":true,"href":"https:\/\/brandss.com.py\/index\/wp-json\/wp\/v2\/product_tag?post=89822"}],"curies":[{"name":"wp","href":"https:\/\/api.w.org\/{rel}","templated":true}]}}