{"id":89836,"date":"2025-09-06T11:12:11","date_gmt":"2025-09-06T11:12:11","guid":{"rendered":"https:\/\/brandss.com.py\/index\/?post_type=product&#038;p=89836"},"modified":"2026-03-17T14:05:48","modified_gmt":"2026-03-17T14:05:48","slug":"perfume-unisex-lattafa-khaltar-al-arabia-royal-delight-silver-edp-100ml","status":"publish","type":"product","link":"https:\/\/brandss.com.py\/index\/producto\/perfume-unisex-lattafa-khaltar-al-arabia-royal-delight-silver-edp-100ml\/","title":{"rendered":"PERFUME UNISEX LATTAFA KHALTAAT AL ARABIA ROYAL DELIGHT SILVER EDP 100ML"},"content":{"rendered":"<p><img loading=\"lazy\" decoding=\"async\" class=\"\" src=\"https:\/\/myscentjourney.s3.us-east-2.amazonaws.com\/2022\/02\/14\/29KIascent_j_marca_1644871114_202.png\" alt=\"MSJ::LATTAFA\" width=\"95\" height=\"113\" \/><\/p>\n<h1>KHALTAR AL ARABIA ROYAL DELIGHT SILVER<\/h1>\n<p>Es un perfume que combina dulzura y elegancia, dise\u00f1ado para quienes buscan un aroma distintivo y cautivador.<\/p>\n<div class=\"col-lg-4 col-sm-6 col-12 mb-lg-0 mb-3\">\n<div class=\"stands-out-content\">\n<h5 class=\"feature\">Apelaci\u00f3n unisex<\/h5>\n<div><\/div>\n<div class=\"description\">Royal Delight ofrece una fragancia vers\u00e1til adecuada para todos los g\u00e9neros, dirigida a un p\u00fablico m\u00e1s amplio que busca una experiencia olfativa compartida sin comprometer la individualidad.<\/div>\n<div><img loading=\"lazy\" decoding=\"async\" class=\"alignleft\" src=\"https:\/\/thebarbersupplier.com\/cdn\/shop\/files\/hhhhh_ea0f0097-afce-4518-ba2c-55889cce641d.webp?v=1752493131&amp;width=1000\" width=\"563\" height=\"563\" \/><\/div>\n<\/div>\n<\/div>\n<div class=\"col-lg-4 col-sm-6 col-12 mb-lg-0 mb-3\">\n<div class=\"stands-out-content\">\n<h5 class=\"feature\">Aroma duradero<\/h5>\n<div><\/div>\n<div class=\"description\">Con una concentraci\u00f3n de Eau de Parfum de alta calidad, esta fragancia garantiza frescura durante todo el d\u00eda, minimizando la necesidad de nuevas aplicaciones frecuentes y mejorando la relaci\u00f3n calidad-precio.<\/div>\n<div><\/div>\n<\/div>\n<\/div>\n<div class=\"col-lg-4 col-sm-6 col-12 mb-lg-0 mb-3\">\n<div class=\"stands-out-content\">\n<h5 class=\"feature\">Embalaje Elegante<\/h5>\n<div><\/div>\n<div class=\"description\">Alojado en una botella elegante y llamativa, no s\u00f3lo sirve como fragancia sino que tambi\u00e9n a\u00f1ade un toque de sofisticaci\u00f3n a cualquier tocador o colecci\u00f3n.<\/div>\n<div><\/div>\n<\/div>\n<h3>Notas Olfativas<\/h3>\n<div><\/div>\n<div>\n<p>Perfume Khaltaat Al Arabia Royal Delight Eau de Parfum de Lattafa Perfumes es una fragancia oriental y especiada para mujeres y hombres. Las frutas y las manzanas forman la apertura afrutada de la nota de salida. La nota de coraz\u00f3n es especiada con nuez moscada, clavo y especias. Las maderas, el \u00e1mbar y el almizcle en la base terminan el perfume c\u00e1lido y amaderado. Un maravilloso perfume oriental c\u00e1lido con notas amaderadas que se puede llevar bien en cualquier ocasi\u00f3n.<\/p>\n<p>Khaltaat Al Arabia Royal Blends de Lattafa Perfumes es una fragancia de la familia olfativa \u00c1mbar Especiada para Hombres y Mujeres. Esta fragrancia es nueva. Khaltaat Al Arabia Royal Blends se lanz\u00f3 en 2020.<\/p><\/div>\n<div>\n<p><span dir=\"auto\">\u2022\u00a0<\/span><strong><span dir=\"auto\">Notas de salida: <\/span><\/strong><span dir=\"auto\">F<\/span><span dir=\"auto\">rutas, c\u00edtricos, manzana.<\/span><\/p>\n<p><span dir=\"auto\">\u2022\u00a0<\/span><strong><span dir=\"auto\">Notas de coraz\u00f3n: <\/span><\/strong><span dir=\"auto\">Especias, nuez moscada, clavo de olor.<\/span><\/p>\n<p><span dir=\"auto\">\u2022\u00a0<\/span><strong><span dir=\"auto\">Notas de fondo:\u00a0<\/span><\/strong><span dir=\"auto\">Notas amaderadas, \u00c1mbar, Almizcle.<\/span><\/p>\n<\/div>\n<\/div>\n","protected":false},"excerpt":{"rendered":"<p>KHALTAR AL ARABIA ROYAL DELIGHT SILVER Es un perfume que combina dulzura y elegancia, dise\u00f1ado para quienes buscan un aroma<\/p>\n","protected":false},"featured_media":89838,"comment_status":"open","ping_status":"closed","template":"","meta":{"nf_dc_page":""},"product_brand":[109],"product_cat":[84],"product_tag":[648],"class_list":{"0":"post-89836","1":"product","2":"type-product","3":"status-publish","4":"has-post-thumbnail","6":"product_brand-lattafa","7":"product_cat-perfumeria","8":"product_tag-648","10":"first","11":"instock","12":"shipping-taxable","13":"purchasable","14":"product-type-simple"},"_links":{"self":[{"href":"https:\/\/brandss.com.py\/index\/wp-json\/wp\/v2\/product\/89836","targetHints":{"allow":["GET"]}}],"collection":[{"href":"https:\/\/brandss.com.py\/index\/wp-json\/wp\/v2\/product"}],"about":[{"href":"https:\/\/brandss.com.py\/index\/wp-json\/wp\/v2\/types\/product"}],"replies":[{"embeddable":true,"href":"https:\/\/brandss.com.py\/index\/wp-json\/wp\/v2\/comments?post=89836"}],"version-history":[{"count":2,"href":"https:\/\/brandss.com.py\/index\/wp-json\/wp\/v2\/product\/89836\/revisions"}],"predecessor-version":[{"id":90918,"href":"https:\/\/brandss.com.py\/index\/wp-json\/wp\/v2\/product\/89836\/revisions\/90918"}],"wp:featuredmedia":[{"embeddable":true,"href":"https:\/\/brandss.com.py\/index\/wp-json\/wp\/v2\/media\/89838"}],"wp:attachment":[{"href":"https:\/\/brandss.com.py\/index\/wp-json\/wp\/v2\/media?parent=89836"}],"wp:term":[{"taxonomy":"product_brand","embeddable":true,"href":"https:\/\/brandss.com.py\/index\/wp-json\/wp\/v2\/product_brand?post=89836"},{"taxonomy":"product_cat","embeddable":true,"href":"https:\/\/brandss.com.py\/index\/wp-json\/wp\/v2\/product_cat?post=89836"},{"taxonomy":"product_tag","embeddable":true,"href":"https:\/\/brandss.com.py\/index\/wp-json\/wp\/v2\/product_tag?post=89836"}],"curies":[{"name":"wp","href":"https:\/\/api.w.org\/{rel}","templated":true}]}}