{"id":89865,"date":"2025-09-06T13:16:57","date_gmt":"2025-09-06T13:16:57","guid":{"rendered":"https:\/\/brandss.com.py\/index\/?post_type=product&#038;p=89865"},"modified":"2026-03-17T16:39:07","modified_gmt":"2026-03-17T16:39:07","slug":"perfume-femenino-lattafa-opulent-musk-edp-100ml","status":"publish","type":"product","link":"https:\/\/brandss.com.py\/index\/producto\/perfume-femenino-lattafa-opulent-musk-edp-100ml\/","title":{"rendered":"PERFUME FEMENINO LATTAFA OPULENT MUSK EDP 100ML"},"content":{"rendered":"<p><img loading=\"lazy\" decoding=\"async\" class=\"\" src=\"https:\/\/myscentjourney.s3.us-east-2.amazonaws.com\/2022\/02\/14\/29KIascent_j_marca_1644871114_202.png\" alt=\"MSJ::LATTAFA\" width=\"94\" height=\"112\" \/><\/p>\n<h1>OPULENT MUSK<\/h1>\n<p>Es una fragancia femenina que celebra la elegancia y la sensualidad, una lujosa fragancia que encarna la sofisticaci\u00f3n y el encanto. El Eau de Parfum Opulent Musk es la personificaci\u00f3n del lujo y la elegancia, perfecto para quienes buscan destacar con su presencia cautivadora. Ll\u00e9valo con confianza para irradiar un aura de opulencia y encanto, dejando una huella imborrable dondequiera que vayas.<\/p>\n<p><img loading=\"lazy\" decoding=\"async\" class=\"alignleft\" src=\"https:\/\/perfumescardales.com.ar\/wp-content\/uploads\/2023\/03\/opulent-musk-web-4.jpg\" width=\"607\" height=\"607\" \/><\/p>\n<h3>Notas Olfativas<\/h3>\n<p>&nbsp;<\/p>\n<p><span dir=\"auto\">A la vanguardia de esta opulenta fragancia se encuentran las exquisitas notas de salida, donde la aterciopelada riqueza del almizcle blanco se complementa con los c\u00e1lidos y especiados matices del azafr\u00e1n, realzados por una explosi\u00f3n de frescura c\u00edtrica. Esta cautivadora salida prepara el terreno para una experiencia olfativa fascinante.<\/span><\/p>\n<p><span dir=\"auto\">A medida que la fragancia se despliega, emergen las notas de coraz\u00f3n, revelando la delicada elegancia floral del jazm\u00edn y las flores blancas, que se fusionan a la perfecci\u00f3n con la luminosa esencia del almizcle blanco. Estas notas de coraz\u00f3n aportan profundidad y complejidad, infundiendo al aroma una sensaci\u00f3n de encanto y feminidad atemporales.<\/span><\/p>\n<p><span dir=\"auto\">Finalmente, la fragancia se asienta en sus notas de fondo, donde los c\u00e1lidos acordes amaderados del s\u00e1ndalo y la resina de cedro se realzan con la riqueza resinosa de la resina de abeto y el \u00e1mbar. Estas notas de fondo dejan una huella duradera, dejando una estela de sofisticaci\u00f3n y refinamiento que perdura en el aire.<\/span><\/p>\n<ul>\n<li><strong><span dir=\"auto\">Notas de salida:<\/span><\/strong><span dir=\"auto\"> almizcle blanco, azafr\u00e1n, lim\u00f3n.<\/span><\/li>\n<li><strong><span dir=\"auto\">Notas de coraz\u00f3n:<\/span><\/strong><span dir=\"auto\"> jazm\u00edn, flores blancas.<\/span><\/li>\n<li><strong><span dir=\"auto\">Notas de fondo:<\/span><\/strong><span dir=\"auto\">\u00a0s\u00e1ndalo, resina de cedro, resina de abeto, \u00e1mbar, almizcle blanco.<\/span><\/li>\n<\/ul>\n","protected":false},"excerpt":{"rendered":"<p>OPULENT MUSK Es una fragancia femenina que celebra la elegancia y la sensualidad, una lujosa fragancia que encarna la sofisticaci\u00f3n<\/p>\n","protected":false},"featured_media":89866,"comment_status":"open","ping_status":"closed","template":"","meta":{"nf_dc_page":""},"product_brand":[109],"product_cat":[84],"product_tag":[669],"class_list":{"0":"post-89865","1":"product","2":"type-product","3":"status-publish","4":"has-post-thumbnail","6":"product_brand-lattafa","7":"product_cat-perfumeria","8":"product_tag-669","10":"first","11":"instock","12":"sale","13":"shipping-taxable","14":"purchasable","15":"product-type-simple"},"_links":{"self":[{"href":"https:\/\/brandss.com.py\/index\/wp-json\/wp\/v2\/product\/89865","targetHints":{"allow":["GET"]}}],"collection":[{"href":"https:\/\/brandss.com.py\/index\/wp-json\/wp\/v2\/product"}],"about":[{"href":"https:\/\/brandss.com.py\/index\/wp-json\/wp\/v2\/types\/product"}],"replies":[{"embeddable":true,"href":"https:\/\/brandss.com.py\/index\/wp-json\/wp\/v2\/comments?post=89865"}],"version-history":[{"count":2,"href":"https:\/\/brandss.com.py\/index\/wp-json\/wp\/v2\/product\/89865\/revisions"}],"predecessor-version":[{"id":89873,"href":"https:\/\/brandss.com.py\/index\/wp-json\/wp\/v2\/product\/89865\/revisions\/89873"}],"wp:featuredmedia":[{"embeddable":true,"href":"https:\/\/brandss.com.py\/index\/wp-json\/wp\/v2\/media\/89866"}],"wp:attachment":[{"href":"https:\/\/brandss.com.py\/index\/wp-json\/wp\/v2\/media?parent=89865"}],"wp:term":[{"taxonomy":"product_brand","embeddable":true,"href":"https:\/\/brandss.com.py\/index\/wp-json\/wp\/v2\/product_brand?post=89865"},{"taxonomy":"product_cat","embeddable":true,"href":"https:\/\/brandss.com.py\/index\/wp-json\/wp\/v2\/product_cat?post=89865"},{"taxonomy":"product_tag","embeddable":true,"href":"https:\/\/brandss.com.py\/index\/wp-json\/wp\/v2\/product_tag?post=89865"}],"curies":[{"name":"wp","href":"https:\/\/api.w.org\/{rel}","templated":true}]}}