{"id":89899,"date":"2025-09-06T18:38:54","date_gmt":"2025-09-06T18:38:54","guid":{"rendered":"https:\/\/brandss.com.py\/index\/?post_type=product&#038;p=89899"},"modified":"2025-09-29T19:21:09","modified_gmt":"2025-09-29T19:21:09","slug":"perfume-unisex-lattafa-pride-vintage-radio-edp-100ml","status":"publish","type":"product","link":"https:\/\/brandss.com.py\/index\/producto\/perfume-unisex-lattafa-pride-vintage-radio-edp-100ml\/","title":{"rendered":"PERFUME UNISEX LATTAFA PRIDE VINTAGE RADIO EDP 100ML"},"content":{"rendered":"<p><img loading=\"lazy\" decoding=\"async\" class=\"\" src=\"https:\/\/myscentjourney.s3.us-east-2.amazonaws.com\/2022\/02\/14\/29KIascent_j_marca_1644871114_202.png\" alt=\"MSJ::LATTAFA\" width=\"83\" height=\"98\" \/><\/p>\n<h1>PRIDE VINTAGE RADIO<\/h1>\n<p>Descubre la sofisticaci\u00f3n de Pride Vintage Radio, una fragancia que combina la esencia cl\u00e1sica con un toque contempor\u00e1neo. Su dise\u00f1o, inspirado en una radio vintage, es un reflejo del lujo y la atenci\u00f3n al detalle que define esta exclusiva colecci\u00f3n. Vintage Radio es m\u00e1s que una fragancia, es una invitaci\u00f3n a revivir recuerdos y a crear nuevos momentos ic\u00f3nicos. \u00a1Enciende la llama de la sofisticaci\u00f3n y deja que tu aroma cuente tu historia!<\/p>\n<p><img loading=\"lazy\" decoding=\"async\" class=\"alignleft\" src=\"https:\/\/acdn-us.mitiendanube.com\/stores\/005\/164\/317\/products\/img_23557_hzzqk65maixhui6-36c3c997d3a0327fd717474043012208-1024-1024.webp\" width=\"608\" height=\"738\" \/><\/p>\n<h3>Notas Olfativas<\/h3>\n<p>&nbsp;<\/p>\n<p>Vintage Radio de Lattafa es una fragancia de la familia olfativa oriental arom\u00e1tica para hombres y mujeres. Descubre la esencia atemporal de Vintage Radio, una fragancia cautivadora que abre con la frescura revitalizante de lavanda y salvia, seguida de la chispeante bergamota que transporta a momentos inolvidables.<\/p>\n<p>La armoniosa mezcla de ciruela y palo santo crea una sinfon\u00eda \u00fanica, mientras que la pimienta negra agrega un toque audaz y vibrante. Las c\u00e1lidas notas de s\u00e1ndalo y \u00e1mbar se entrelazan para formar una base seductora que perdura. El perfume\u00a0Lattafa Pride Vintage Radio\u00a0es una fragancia de la familia olfativa\u00a0<span dir=\"ltr\" lang=\"es-MX\">oriental amaderada\u00a0<\/span>para mujeres y hombres.<\/p>\n<p>Con una concentraci\u00f3n del tipo Eau de Parfum, ofrece una duradera y alta intensidad arom\u00e1tica en la piel.<\/p>\n<p>Sus notas est\u00e1n compuestas por los siguientes ingredientes.<\/p>\n<p><strong>Notas de salida:<\/strong> lavanda, salvia, bergamota.<\/p>\n<p><strong>Notas de coraz\u00f3n:<\/strong> ciruela, palo santo, pimienta negra.<\/p>\n<p><strong>Notas de fondo:<\/strong> <strong>\u00a0<\/strong>S\u00e1ndalo, madera de oud.<\/p>\n","protected":false},"excerpt":{"rendered":"<p>PRIDE VINTAGE RADIO Descubre la sofisticaci\u00f3n de Pride Vintage Radio, una fragancia que combina la esencia cl\u00e1sica con un toque<\/p>\n","protected":false},"featured_media":89900,"comment_status":"open","ping_status":"closed","template":"","meta":{"nf_dc_page":""},"product_brand":[109],"product_cat":[84],"product_tag":[698],"class_list":{"0":"post-89899","1":"product","2":"type-product","3":"status-publish","4":"has-post-thumbnail","6":"product_brand-lattafa","7":"product_cat-perfumeria","8":"product_tag-698","10":"first","11":"instock","12":"sale","13":"shipping-taxable","14":"purchasable","15":"product-type-simple"},"_links":{"self":[{"href":"https:\/\/brandss.com.py\/index\/wp-json\/wp\/v2\/product\/89899","targetHints":{"allow":["GET"]}}],"collection":[{"href":"https:\/\/brandss.com.py\/index\/wp-json\/wp\/v2\/product"}],"about":[{"href":"https:\/\/brandss.com.py\/index\/wp-json\/wp\/v2\/types\/product"}],"replies":[{"embeddable":true,"href":"https:\/\/brandss.com.py\/index\/wp-json\/wp\/v2\/comments?post=89899"}],"version-history":[{"count":1,"href":"https:\/\/brandss.com.py\/index\/wp-json\/wp\/v2\/product\/89899\/revisions"}],"predecessor-version":[{"id":89905,"href":"https:\/\/brandss.com.py\/index\/wp-json\/wp\/v2\/product\/89899\/revisions\/89905"}],"wp:featuredmedia":[{"embeddable":true,"href":"https:\/\/brandss.com.py\/index\/wp-json\/wp\/v2\/media\/89900"}],"wp:attachment":[{"href":"https:\/\/brandss.com.py\/index\/wp-json\/wp\/v2\/media?parent=89899"}],"wp:term":[{"taxonomy":"product_brand","embeddable":true,"href":"https:\/\/brandss.com.py\/index\/wp-json\/wp\/v2\/product_brand?post=89899"},{"taxonomy":"product_cat","embeddable":true,"href":"https:\/\/brandss.com.py\/index\/wp-json\/wp\/v2\/product_cat?post=89899"},{"taxonomy":"product_tag","embeddable":true,"href":"https:\/\/brandss.com.py\/index\/wp-json\/wp\/v2\/product_tag?post=89899"}],"curies":[{"name":"wp","href":"https:\/\/api.w.org\/{rel}","templated":true}]}}