{"id":89906,"date":"2025-09-06T19:03:44","date_gmt":"2025-09-06T19:03:44","guid":{"rendered":"https:\/\/brandss.com.py\/index\/?post_type=product&#038;p=89906"},"modified":"2025-09-06T19:05:57","modified_gmt":"2025-09-06T19:05:57","slug":"perfume-unisex-maison-alhambra-amberley-pur-oud-edp-100ml","status":"publish","type":"product","link":"https:\/\/brandss.com.py\/index\/producto\/perfume-unisex-maison-alhambra-amberley-pur-oud-edp-100ml\/","title":{"rendered":"PERFUME UNISEX MAISON ALHAMBRA AMBERLEY PUR OUD EDP 100ML"},"content":{"rendered":"<p><img loading=\"lazy\" decoding=\"async\" class=\"\" src=\"https:\/\/acdn-us.mitiendanube.com\/stores\/004\/407\/494\/products\/logo-maison-alhambra-fe7bf4a51602f98ddb17511221393359-1024-1024.webp\" alt=\"MAISON ALHAMBRA - Your Touch Leather 100ml - Perfumia\" width=\"103\" height=\"113\" \/><\/p>\n<h1>AMBERLEY PUR OUD<\/h1>\n<p>Es una interpretaci\u00f3n refinada y moderna de la perfumer\u00eda cl\u00e1sica de oud. Equilibra la profundidad resinosa y ahumada con la calidez especiada, floral y a cuero.<\/p>\n<p>Amberley Pur Oud evoca im\u00e1genes de noches c\u00e1lidas y ardientes, donde los cuerpos se acercan irresistiblemente. Es una sinfon\u00eda olfativa que despierta pasiones prohibidas, una experiencia sensorial \u00fanica para aquellos que se atreven a adentrarse en su hechizo seductor!!!<\/p>\n<p><img decoding=\"async\" class=\"alignleft\" src=\"https:\/\/thevault.pk\/cdn\/shop\/files\/ALHAMBRA_AMBERLEY_PUR_OUD_EDP_100ML_IN_PAKISTAN_NOTES.png?v=1751527131\" \/><\/p>\n<h3>Notas Olfativas<\/h3>\n<p>Lanzado por la casa de dise\u00f1o de Maison Alhambra en el a\u00f1o 2022.\u00a0Amberley Pur Oud es una fragancia de la familia olfativa oriental amaderada para hombres y mujeres.<\/p>\n<p>Amberley Pur Oud es una fragancia unisex que despierta los sentidos con su seductora composici\u00f3n. Desde el primer instante, las hojas de menta, la albahaca y el cardamomo danzan en armon\u00eda, creando una brisa fresca y excitante.<\/p>\n<p>En su coraz\u00f3n, el jazm\u00edn y la madreselva se entrelazan con la dulzura de la lavanda, mientras el azafr\u00e1n y la pimienta despiertan pasiones ocultas. Un elixir hipn\u00f3tico que envuelve con su misterio y seducci\u00f3n.<\/p>\n<p>Las notas de fondo revelan un aura de sensualidad et\u00e9rea, donde la madera de cedro y el s\u00e1ndalo se entrelazan con el pachul\u00ed, aportando una profundidad terrenal que contrasta con el aura celestial del almizcle y el \u00e1mbar.<\/p>\n<p><strong> Notas de salida:<\/strong> Hojas de menta, albahaca y cardamomo.<\/p>\n<p><strong>Notas de coraz\u00f3n:<\/strong> Jazm\u00edn, madreselva, lavanda, azafr\u00e1n y pimienta.<\/p>\n<p><strong>Notas de fondo:<\/strong> Madera de cedro, s\u00e1ndalo, pachuli, almizcle y \u00e1mbar.<\/p>\n<p>&nbsp;<\/p>\n","protected":false},"excerpt":{"rendered":"<p>AMBERLEY PUR OUD Es una interpretaci\u00f3n refinada y moderna de la perfumer\u00eda cl\u00e1sica de oud. Equilibra la profundidad resinosa y<\/p>\n","protected":false},"featured_media":89907,"comment_status":"open","ping_status":"closed","template":"","meta":{"nf_dc_page":""},"product_brand":[107],"product_cat":[84],"product_tag":[],"class_list":{"0":"post-89906","1":"product","2":"type-product","3":"status-publish","4":"has-post-thumbnail","6":"product_brand-maison-alhambra","7":"product_cat-perfumeria","9":"first","10":"instock","11":"shipping-taxable","12":"purchasable","13":"product-type-simple"},"_links":{"self":[{"href":"https:\/\/brandss.com.py\/index\/wp-json\/wp\/v2\/product\/89906","targetHints":{"allow":["GET"]}}],"collection":[{"href":"https:\/\/brandss.com.py\/index\/wp-json\/wp\/v2\/product"}],"about":[{"href":"https:\/\/brandss.com.py\/index\/wp-json\/wp\/v2\/types\/product"}],"replies":[{"embeddable":true,"href":"https:\/\/brandss.com.py\/index\/wp-json\/wp\/v2\/comments?post=89906"}],"version-history":[{"count":1,"href":"https:\/\/brandss.com.py\/index\/wp-json\/wp\/v2\/product\/89906\/revisions"}],"predecessor-version":[{"id":89914,"href":"https:\/\/brandss.com.py\/index\/wp-json\/wp\/v2\/product\/89906\/revisions\/89914"}],"wp:featuredmedia":[{"embeddable":true,"href":"https:\/\/brandss.com.py\/index\/wp-json\/wp\/v2\/media\/89907"}],"wp:attachment":[{"href":"https:\/\/brandss.com.py\/index\/wp-json\/wp\/v2\/media?parent=89906"}],"wp:term":[{"taxonomy":"product_brand","embeddable":true,"href":"https:\/\/brandss.com.py\/index\/wp-json\/wp\/v2\/product_brand?post=89906"},{"taxonomy":"product_cat","embeddable":true,"href":"https:\/\/brandss.com.py\/index\/wp-json\/wp\/v2\/product_cat?post=89906"},{"taxonomy":"product_tag","embeddable":true,"href":"https:\/\/brandss.com.py\/index\/wp-json\/wp\/v2\/product_tag?post=89906"}],"curies":[{"name":"wp","href":"https:\/\/api.w.org\/{rel}","templated":true}]}}