{"id":89918,"date":"2025-09-08T10:57:19","date_gmt":"2025-09-08T10:57:19","guid":{"rendered":"https:\/\/brandss.com.py\/index\/?post_type=product&#038;p=89918"},"modified":"2026-03-17T12:29:08","modified_gmt":"2026-03-17T12:29:08","slug":"perfume-unisex-maison-alhambra-decadent-wonder-edp-100ml","status":"publish","type":"product","link":"https:\/\/brandss.com.py\/index\/producto\/perfume-unisex-maison-alhambra-decadent-wonder-edp-100ml\/","title":{"rendered":"PERFUME UNISEX MAISON ALHAMBRA DECADENT WONDER EDP 100ML"},"content":{"rendered":"<p><img loading=\"lazy\" decoding=\"async\" class=\"\" src=\"https:\/\/encrypted-tbn0.gstatic.com\/images?q=tbn:ANd9GcSDfozWudTdcO3Wr04KD44C49zaFW9pFvveSA&amp;s\" alt=\"Maison Alhambra Website: Luxurious Perfumes for Every Occasion\" width=\"112\" height=\"86\" \/><\/p>\n<h1>DECADENT WONDER<\/h1>\n<p>Es una fragancia lujosa y encantadora que te transporta a un mundo de sensualidad, placer y rica belleza olfativa. Esta cautivadora mezcla de especias, flores y notas gourmand crea un aroma inolvidable, c\u00e1lido, seductor y de una sofisticaci\u00f3n infinita. Perfecta para quienes aman la elegancia audaz y la dulzura refinada, Decadent Wonder es una fragancia que transforma los momentos cotidianos en experiencias extraordinarias.<img loading=\"lazy\" decoding=\"async\" class=\"alignleft\" src=\"https:\/\/yauras.cl\/cdn\/shop\/files\/AntonioBanderasMediterraneo_27_2df7c3dc-7af1-4e3d-8859-9bcc2a1d1b81_700x700.jpg?v=1743605069\" width=\"447\" height=\"447\" \/><\/p>\n<p>El perfume Decadent Wonder es un homenaje a la riqueza, la elegancia y la sensualidad. Ya sea que te vistas para una noche especial o que despiertes el lujo en tu d\u00eda a d\u00eda, esta fragancia te envuelve en un aura divina, audaz, rom\u00e1ntica e innegablemente decadente. Deja que Decadent Wonder se convierta en tu sello de glamour atemporal y presencia inolvidable.<\/p>\n<p>&nbsp;<\/p>\n<h3>Notas Olfativas<\/h3>\n<p>&nbsp;<\/p>\n<p class=\"\" data-start=\"664\" data-end=\"949\"><span dir=\"auto\">La fragancia se abre con una radiante y especiada mezcla de jengibre y canela, creando un comienzo c\u00e1lido y vigorizante. La mandarina aporta un toque c\u00edtrico jugoso, mientras que un suave toque de agua de rosas introduce una rom\u00e1ntica frescura floral que equilibra a la perfecci\u00f3n las especias y el dulzor.<\/span><\/p>\n<p class=\"\" data-start=\"951\" data-end=\"1256\"><span dir=\"auto\">En el coraz\u00f3n, se despliega un opulento tr\u00edo floral. El heliotropo aporta una dulzura almendrada y polvorienta, mientras que el jazm\u00edn y la rosa aportan una riqueza floral cl\u00e1sica y elegante. Esta capa intermedia aporta profundidad y feminidad, impregnando la fragancia con un coraz\u00f3n floral aterciopelado, cautivador y elegante.<\/span><\/p>\n<p class=\"\" data-start=\"1258\" data-end=\"1588\"><span dir=\"auto\">La base de la fragancia es donde cobra vida la verdadera indulgencia. La cremosa vainilla y el rico cacao ofrecen una deliciosa cualidad gourmand, mientras que el cipriol introduce una complejidad ahumada y amaderada. Un seductor toque de ron persiste, aportando calidez y misterio al final, haciendo que el aroma sea duradero y absolutamente fascinante.<\/span><\/p>\n<ul>\n<li data-start=\"510\" data-end=\"565\"><strong data-start=\"510\" data-end=\"524\"><span dir=\"auto\">Notas de salida:<\/span><\/strong><span dir=\"auto\">\u00a0jengibre, canela, mandarina, agua de rosas.<\/span><\/li>\n<li data-start=\"568\" data-end=\"613\"><strong data-start=\"568\" data-end=\"585\"><span dir=\"auto\">Notas de coraz\u00f3n:<\/span><\/strong><span dir=\"auto\"> heliotropo, jazm\u00edn, rosa.<\/span><\/li>\n<li data-start=\"616\" data-end=\"662\"><strong data-start=\"616\" data-end=\"631\"><span dir=\"auto\">Notas de fondo:<\/span><\/strong><span dir=\"auto\">\u00a0vainilla, cacao, cipriol, ron.<\/span><\/li>\n<\/ul>\n","protected":false},"excerpt":{"rendered":"<p>DECADENT WONDER Es una fragancia lujosa y encantadora que te transporta a un mundo de sensualidad, placer y rica belleza<\/p>\n","protected":false},"featured_media":89919,"comment_status":"open","ping_status":"closed","template":"","meta":{"nf_dc_page":""},"product_brand":[107],"product_cat":[84],"product_tag":[705],"class_list":{"0":"post-89918","1":"product","2":"type-product","3":"status-publish","4":"has-post-thumbnail","6":"product_brand-maison-alhambra","7":"product_cat-perfumeria","8":"product_tag-705","10":"first","11":"instock","12":"shipping-taxable","13":"purchasable","14":"product-type-simple"},"_links":{"self":[{"href":"https:\/\/brandss.com.py\/index\/wp-json\/wp\/v2\/product\/89918","targetHints":{"allow":["GET"]}}],"collection":[{"href":"https:\/\/brandss.com.py\/index\/wp-json\/wp\/v2\/product"}],"about":[{"href":"https:\/\/brandss.com.py\/index\/wp-json\/wp\/v2\/types\/product"}],"replies":[{"embeddable":true,"href":"https:\/\/brandss.com.py\/index\/wp-json\/wp\/v2\/comments?post=89918"}],"version-history":[{"count":1,"href":"https:\/\/brandss.com.py\/index\/wp-json\/wp\/v2\/product\/89918\/revisions"}],"predecessor-version":[{"id":89924,"href":"https:\/\/brandss.com.py\/index\/wp-json\/wp\/v2\/product\/89918\/revisions\/89924"}],"wp:featuredmedia":[{"embeddable":true,"href":"https:\/\/brandss.com.py\/index\/wp-json\/wp\/v2\/media\/89919"}],"wp:attachment":[{"href":"https:\/\/brandss.com.py\/index\/wp-json\/wp\/v2\/media?parent=89918"}],"wp:term":[{"taxonomy":"product_brand","embeddable":true,"href":"https:\/\/brandss.com.py\/index\/wp-json\/wp\/v2\/product_brand?post=89918"},{"taxonomy":"product_cat","embeddable":true,"href":"https:\/\/brandss.com.py\/index\/wp-json\/wp\/v2\/product_cat?post=89918"},{"taxonomy":"product_tag","embeddable":true,"href":"https:\/\/brandss.com.py\/index\/wp-json\/wp\/v2\/product_tag?post=89918"}],"curies":[{"name":"wp","href":"https:\/\/api.w.org\/{rel}","templated":true}]}}