{"id":89925,"date":"2025-09-08T11:29:17","date_gmt":"2025-09-08T11:29:17","guid":{"rendered":"https:\/\/brandss.com.py\/index\/?post_type=product&#038;p=89925"},"modified":"2026-03-17T17:12:10","modified_gmt":"2026-03-17T17:12:10","slug":"perfume-unisex-maison-alhambra-flower-addiction-edp-100ml","status":"publish","type":"product","link":"https:\/\/brandss.com.py\/index\/producto\/perfume-unisex-maison-alhambra-flower-addiction-edp-100ml\/","title":{"rendered":"PERFUME UNISEX MAISON ALHAMBRA FLOWER ADDICTION EDP 100ML"},"content":{"rendered":"<p><img loading=\"lazy\" decoding=\"async\" class=\"\" src=\"https:\/\/encrypted-tbn0.gstatic.com\/images?q=tbn:ANd9GcSDfozWudTdcO3Wr04KD44C49zaFW9pFvveSA&amp;s\" alt=\"Maison Alhambra Website: Luxurious Perfumes for Every Occasion\" width=\"101\" height=\"78\" \/><\/p>\n<h1>FLOWER ADDICTION<\/h1>\n<p>Sum\u00e9rgete en el embriagador mundo de Flower Addiction, una fragancia floral afrutada dise\u00f1ada para hombre y mujer. Esta fragancia encarna la audacia y la seducci\u00f3n.<img loading=\"lazy\" decoding=\"async\" class=\"alignleft\" src=\"https:\/\/zaoud.it\/cdn\/shop\/files\/alhambra-flower-addiction-perfume-bottle-surrounded-with-lychee-and-jasmine-against-white-background.jpg?v=1745605188&amp;width=990\" width=\"478\" height=\"598\" \/><\/p>\n<p>Para quienes buscan una fragancia que evoque frescura y seducci\u00f3n, Flower Addiction es la elecci\u00f3n perfecta. D\u00e9jate transportar por sus exquisitas notas y su encanto adictivo, y deja que tu esencia destaque con elegancia.<\/p>\n<p>&nbsp;<\/p>\n<h3>Nota Olfativas<\/h3>\n<p>&nbsp;<\/p>\n<p>Flower Addiction es una fragancia dise\u00f1ada para cautivar los sentidos con su car\u00e1cter vibrante, floral y sutilmente afrutado. Se despliega como un moderno bouquet, delicado e innegablemente seductor.<\/p>\n<p dir=\"ltr\"><span dir=\"auto\">Las vigorizantes notas de salida de lichi, bergamota y melocot\u00f3n despiertan los sentidos con su jugosa y ex\u00f3tica luminosidad. En el coraz\u00f3n de la fragancia, peon\u00eda, flor de azahar, jazm\u00edn y petalia se unen para formar un exuberante bouquet floral impregnado de delicadeza y sensualidad.<\/span><\/p>\n<p dir=\"ltr\"><span dir=\"auto\">Finalmente, las notas de fondo de almizcle, musgo y notas amaderadas le dan a Flower Addiction una profundidad cautivadora, dejando una estela irresistible y cautivadora.<\/span><\/p>\n<p dir=\"ltr\">\n<p dir=\"ltr\"><strong><span dir=\"auto\">Notas de salida: <\/span><\/strong><span dir=\"auto\">l<\/span><span dir=\"auto\">ichi, bergamota, melocot\u00f3n.<\/span><\/p>\n<p dir=\"ltr\"><strong><span dir=\"auto\">Notas de coraz\u00f3n: <\/span><\/strong><span dir=\"auto\">p<\/span><span dir=\"auto\">eon\u00eda, flor de azahar, jazm\u00edn.<\/span><\/p>\n<p dir=\"ltr\"><strong><span dir=\"auto\">Notas de fondo: <\/span><\/strong><span dir=\"auto\">a<\/span><span dir=\"auto\">lmizcle, musgo, acordes amaderados.<\/span><\/p>\n","protected":false},"excerpt":{"rendered":"<p>FLOWER ADDICTION Sum\u00e9rgete en el embriagador mundo de Flower Addiction, una fragancia floral afrutada dise\u00f1ada para hombre y mujer. Esta<\/p>\n","protected":false},"featured_media":89926,"comment_status":"open","ping_status":"closed","template":"","meta":{"nf_dc_page":""},"product_brand":[107],"product_cat":[84],"product_tag":[708],"class_list":{"0":"post-89925","1":"product","2":"type-product","3":"status-publish","4":"has-post-thumbnail","6":"product_brand-maison-alhambra","7":"product_cat-perfumeria","8":"product_tag-708","10":"first","11":"outofstock","12":"sale","13":"shipping-taxable","14":"purchasable","15":"product-type-simple"},"_links":{"self":[{"href":"https:\/\/brandss.com.py\/index\/wp-json\/wp\/v2\/product\/89925","targetHints":{"allow":["GET"]}}],"collection":[{"href":"https:\/\/brandss.com.py\/index\/wp-json\/wp\/v2\/product"}],"about":[{"href":"https:\/\/brandss.com.py\/index\/wp-json\/wp\/v2\/types\/product"}],"replies":[{"embeddable":true,"href":"https:\/\/brandss.com.py\/index\/wp-json\/wp\/v2\/comments?post=89925"}],"version-history":[{"count":1,"href":"https:\/\/brandss.com.py\/index\/wp-json\/wp\/v2\/product\/89925\/revisions"}],"predecessor-version":[{"id":89930,"href":"https:\/\/brandss.com.py\/index\/wp-json\/wp\/v2\/product\/89925\/revisions\/89930"}],"wp:featuredmedia":[{"embeddable":true,"href":"https:\/\/brandss.com.py\/index\/wp-json\/wp\/v2\/media\/89926"}],"wp:attachment":[{"href":"https:\/\/brandss.com.py\/index\/wp-json\/wp\/v2\/media?parent=89925"}],"wp:term":[{"taxonomy":"product_brand","embeddable":true,"href":"https:\/\/brandss.com.py\/index\/wp-json\/wp\/v2\/product_brand?post=89925"},{"taxonomy":"product_cat","embeddable":true,"href":"https:\/\/brandss.com.py\/index\/wp-json\/wp\/v2\/product_cat?post=89925"},{"taxonomy":"product_tag","embeddable":true,"href":"https:\/\/brandss.com.py\/index\/wp-json\/wp\/v2\/product_tag?post=89925"}],"curies":[{"name":"wp","href":"https:\/\/api.w.org\/{rel}","templated":true}]}}