{"id":89931,"date":"2025-09-08T11:49:50","date_gmt":"2025-09-08T11:49:50","guid":{"rendered":"https:\/\/brandss.com.py\/index\/?post_type=product&#038;p=89931"},"modified":"2026-03-17T10:40:21","modified_gmt":"2026-03-17T10:40:21","slug":"perfume-femenino-maison-alhambra-glacier-bella-edp-100ml","status":"publish","type":"product","link":"https:\/\/brandss.com.py\/index\/producto\/perfume-femenino-maison-alhambra-glacier-bella-edp-100ml\/","title":{"rendered":"PERFUME FEMENINO MAISON ALHAMBRA GLACIER BELLA EDP 100ML"},"content":{"rendered":"<p><img loading=\"lazy\" decoding=\"async\" class=\"\" src=\"https:\/\/encrypted-tbn0.gstatic.com\/images?q=tbn:ANd9GcSDfozWudTdcO3Wr04KD44C49zaFW9pFvveSA&amp;s\" alt=\"Maison Alhambra Website: Luxurious Perfumes for Every Occasion\" width=\"121\" height=\"93\" \/><\/p>\n<h1>GLACIER BELLA<\/h1>\n<p><span dir=\"auto\">Experimenta un mundo de encanto con\u00a0<\/span><span dir=\"auto\">Glacier Bella<\/span><span dir=\"auto\">, una\u00a0<\/span><span dir=\"auto\">fragancia cautivadora femenina<\/span><span dir=\"auto\">. Inspirada en la pureza y la serenidad de los paisajes helados, esta fragancia encarna la claridad y la calma. Elaborada con una mezcla \u00fanica de ingredientes, este Eau de Parfum ofrece un aroma seductor que perdura y llama la atenci\u00f3n all\u00e1 donde vayas.<img loading=\"lazy\" decoding=\"async\" class=\"alignleft\" src=\"https:\/\/www.bjutip.com\/image\/cache\/catalog\/Perfumes\/Women\/6290360590646_2-800x800.jpg\" width=\"551\" height=\"551\" \/> <\/span><\/p>\n<p><span dir=\"auto\">Glacier Bella es m\u00e1s que una simple fragancia; es una expresi\u00f3n de feminidad y elegancia. Ya sea que la uses para una ocasi\u00f3n especial o simplemente para sentirte hermosa en un d\u00eda cualquiera.<\/span><\/p>\n<p>&nbsp;<\/p>\n<h3>Notas Olfativas<\/h3>\n<p>&nbsp;<\/p>\n<p>Maison Alhambra Glacier Bella es una fragancia que evoca la frescura y la belleza de los glaciares. <span dir=\"auto\">Las\u00a0<\/span><span dir=\"auto\">notas de salida<\/span><span dir=\"auto\">\u00a0de esta cautivadora fragancia se abren con una refrescante explosi\u00f3n de\u00a0<\/span><span dir=\"auto\">bergamota y pera<\/span><span dir=\"auto\">. <\/span><\/p>\n<p><span dir=\"auto\">Estos acentos c\u00edtricos y frutales sientan las bases para las\u00a0<\/span><span dir=\"auto\">notas de coraz\u00f3n<\/span><span dir=\"auto\">, una fusi\u00f3n perfecta de\u00a0<\/span><span dir=\"auto\">notas florales y cuero<\/span><span dir=\"auto\">. Esta combinaci\u00f3n \u00fanica aporta audacia a la fragancia, definiendo el car\u00e1cter sofisticado de Glaciar Bella.<\/span><\/p>\n<p><span dir=\"auto\">Las\u00a0<\/span><span dir=\"auto\">notas de fondo de\u00a0<\/span><span dir=\"auto\">\u00e1mbar, almizcle, vainilla y vetiver<\/span><span dir=\"auto\">\u00a0aportan una profundidad c\u00e1lida y terrosa a la fragancia. <\/span><\/p>\n<p><span dir=\"auto\">Estas notas la enra\u00edzan, proporcionando un final reconfortante que garantiza una fragancia memorable y duradera.<\/span><\/p>\n<p>&nbsp;<\/p>\n<ul>\n<li><strong>Notas de salida:<\/strong> Bergamota, pera.<\/li>\n<li><strong>Notas de coraz\u00f3n:<\/strong> Notas florales, cuero.<\/li>\n<li><strong>Notas de fondo:<\/strong> \u00c1mbar, almizcle, vainilla, vetiver.<\/li>\n<\/ul>\n","protected":false},"excerpt":{"rendered":"<p>GLACIER BELLA Experimenta un mundo de encanto con\u00a0Glacier Bella, una\u00a0fragancia cautivadora femenina. Inspirada en la pureza y la serenidad de<\/p>\n","protected":false},"featured_media":89933,"comment_status":"open","ping_status":"closed","template":"","meta":{"nf_dc_page":""},"product_brand":[107],"product_cat":[84],"product_tag":[136],"class_list":{"0":"post-89931","1":"product","2":"type-product","3":"status-publish","4":"has-post-thumbnail","6":"product_brand-maison-alhambra","7":"product_cat-perfumeria","8":"product_tag-136","10":"first","11":"instock","12":"shipping-taxable","13":"purchasable","14":"product-type-simple"},"_links":{"self":[{"href":"https:\/\/brandss.com.py\/index\/wp-json\/wp\/v2\/product\/89931","targetHints":{"allow":["GET"]}}],"collection":[{"href":"https:\/\/brandss.com.py\/index\/wp-json\/wp\/v2\/product"}],"about":[{"href":"https:\/\/brandss.com.py\/index\/wp-json\/wp\/v2\/types\/product"}],"replies":[{"embeddable":true,"href":"https:\/\/brandss.com.py\/index\/wp-json\/wp\/v2\/comments?post=89931"}],"version-history":[{"count":1,"href":"https:\/\/brandss.com.py\/index\/wp-json\/wp\/v2\/product\/89931\/revisions"}],"predecessor-version":[{"id":89937,"href":"https:\/\/brandss.com.py\/index\/wp-json\/wp\/v2\/product\/89931\/revisions\/89937"}],"wp:featuredmedia":[{"embeddable":true,"href":"https:\/\/brandss.com.py\/index\/wp-json\/wp\/v2\/media\/89933"}],"wp:attachment":[{"href":"https:\/\/brandss.com.py\/index\/wp-json\/wp\/v2\/media?parent=89931"}],"wp:term":[{"taxonomy":"product_brand","embeddable":true,"href":"https:\/\/brandss.com.py\/index\/wp-json\/wp\/v2\/product_brand?post=89931"},{"taxonomy":"product_cat","embeddable":true,"href":"https:\/\/brandss.com.py\/index\/wp-json\/wp\/v2\/product_cat?post=89931"},{"taxonomy":"product_tag","embeddable":true,"href":"https:\/\/brandss.com.py\/index\/wp-json\/wp\/v2\/product_tag?post=89931"}],"curies":[{"name":"wp","href":"https:\/\/api.w.org\/{rel}","templated":true}]}}