{"id":89938,"date":"2025-09-08T12:17:30","date_gmt":"2025-09-08T12:17:30","guid":{"rendered":"https:\/\/brandss.com.py\/index\/?post_type=product&#038;p=89938"},"modified":"2025-11-28T11:13:31","modified_gmt":"2025-11-28T11:13:31","slug":"perfume-femenino-maison-alhambra-jubilant-noir-edp-100ml","status":"publish","type":"product","link":"https:\/\/brandss.com.py\/index\/producto\/perfume-femenino-maison-alhambra-jubilant-noir-edp-100ml\/","title":{"rendered":"PERFUME FEMENINO MAISON ALHAMBRA JUBILANT NOIR EDP 100ML"},"content":{"rendered":"<p><img loading=\"lazy\" decoding=\"async\" class=\"\" src=\"https:\/\/encrypted-tbn0.gstatic.com\/images?q=tbn:ANd9GcSDfozWudTdcO3Wr04KD44C49zaFW9pFvveSA&amp;s\" alt=\"Maison Alhambra Website: Luxurious Perfumes for Every Occasion\" width=\"129\" height=\"99\" \/><\/p>\n<h1>JUBILANT NOIR<\/h1>\n<p>Sum\u00e9rgete en la lujosa esencia de Jubilant Noir, una fragancia que define la sofisticaci\u00f3n. Creada para la mujer moderna, es la compa\u00f1era perfecta para veladas memorables y ocasiones especiales. D\u00e9jate llevar por la elegancia atemporal de Jubilant Noir y deja una huella imborrable dondequiera que vayas.<\/p>\n<p><img loading=\"lazy\" decoding=\"async\" class=\"alignleft\" src=\"https:\/\/www.myperfumeshop.co.nz\/cdn\/shop\/files\/maison-alhambra-jubilant-noir-edp-perfume-cologne-185850.png?v=1719451188&amp;width=1024\" width=\"506\" height=\"506\" \/><\/p>\n<p>&nbsp;<\/p>\n<h3>Notas Olfativas<\/h3>\n<p>&nbsp;<\/p>\n<p>Este Eau de Parfum se abre con una tentadora entrada especiada que se despliega gradualmente en una armoniosa mezcla de notas florales y amaderadas. <span dir=\"auto\">Descubre la elegancia y el encanto de\u00a0<\/span><span dir=\"auto\">Jubilant Noir<\/span><span dir=\"auto\">, una fragancia l<\/span><span dir=\"auto\">anzada en 2022, esta fragancia es una encantadora mezcla de notas ex\u00f3ticas y familiares, elaborada con maestr\u00eda para dejar una huella imborrable.<\/span><\/p>\n<p><span dir=\"auto\">Desde el momento en que toca tu piel, Jubilant Noir te recibe con una explosi\u00f3n\u00a0<\/span><span dir=\"auto\">picante<\/span><span dir=\"auto\">\u00a0y vigorizante de\u00a0<\/span><span dir=\"auto\">pimienta, jengibre y cardamomo<\/span><span dir=\"auto\">. Estas\u00a0<\/span><span dir=\"auto\">notas de salida<\/span><span dir=\"auto\">\u00a0son una tentadora introducci\u00f3n a la fragancia, prometiendo una experiencia olfativa tan \u00fanica y multifac\u00e9tica como t\u00fa.<\/span><\/p>\n<p><span dir=\"auto\">A medida que la intensidad inicial se suaviza, emerge un coraz\u00f3n maravillosamente equilibrado\u00a0<\/span><span dir=\"auto\">de gardenia, coco, flor de azahar y peon\u00eda<\/span><span dir=\"auto\">. Esta mezcla floral es un verdadero testimonio de la maestr\u00eda de Maison Alhambra en la creaci\u00f3n de fragancias que capturan la esencia de la feminidad en cada rociado.<\/span><\/p>\n<p><span dir=\"auto\">La revelaci\u00f3n final de este viaje olfativo es una c\u00e1lida y sensual\u00a0<\/span><span dir=\"auto\">base de\u00a0<\/span><span dir=\"auto\">\u00e1mbar, almizcle y s\u00e1ndalo<\/span><span dir=\"auto\">. Estas notas encarnan el misterio y la seducci\u00f3n de Jubilat Noir, perdurando en la piel y dejando una huella imborrable.<\/span><\/p>\n<p><strong>Notas de salida:<\/strong> picante, pimienta, jengibre, cardamomo.<br \/>\n<strong>Notas de coraz\u00f3n:<\/strong> Gardenia, coco, flor de naranja, peon\u00eda.<br \/>\n<strong>Notas de fondo:<\/strong> \u00e1mbar, almizcle, s\u00e1ndalo.<\/p>\n","protected":false},"excerpt":{"rendered":"<p>JUBILANT NOIR Sum\u00e9rgete en la lujosa esencia de Jubilant Noir, una fragancia que define la sofisticaci\u00f3n. Creada para la mujer<\/p>\n","protected":false},"featured_media":89940,"comment_status":"open","ping_status":"closed","template":"","meta":{"nf_dc_page":""},"product_brand":[107],"product_cat":[84],"product_tag":[711],"class_list":{"0":"post-89938","1":"product","2":"type-product","3":"status-publish","4":"has-post-thumbnail","6":"product_brand-maison-alhambra","7":"product_cat-perfumeria","8":"product_tag-711","10":"first","11":"instock","12":"shipping-taxable","13":"purchasable","14":"product-type-simple"},"_links":{"self":[{"href":"https:\/\/brandss.com.py\/index\/wp-json\/wp\/v2\/product\/89938","targetHints":{"allow":["GET"]}}],"collection":[{"href":"https:\/\/brandss.com.py\/index\/wp-json\/wp\/v2\/product"}],"about":[{"href":"https:\/\/brandss.com.py\/index\/wp-json\/wp\/v2\/types\/product"}],"replies":[{"embeddable":true,"href":"https:\/\/brandss.com.py\/index\/wp-json\/wp\/v2\/comments?post=89938"}],"version-history":[{"count":2,"href":"https:\/\/brandss.com.py\/index\/wp-json\/wp\/v2\/product\/89938\/revisions"}],"predecessor-version":[{"id":89945,"href":"https:\/\/brandss.com.py\/index\/wp-json\/wp\/v2\/product\/89938\/revisions\/89945"}],"wp:featuredmedia":[{"embeddable":true,"href":"https:\/\/brandss.com.py\/index\/wp-json\/wp\/v2\/media\/89940"}],"wp:attachment":[{"href":"https:\/\/brandss.com.py\/index\/wp-json\/wp\/v2\/media?parent=89938"}],"wp:term":[{"taxonomy":"product_brand","embeddable":true,"href":"https:\/\/brandss.com.py\/index\/wp-json\/wp\/v2\/product_brand?post=89938"},{"taxonomy":"product_cat","embeddable":true,"href":"https:\/\/brandss.com.py\/index\/wp-json\/wp\/v2\/product_cat?post=89938"},{"taxonomy":"product_tag","embeddable":true,"href":"https:\/\/brandss.com.py\/index\/wp-json\/wp\/v2\/product_tag?post=89938"}],"curies":[{"name":"wp","href":"https:\/\/api.w.org\/{rel}","templated":true}]}}