{"id":89949,"date":"2025-09-08T13:18:08","date_gmt":"2025-09-08T13:18:08","guid":{"rendered":"https:\/\/brandss.com.py\/index\/?post_type=product&#038;p=89949"},"modified":"2025-09-24T12:12:28","modified_gmt":"2025-09-24T12:12:28","slug":"perfume-masculino-maison-alhambra-victorioso-myth-edp-100ml","status":"publish","type":"product","link":"https:\/\/brandss.com.py\/index\/producto\/perfume-masculino-maison-alhambra-victorioso-myth-edp-100ml\/","title":{"rendered":"PERFUME MASCULINO MAISON ALHAMBRA VICTORIOSO MYTH EDP 100ML"},"content":{"rendered":"<p><img loading=\"lazy\" decoding=\"async\" class=\"\" src=\"https:\/\/encrypted-tbn0.gstatic.com\/images?q=tbn:ANd9GcSDfozWudTdcO3Wr04KD44C49zaFW9pFvveSA&amp;s\" alt=\"Maison Alhambra Website: Luxurious Perfumes for Every Occasion\" width=\"97\" height=\"75\" \/><\/p>\n<h1>VICTORIOSO MYTH<\/h1>\n<p>Descubre la vigorizante fragancia de Victorioso Myth, una fragancia con su perfil olfativo din\u00e1mico y cautivador te brinda una sensaci\u00f3n de confianza y fuerza. Emb\u00e1rcate en un viaje olfativo inolvidable con el Perfume Victorioso Myth. Esta fragancia \u00fanica captura la esencia de la elegancia atemporal y el encanto sofisticado. Cada roc\u00edo revela una armon\u00eda perfecta entre notas frescas y c\u00e1lidas, creando una experiencia sensorial cautivadora. Con su mezcla exquisita y envolvente, el Perfume Victorioso Myth deja una estela de lujo y refinamiento que perdura a lo largo del d\u00eda, convirti\u00e9ndolo en un s\u00edmbolo de distinci\u00f3n y estilo<\/p>\n<p>\u00a1Experimenta la leyenda con Victorioso Myth!<\/p>\n<p><img decoding=\"async\" class=\"alignleft\" src=\"https:\/\/http2.mlstatic.com\/D_NQ_NP_660331-MLB82331156780_022025-O.webp\" \/><\/p>\n<h3>Notas olfativas<\/h3>\n<p>&nbsp;<\/p>\n<p>La fuerza del mar y la determinaci\u00f3n de un campe\u00f3n, embotelladas en una fragancia.<\/p>\n<p>Con notas marinas frescas, c\u00edtricos vibrantes y un toque especiado que evoluciona hacia maderas nobles y \u00e1mbar,\u00a0Victorioso Myth es el aroma del hombre que nunca se rinde.<\/p>\n<p>Victorioso Myth es una fragancia de la familia olfativa Arom\u00e1tica Acu\u00e1tica para Hombres.\u00a0Victorioso Myth\u00a0se lanz\u00f3 en 2022.<\/p>\n<p>&nbsp;<\/p>\n<p><strong>Notas de salida:<\/strong> sal, Notas marinas y toronja (pomelo).<\/p>\n<p><strong>Notas de coraz\u00f3n:<\/strong> hoja de laurel, geranio y especias.<\/p>\n<p><strong>Notas de fondo:<\/strong> \u00e1mbar y madera de gaiac.<\/p>\n","protected":false},"excerpt":{"rendered":"<p>VICTORIOSO MYTH Descubre la vigorizante fragancia de Victorioso Myth, una fragancia con su perfil olfativo din\u00e1mico y cautivador te brinda<\/p>\n","protected":false},"featured_media":89950,"comment_status":"open","ping_status":"closed","template":"","meta":{"nf_dc_page":""},"product_brand":[107],"product_cat":[84],"product_tag":[147],"class_list":{"0":"post-89949","1":"product","2":"type-product","3":"status-publish","4":"has-post-thumbnail","6":"product_brand-maison-alhambra","7":"product_cat-perfumeria","8":"product_tag-147","10":"first","11":"instock","12":"shipping-taxable","13":"purchasable","14":"product-type-simple"},"_links":{"self":[{"href":"https:\/\/brandss.com.py\/index\/wp-json\/wp\/v2\/product\/89949","targetHints":{"allow":["GET"]}}],"collection":[{"href":"https:\/\/brandss.com.py\/index\/wp-json\/wp\/v2\/product"}],"about":[{"href":"https:\/\/brandss.com.py\/index\/wp-json\/wp\/v2\/types\/product"}],"replies":[{"embeddable":true,"href":"https:\/\/brandss.com.py\/index\/wp-json\/wp\/v2\/comments?post=89949"}],"version-history":[{"count":1,"href":"https:\/\/brandss.com.py\/index\/wp-json\/wp\/v2\/product\/89949\/revisions"}],"predecessor-version":[{"id":89954,"href":"https:\/\/brandss.com.py\/index\/wp-json\/wp\/v2\/product\/89949\/revisions\/89954"}],"wp:featuredmedia":[{"embeddable":true,"href":"https:\/\/brandss.com.py\/index\/wp-json\/wp\/v2\/media\/89950"}],"wp:attachment":[{"href":"https:\/\/brandss.com.py\/index\/wp-json\/wp\/v2\/media?parent=89949"}],"wp:term":[{"taxonomy":"product_brand","embeddable":true,"href":"https:\/\/brandss.com.py\/index\/wp-json\/wp\/v2\/product_brand?post=89949"},{"taxonomy":"product_cat","embeddable":true,"href":"https:\/\/brandss.com.py\/index\/wp-json\/wp\/v2\/product_cat?post=89949"},{"taxonomy":"product_tag","embeddable":true,"href":"https:\/\/brandss.com.py\/index\/wp-json\/wp\/v2\/product_tag?post=89949"}],"curies":[{"name":"wp","href":"https:\/\/api.w.org\/{rel}","templated":true}]}}