{"id":89967,"date":"2025-09-08T14:18:12","date_gmt":"2025-09-08T14:18:12","guid":{"rendered":"https:\/\/brandss.com.py\/index\/?post_type=product&#038;p=89967"},"modified":"2025-09-08T14:18:46","modified_gmt":"2025-09-08T14:18:46","slug":"crema-facial-cosmo-anti-wrinkle-250ml","status":"publish","type":"product","link":"https:\/\/brandss.com.py\/index\/producto\/crema-facial-cosmo-anti-wrinkle-250ml\/","title":{"rendered":"CREMA FACIAL COSMO ANTI-WRINKLE 250ML"},"content":{"rendered":"<p><img loading=\"lazy\" decoding=\"async\" class=\"\" src=\"https:\/\/cosmocosmetics.ae\/cdn\/shop\/files\/logo-cosmo-regeister.png?v=1729761767&amp;width=340\" width=\"198\" height=\"42\" \/><\/p>\n<h1>ANTI-WRINKLE<\/h1>\n<p><span dir=\"auto\">Transforma tu rutina de cuidado de la piel con nuestra Crema Antiarrugas, dise\u00f1ada para reducir visiblemente las arrugas y l\u00edneas de expresi\u00f3n. Esta f\u00f3rmula avanzada es ideal para combatir los signos de la edad en el rostro. Consiente tu piel con el m\u00e1ximo cuidado usando <\/span><span dir=\"auto\">la Crema Antiarrugas para Rostro. <\/span><span dir=\"auto\">Especialmente formulada para hidratar profundamente y reducir la apariencia de l\u00edneas de expresi\u00f3n y arrugas, esta crema nutritiva mejora la elasticidad de la piel y proporciona una sensaci\u00f3n duradera de suavidad y juventud. Apta tanto para rostro como para cuerpo.<\/span><\/p>\n<h5><strong><span dir=\"auto\">Caracter\u00edsticas<\/span><\/strong><\/h5>\n<ul>\n<li><span dir=\"auto\">F\u00f3rmula rica hidratante y nutritiva.<\/span><\/li>\n<li><span dir=\"auto\">Ayuda a disminuir la aparici\u00f3n de arrugas y l\u00edneas finas.<\/span><\/li>\n<li><span dir=\"auto\">Mejora la elasticidad de la piel y promueve un brillo juvenil.<\/span><\/li>\n<li><span dir=\"auto\">Adecuado para todo tipo de piel, incluidas las sensibles.<\/span><\/li>\n<li><span dir=\"auto\">Textura ligera, de r\u00e1pida absorci\u00f3n y sin residuos grasos.<\/span><\/li>\n<li><span dir=\"auto\">Perfecto para uso diario en rostro y cuerpo.<\/span><\/li>\n<li><span dir=\"auto\"><span dir=\"auto\">Reduce la aparici\u00f3n de arrugas y l\u00edneas finas.<\/span><\/span><\/li>\n<li><span dir=\"auto\"><span dir=\"auto\">Estimula la producci\u00f3n de col\u00e1geno con p\u00e9ptidos y antioxidantes.<\/span><\/span><\/li>\n<li><span dir=\"auto\"><span dir=\"auto\">Mejora la elasticidad y suavidad de la piel.<\/span><\/span><\/li>\n<li><span dir=\"auto\"><span dir=\"auto\">Nutre e hidrata profundamente para una textura suave y flexible.<\/span><\/span><\/li>\n<li><span dir=\"auto\"><span dir=\"auto\">No graso y apto para aplicaci\u00f3n en rostro y cuerpo.<\/span><\/span><\/li>\n<li><span dir=\"auto\"><span dir=\"auto\">Proporciona beneficios antienvejecimiento visibles con el uso regular.<\/span><\/span><\/li>\n<\/ul>\n<h5><strong><span dir=\"auto\">Detalles\u00a0<\/span><\/strong><\/h5>\n<p><strong><span dir=\"auto\">Ingredientes activos del producto:<\/span><\/strong><\/p>\n<ul>\n<li><strong><span dir=\"auto\">P\u00e9ptidos<\/span><\/strong><span dir=\"auto\">, que estimulan la producci\u00f3n de col\u00e1geno.<\/span><\/li>\n<li><strong><span dir=\"auto\">Rico en una alta concentraci\u00f3n de vitamina A<\/span><\/strong><span dir=\"auto\">, que act\u00faa como antioxidante que protege la piel de las arrugas.<\/span><\/li>\n<li><strong><span dir=\"auto\">Contiene varios humectantes\u00a0<\/span><\/strong><span dir=\"auto\">que aportan humedad y elasticidad a la piel, como la manteca de karit\u00e9.<\/span><\/li>\n<li><strong><span dir=\"auto\">Libre de parabenos y alcohol.<\/span><\/strong><\/li>\n<\/ul>\n<h5><strong><span dir=\"auto\">Tama\u00f1o del paquete:<\/span><\/strong><\/h5>\n<p><strong><span dir=\"auto\">250 ml<\/span><\/strong><\/p>\n<p><span dir=\"auto\">Recupera la luminosidad natural y el aspecto juvenil de tu piel con la Crema Antiarrugas Facial y Corporal Cosmo. P\u00eddela ahora en Dar Al Amirat y comienza tu camino hacia el cuidado de la piel hoy mismo.<\/span><\/p>\n","protected":false},"excerpt":{"rendered":"<p>ANTI-WRINKLE Transforma tu rutina de cuidado de la piel con nuestra Crema Antiarrugas, dise\u00f1ada para reducir visiblemente las arrugas y<\/p>\n","protected":false},"featured_media":89970,"comment_status":"open","ping_status":"closed","template":"","meta":{"nf_dc_page":""},"product_brand":[103],"product_cat":[104],"product_tag":[],"class_list":{"0":"post-89967","1":"product","2":"type-product","3":"status-publish","4":"has-post-thumbnail","6":"product_brand-cosmo","7":"product_cat-skin-care","9":"first","10":"instock","11":"shipping-taxable","12":"purchasable","13":"product-type-simple"},"_links":{"self":[{"href":"https:\/\/brandss.com.py\/index\/wp-json\/wp\/v2\/product\/89967","targetHints":{"allow":["GET"]}}],"collection":[{"href":"https:\/\/brandss.com.py\/index\/wp-json\/wp\/v2\/product"}],"about":[{"href":"https:\/\/brandss.com.py\/index\/wp-json\/wp\/v2\/types\/product"}],"replies":[{"embeddable":true,"href":"https:\/\/brandss.com.py\/index\/wp-json\/wp\/v2\/comments?post=89967"}],"version-history":[{"count":1,"href":"https:\/\/brandss.com.py\/index\/wp-json\/wp\/v2\/product\/89967\/revisions"}],"predecessor-version":[{"id":89974,"href":"https:\/\/brandss.com.py\/index\/wp-json\/wp\/v2\/product\/89967\/revisions\/89974"}],"wp:featuredmedia":[{"embeddable":true,"href":"https:\/\/brandss.com.py\/index\/wp-json\/wp\/v2\/media\/89970"}],"wp:attachment":[{"href":"https:\/\/brandss.com.py\/index\/wp-json\/wp\/v2\/media?parent=89967"}],"wp:term":[{"taxonomy":"product_brand","embeddable":true,"href":"https:\/\/brandss.com.py\/index\/wp-json\/wp\/v2\/product_brand?post=89967"},{"taxonomy":"product_cat","embeddable":true,"href":"https:\/\/brandss.com.py\/index\/wp-json\/wp\/v2\/product_cat?post=89967"},{"taxonomy":"product_tag","embeddable":true,"href":"https:\/\/brandss.com.py\/index\/wp-json\/wp\/v2\/product_tag?post=89967"}],"curies":[{"name":"wp","href":"https:\/\/api.w.org\/{rel}","templated":true}]}}