{"id":89977,"date":"2025-09-08T14:28:46","date_gmt":"2025-09-08T14:28:46","guid":{"rendered":"https:\/\/brandss.com.py\/index\/?post_type=product&#038;p=89977"},"modified":"2025-09-08T14:42:19","modified_gmt":"2025-09-08T14:42:19","slug":"perfume-masculino-mystical-fakhar-edt-30ml","status":"publish","type":"product","link":"https:\/\/brandss.com.py\/index\/producto\/perfume-masculino-mystical-fakhar-edt-30ml\/","title":{"rendered":"PERFUME MASCULINO MYSTICAL FAKHAR EDP 30ML"},"content":{"rendered":"<h1>MYSTICAL<\/h1>\n<p>INSPIRACI\u00d3N FAKHAR DE LATTAFA<\/p>\n<p><span dir=\"auto\">dise\u00f1ado espec\u00edficamente para los c\u00e1lidos d\u00edas de primavera y verano. Con su refrescante mezcla de notas <\/span><strong><span dir=\"auto\">frutales<\/span><\/strong><span dir=\"auto\">\u00a0,\u00a0<\/span><strong><span dir=\"auto\">especiadas<\/span><\/strong><span dir=\"auto\">\u00a0y\u00a0<\/span><strong><span dir=\"auto\">amaderadas<\/span><\/strong><span dir=\"auto\"> , esta fragancia captura la esencia del verano, el sol y la libertad. Perfecta para hombres que buscan realzar su aura masculina con un toque de elegancia.<\/span><\/p>\n<p><strong><span dir=\"auto\">Fakhar Lattafa Men<\/span><\/strong><span dir=\"auto\"> es el compa\u00f1ero perfecto para los calurosos d\u00edas de verano. Su composici\u00f3n ligera y refrescante ofrece una agradable experiencia de uso, evocando una sensaci\u00f3n de vacaciones y relajaci\u00f3n. Desde su lanzamiento en 2021, esta fragancia se ha convertido en una de las favoritas por su frescura y ligereza veraniegas.<\/span><\/p>\n<p>&nbsp;<\/p>\n<div class=\"product-detail-content\">\n<div class=\"row product-detail-main\">\n<div class=\"col-lg-5 col-sm-12 col-xs-12\">\n<div class=\"product-detail-buy sticky-top\">\n<div class=\"product-detail-accordion mt-5\">\n<div id=\"accordion\">\n<div class=\"card product-detail-tab-accordion-item\">\n<div id=\"collapseDescription\" class=\"collapse show\" aria-labelledby=\"headingDescription\" data-bs-parent=\"#accordion\">\n<div class=\"card-body mt-3 mb-3\">\n<p>&nbsp;<\/p>\n<\/div>\n<\/div>\n<\/div>\n<div class=\"card product-detail-tab-accordion-item\">\n<div id=\"headingManufacturer\" class=\"card-header\">\n<p class=\"mb-0\">\n<\/div>\n<\/div>\n<div class=\"card product-detail-tab-accordion-item\">\n<div id=\"headingProperties\" class=\"card-header\">\n<p class=\"mb-0\">\n<\/div>\n<\/div>\n<div class=\"card product-detail-tab-accordion-item\">\n<div id=\"headingReview\" class=\"card-header\">\n<p class=\"mb-0\">\n<\/div>\n<\/div>\n<\/div>\n<\/div>\n<\/div>\n<\/div>\n<\/div>\n<\/div>\n<div class=\"product-detail-tabs product-detail-cross-selling\">\n<div class=\"row g-0 mt-5\" data-cross-selling=\"true\">\n<div class=\"col-12 mb-5\">\n<h3 class=\"product-detail-cross-selling-name mb-0\"><\/h3>\n<\/div>\n<\/div>\n<\/div>\n","protected":false},"excerpt":{"rendered":"<p>MYSTICAL INSPIRACI\u00d3N FAKHAR DE LATTAFA dise\u00f1ado espec\u00edficamente para los c\u00e1lidos d\u00edas de primavera y verano. Con su refrescante mezcla de<\/p>\n","protected":false},"featured_media":89979,"comment_status":"open","ping_status":"closed","template":"","meta":{"nf_dc_page":""},"product_brand":[],"product_cat":[84],"product_tag":[],"class_list":{"0":"post-89977","1":"product","2":"type-product","3":"status-publish","4":"has-post-thumbnail","6":"product_cat-perfumeria","8":"first","9":"instock","10":"shipping-taxable","11":"purchasable","12":"product-type-simple"},"_links":{"self":[{"href":"https:\/\/brandss.com.py\/index\/wp-json\/wp\/v2\/product\/89977","targetHints":{"allow":["GET"]}}],"collection":[{"href":"https:\/\/brandss.com.py\/index\/wp-json\/wp\/v2\/product"}],"about":[{"href":"https:\/\/brandss.com.py\/index\/wp-json\/wp\/v2\/types\/product"}],"replies":[{"embeddable":true,"href":"https:\/\/brandss.com.py\/index\/wp-json\/wp\/v2\/comments?post=89977"}],"version-history":[{"count":2,"href":"https:\/\/brandss.com.py\/index\/wp-json\/wp\/v2\/product\/89977\/revisions"}],"predecessor-version":[{"id":89989,"href":"https:\/\/brandss.com.py\/index\/wp-json\/wp\/v2\/product\/89977\/revisions\/89989"}],"wp:featuredmedia":[{"embeddable":true,"href":"https:\/\/brandss.com.py\/index\/wp-json\/wp\/v2\/media\/89979"}],"wp:attachment":[{"href":"https:\/\/brandss.com.py\/index\/wp-json\/wp\/v2\/media?parent=89977"}],"wp:term":[{"taxonomy":"product_brand","embeddable":true,"href":"https:\/\/brandss.com.py\/index\/wp-json\/wp\/v2\/product_brand?post=89977"},{"taxonomy":"product_cat","embeddable":true,"href":"https:\/\/brandss.com.py\/index\/wp-json\/wp\/v2\/product_cat?post=89977"},{"taxonomy":"product_tag","embeddable":true,"href":"https:\/\/brandss.com.py\/index\/wp-json\/wp\/v2\/product_tag?post=89977"}],"curies":[{"name":"wp","href":"https:\/\/api.w.org\/{rel}","templated":true}]}}