{"id":89978,"date":"2025-09-08T14:32:46","date_gmt":"2025-09-08T14:32:46","guid":{"rendered":"https:\/\/brandss.com.py\/index\/?post_type=product&#038;p=89978"},"modified":"2025-09-08T14:33:25","modified_gmt":"2025-09-08T14:33:25","slug":"shampoo-capilar-cosmo-keratin-anti-caida-1000ml","status":"publish","type":"product","link":"https:\/\/brandss.com.py\/index\/producto\/shampoo-capilar-cosmo-keratin-anti-caida-1000ml\/","title":{"rendered":"SHAMPOO CAPILAR COSMO KERATIN ANTI-CA\u00cdDA 1000ML"},"content":{"rendered":"<p><img loading=\"lazy\" decoding=\"async\" class=\"\" src=\"https:\/\/cosmocosmetics.ae\/cdn\/shop\/files\/logo-cosmo-regeister.png?v=1729761767&amp;width=340\" width=\"193\" height=\"41\" \/><\/p>\n<h1>KERATIN ANTI-CA\u00cdDA<\/h1>\n<p>Este champ\u00fa nutritivo est\u00e1 formulado para retener la hidrataci\u00f3n, mejorar la elasticidad del cabello, reducir la rotura y dejarlo suave y brillante de la ra\u00edz a las puntas. Enriquecido con queratina, ayuda a reconstruir la capa protectora natural del cabello, haci\u00e9ndolo m\u00e1s fuerte y el\u00e1stico, a la vez que reduce la rotura y la apertura. Su f\u00f3rmula tambi\u00e9n potencia la capacidad del cabello para retener la hidrataci\u00f3n, reduciendo el encrespamiento y los cabellos sueltos causados \u200b\u200bpor la sequedad, para un look liso y cuidado.<\/p>\n<div class=\"experience-component experience-dynamic-productLongDescription\">\n<div id=\"longDescription\" class=\"container product-long-description\">\n<div class=\"row\">\n<div class=\"col-12 col-md-8 description-text\">\n<div class=\"metafield-rich_text_field\">\n<h2><span dir=\"auto\">CARACTER\u00cdSTICAS<\/span><\/h2>\n<ul>\n<li><span dir=\"auto\">Queratina: Reconstruye la capa protectora natural del cabello y fortalece cada hebra.<\/span><\/li>\n<li><span dir=\"auto\">Cuerpo y brillo sin peso: agrega brillo sin apelmazar el cabello, realzando su cuerpo natural.<\/span><\/li>\n<li><span dir=\"auto\">Desenredante instant\u00e1neo: previene la est\u00e1tica y los enredos, haciendo que tu cabello sea m\u00e1s f\u00e1cil de manejar.<\/span><\/li>\n<li><span dir=\"auto\">Nutrici\u00f3n duradera: mantiene el cabello suave, liso y brillante incluso despu\u00e9s de varios lavados.<\/span><\/li>\n<li><span dir=\"auto\">Ideal para cabello tratado con queratina: Especialmente formulado para mantener y mejorar los resultados de los tratamientos de queratina.<\/span><\/li>\n<li><span dir=\"auto\">Protecci\u00f3n contra la absorci\u00f3n de agua: Reduce la capacidad del cabello para absorber agua, protegi\u00e9ndolo de la exposici\u00f3n continua.<\/span><\/li>\n<\/ul>\n<\/div>\n<\/div>\n<div class=\"col-12 col-md-4 description-icon\">\n<div class=\"content-asset\">\n<ul>\n<li><img decoding=\"async\" src=\"https:\/\/cosmocosmetics.ae\/cdn\/shop\/files\/New_Project_25_64x64.png?v=1723527115\" \/>&nbsp;<\/li>\n<li><img decoding=\"async\" src=\"https:\/\/cosmocosmetics.ae\/cdn\/shop\/files\/New_Project_23_64x64.png?v=1723528105\" \/>&nbsp;<\/li>\n<li><img decoding=\"async\" src=\"https:\/\/cosmocosmetics.ae\/cdn\/shop\/files\/New_Project_24_64x64.png?v=1723528130\" \/>&nbsp;<\/li>\n<\/ul>\n<\/div>\n<\/div>\n<\/div>\n<\/div>\n<\/div>\n<div class=\"experience-component experience-dynamic-productRoutineCustom\">\n<div id=\"productRoutine\" class=\"container-fluid product-routine-custom\">\n<div class=\"row custom\">\n<div class=\"col-12 carousel-heading mb-1\">\n<h2 class=\"carousel-title brand-primary\"><span dir=\"auto\">MODO DE EMPLEO<\/span><\/h2>\n<\/div>\n<\/div>\n<div class=\"row routine-wrapper\">\n<div class=\"col-12 product-routine-custom-line\">\n<div class=\"content-asset\">\n<div class=\"routine-item\">\n<div class=\"routine-image\"><img loading=\"lazy\" decoding=\"async\" class=\"w-100 alignleft\" src=\"https:\/\/cosmocosmetics.ae\/cdn\/shop\/files\/how_to_3.jpg?v=1723095133\" alt=\"\" width=\"160\" height=\"160\" \/><\/p>\n<div class=\"routine-middle col-md-12\">\n<p>&nbsp;<\/p>\n<p class=\"routine-step\"><span dir=\"auto\">PASO 1: Enjuague<\/span><\/p>\n<div class=\"routine-copy\"><span dir=\"auto\">Enjuague bien y seque con palmaditas.<\/span><\/div>\n<div><\/div>\n<\/div>\n<\/div>\n<\/div>\n<\/div>\n<\/div>\n<div class=\"col-12 product-routine-custom-line\">\n<div class=\"content-asset\">\n<div class=\"routine-item\">\n<div class=\"routine-image\"><img loading=\"lazy\" decoding=\"async\" class=\"w-100 alignleft\" src=\"https:\/\/cosmocosmetics.ae\/cdn\/shop\/files\/how_to_2.jpg?v=1723095097\" alt=\"\" width=\"160\" height=\"160\" \/><\/p>\n<div class=\"routine-middle col-md-12\">\n<p>&nbsp;<\/p>\n<p class=\"routine-step\"><span dir=\"auto\">PASO 2: Enjabonar<\/span><\/p>\n<div class=\"routine-copy\"><span dir=\"auto\">Masajear suavemente con movimientos circulares para crear espuma.<\/span><\/div>\n<\/div>\n<\/div>\n<\/div>\n<\/div>\n<\/div>\n<div class=\"col-12 product-routine-custom-line\">\n<div class=\"content-asset\">\n<div class=\"routine-item\">\n<div class=\"routine-image\"><img loading=\"lazy\" decoding=\"async\" class=\"w-100 alignleft\" src=\"https:\/\/cosmocosmetics.ae\/cdn\/shop\/files\/how_to_1.jpg?v=1723095005\" alt=\"\" width=\"160\" height=\"160\" \/><\/p>\n<div class=\"routine-middle col-md-12\">\n<p>&nbsp;<\/p>\n<p class=\"routine-step\"><span dir=\"auto\">PASO 3: Limpiar<\/span><\/p>\n<div class=\"routine-copy\"><span dir=\"auto\">Humedezca su rostro y cuello y luego aplique una peque\u00f1a cantidad del limpiador facial.<\/span><\/div>\n<\/div>\n<\/div>\n<\/div>\n<\/div>\n<\/div>\n<\/div>\n<\/div>\n<\/div>\n<div class=\"experience-component experience-dynamic-productIngredients\">\n<div id=\"productIngredients\" class=\"container product-ingredients mt-3\">\n<div class=\"row\">\n<div class=\"col-12 col-md-7 mt-3 mt-md-0 ingredients-copy\">\n<div class=\"content-asset\">\n<h2><\/h2>\n<h2><span dir=\"auto\">TODOS LOS INGREDIENTES<\/span><\/h2>\n<p><img loading=\"lazy\" decoding=\"async\" class=\"w-100 alignleft\" src=\"https:\/\/cosmocosmetics.ae\/cdn\/shop\/files\/argan_1.webp?v=1723803155\" width=\"225\" height=\"148\" \/><span dir=\"auto\">Aceite de arg\u00e1n: El aceite de arg\u00e1n es el acondicionador capilar ideal que ayuda a reparar las puntas abiertas y a controlar el encrespamiento. Hace que el cabello sea m\u00e1s manejable y le aporta un brillo saludable y atractivo. <\/span><\/p>\n<p><span dir=\"auto\">Aviso legal: Tenga en cuenta que las listas de ingredientes pueden variar ocasionalmente. Consulte la lista de ingredientes en el envase del producto para obtener la lista m\u00e1s actualizada.<\/span><\/p>\n<\/div>\n<\/div>\n<\/div>\n<\/div>\n<\/div>\n","protected":false},"excerpt":{"rendered":"<p>KERATIN ANTI-CA\u00cdDA Este champ\u00fa nutritivo est\u00e1 formulado para retener la hidrataci\u00f3n, mejorar la elasticidad del cabello, reducir la rotura y<\/p>\n","protected":false},"featured_media":89981,"comment_status":"open","ping_status":"closed","template":"","meta":{"nf_dc_page":""},"product_brand":[103],"product_cat":[85],"product_tag":[],"class_list":{"0":"post-89978","1":"product","2":"type-product","3":"status-publish","4":"has-post-thumbnail","6":"product_brand-cosmo","7":"product_cat-cosmeticos","9":"first","10":"instock","11":"shipping-taxable","12":"purchasable","13":"product-type-simple"},"_links":{"self":[{"href":"https:\/\/brandss.com.py\/index\/wp-json\/wp\/v2\/product\/89978","targetHints":{"allow":["GET"]}}],"collection":[{"href":"https:\/\/brandss.com.py\/index\/wp-json\/wp\/v2\/product"}],"about":[{"href":"https:\/\/brandss.com.py\/index\/wp-json\/wp\/v2\/types\/product"}],"replies":[{"embeddable":true,"href":"https:\/\/brandss.com.py\/index\/wp-json\/wp\/v2\/comments?post=89978"}],"version-history":[{"count":1,"href":"https:\/\/brandss.com.py\/index\/wp-json\/wp\/v2\/product\/89978\/revisions"}],"predecessor-version":[{"id":89985,"href":"https:\/\/brandss.com.py\/index\/wp-json\/wp\/v2\/product\/89978\/revisions\/89985"}],"wp:featuredmedia":[{"embeddable":true,"href":"https:\/\/brandss.com.py\/index\/wp-json\/wp\/v2\/media\/89981"}],"wp:attachment":[{"href":"https:\/\/brandss.com.py\/index\/wp-json\/wp\/v2\/media?parent=89978"}],"wp:term":[{"taxonomy":"product_brand","embeddable":true,"href":"https:\/\/brandss.com.py\/index\/wp-json\/wp\/v2\/product_brand?post=89978"},{"taxonomy":"product_cat","embeddable":true,"href":"https:\/\/brandss.com.py\/index\/wp-json\/wp\/v2\/product_cat?post=89978"},{"taxonomy":"product_tag","embeddable":true,"href":"https:\/\/brandss.com.py\/index\/wp-json\/wp\/v2\/product_tag?post=89978"}],"curies":[{"name":"wp","href":"https:\/\/api.w.org\/{rel}","templated":true}]}}