{"id":89994,"date":"2025-09-08T17:06:22","date_gmt":"2025-09-08T17:06:22","guid":{"rendered":"https:\/\/brandss.com.py\/index\/?post_type=product&#038;p=89994"},"modified":"2025-09-08T17:08:47","modified_gmt":"2025-09-08T17:08:47","slug":"shampoo-capilar-cosmo-olive-oil-nutritivo-1000ml","status":"publish","type":"product","link":"https:\/\/brandss.com.py\/index\/producto\/shampoo-capilar-cosmo-olive-oil-nutritivo-1000ml\/","title":{"rendered":"SHAMPOO CAPILAR COSMO OLIVE OIL NUTRITIVO 1000ML"},"content":{"rendered":"<p><img loading=\"lazy\" decoding=\"async\" class=\"\" src=\"https:\/\/cosmocosmetics.ae\/cdn\/shop\/files\/logo-cosmo-regeister.png?v=1729761767&amp;width=340\" width=\"189\" height=\"40\" \/><\/p>\n<h1>OLIVE OIL NUTRITIVO<\/h1>\n<p><span dir=\"auto\">Revitaliza tu cabello con el champ\u00fa nutritivo con aceite de oliva COSMO, dise\u00f1ado para devolverle la vida al cabello seco, da\u00f1ado y opaco.\u00a0<\/span><\/p>\n<p><span dir=\"auto\">Enriquecido con las propiedades nutritivas del aceite de oliva, este lujoso champ\u00fa hidrata profundamente y restaura el brillo, la fuerza y \u200b\u200bla elasticidad naturales del cabello. El aceite de oliva, junto con la queratina, aporta nutrientes esenciales para protegerlo de las agresiones ambientales y mejorar la salud capilar. Suave y sin sulfatos ni parabenos, es apto para todo tipo de cabello, incluido el te\u00f1ido, y deja el cabello suave, sedoso y con volumen.<\/span><\/p>\n<div class=\"experience-component experience-dynamic-productLongDescription\">\n<div id=\"longDescription\" class=\"container product-long-description\">\n<div class=\"row\">\n<div class=\"col-12 col-md-8 description-text\">\n<div class=\"metafield-rich_text_field\">\n<h3><span dir=\"auto\">CARACTER\u00cdSTICAS<\/span><\/h3>\n<ul>\n<li><span dir=\"auto\">Hidrataci\u00f3n profunda: el aceite de oliva y los ingredientes naturales nutren e hidratan el cabello seco y da\u00f1ado.<\/span><\/li>\n<li><span dir=\"auto\">Fortalece el cabello: La queratina fortalece el cabello desde adentro, reduciendo el da\u00f1o y mejorando la resistencia.<\/span><\/li>\n<li><span dir=\"auto\">Libre de qu\u00edmicos agresivos: sin sulfatos ni parabenos, adecuado para todo tipo de cabello.<\/span><\/li>\n<li><span dir=\"auto\">Restaura el brillo: mejora el brillo natural y reduce el frizz y las puntas abiertas.<\/span><\/li>\n<li><span dir=\"auto\">Cuero cabelludo sano: rehidrata el cuero cabelludo y ayuda a combatir las infecciones por hongos y la caspa.<\/span><\/li>\n<li><span dir=\"auto\">Mejora la manejabilidad: deja el cabello suave, sedoso y m\u00e1s f\u00e1cil de peinar.<\/span><\/li>\n<\/ul>\n<\/div>\n<\/div>\n<div class=\"col-12 col-md-4 description-icon\">\n<div class=\"content-asset\">\n<ul>\n<li><img decoding=\"async\" src=\"https:\/\/cosmocosmetics.ae\/cdn\/shop\/files\/New_Project_25_64x64.png?v=1723527115\" \/><\/li>\n<li><img decoding=\"async\" src=\"https:\/\/cosmocosmetics.ae\/cdn\/shop\/files\/New_Project_23_64x64.png?v=1723528105\" \/><\/li>\n<li><img decoding=\"async\" src=\"https:\/\/cosmocosmetics.ae\/cdn\/shop\/files\/New_Project_24_64x64.png?v=1723528130\" \/><\/li>\n<\/ul>\n<\/div>\n<\/div>\n<\/div>\n<\/div>\n<\/div>\n<div class=\"experience-component experience-dynamic-productRoutineCustom\">\n<div id=\"productRoutine\" class=\"container-fluid product-routine-custom\">\n<div class=\"row custom\">\n<div class=\"col-12 carousel-heading mb-1\">\n<h3 class=\"carousel-title brand-primary\"><span dir=\"auto\">MODO DE EMPLEO<\/span><\/h3>\n<\/div>\n<\/div>\n<div class=\"row routine-wrapper\">\n<div class=\"col-12 product-routine-custom-line\">\n<div class=\"content-asset\">\n<div class=\"routine-item\">\n<div class=\"routine-image\">\n<p><img loading=\"lazy\" decoding=\"async\" class=\"w-100 alignleft\" src=\"https:\/\/cosmocosmetics.ae\/cdn\/shop\/files\/how_to_3.jpg?v=1723095133\" alt=\"\" width=\"160\" height=\"160\" \/><\/p>\n<div class=\"routine-middle col-md-12\">\n<p>&nbsp;<\/p>\n<p class=\"routine-step\"><span dir=\"auto\">PASO 1: Enjuague<\/span><\/p>\n<div class=\"routine-copy\"><span dir=\"auto\">Enjuague bien y seque con palmaditas.<\/span><\/div>\n<\/div>\n<\/div>\n<\/div>\n<\/div>\n<\/div>\n<div class=\"col-12 product-routine-custom-line\">\n<div class=\"content-asset\">\n<div class=\"routine-item\">\n<div class=\"routine-image\">\n<p><img loading=\"lazy\" decoding=\"async\" class=\"w-100 alignleft\" src=\"https:\/\/cosmocosmetics.ae\/cdn\/shop\/files\/how_to_2.jpg?v=1723095097\" alt=\"\" width=\"160\" height=\"160\" \/><\/p>\n<div class=\"routine-middle col-md-12\">\n<p>&nbsp;<\/p>\n<p class=\"routine-step\"><span dir=\"auto\">PASO 2: Enjabonar<\/span><\/p>\n<div class=\"routine-copy\"><span dir=\"auto\">Masajear suavemente con movimientos circulares para crear espuma.<\/span><\/div>\n<\/div>\n<\/div>\n<\/div>\n<\/div>\n<\/div>\n<div class=\"col-12 product-routine-custom-line\">\n<div class=\"content-asset\">\n<div class=\"routine-item\">\n<div class=\"routine-image\">\n<p><img loading=\"lazy\" decoding=\"async\" class=\"w-100 alignleft\" src=\"https:\/\/cosmocosmetics.ae\/cdn\/shop\/files\/how_to_1.jpg?v=1723095005\" alt=\"\" width=\"160\" height=\"160\" \/><\/p>\n<div class=\"routine-middle col-md-12\">\n<p>&nbsp;<\/p>\n<p class=\"routine-step\"><span dir=\"auto\">PASO 3: Limpiar<\/span><\/p>\n<div class=\"routine-copy\"><span dir=\"auto\">Humedezca su rostro y cuello y luego aplique una peque\u00f1a cantidad del limpiador facial.<\/span><\/div>\n<\/div>\n<div><\/div>\n<\/div>\n<\/div>\n<\/div>\n<\/div>\n<\/div>\n<\/div>\n<\/div>\n<div class=\"experience-component experience-dynamic-productIngredients\">\n<div id=\"productIngredients\" class=\"container product-ingredients mt-3\">\n<div class=\"row\">\n<div class=\"col-12 col-md-7 mt-3 mt-md-0 ingredients-copy\">\n<div class=\"content-asset\">\n<h2><\/h2>\n<h3><span dir=\"auto\">TODOS LOS INGREDIENTES<\/span><\/h3>\n<p><span dir=\"auto\">El acei<\/span><img loading=\"lazy\" decoding=\"async\" class=\"w-100 alignleft\" src=\"https:\/\/cosmocosmetics.ae\/cdn\/shop\/files\/olive.webp?v=1723802683\" width=\"160\" height=\"105\" \/>te de oliva puede aportar suavidad y fortalecer el cabello al penetrar en el tallo capilar y preservar la hidrataci\u00f3n. El brillo que se dice que aporta el aceite de oliva podr\u00eda deberse a que suaviza la cut\u00edcula externa del cabello. Puede que tengas que experimentar un poco antes de encontrar una rutina que se adapte a tus necesidades. Aviso legal: Ten en cuenta que las listas de ingredientes pueden cambiar o variar ocasionalmente. Consulta la lista de ingredientes en el envase del producto para obtener la lista m\u00e1s actualizada.<\/p>\n<\/div>\n<\/div>\n<\/div>\n<\/div>\n<\/div>\n","protected":false},"excerpt":{"rendered":"<p>OLIVE OIL NUTRITIVO Revitaliza tu cabello con el champ\u00fa nutritivo con aceite de oliva COSMO, dise\u00f1ado para devolverle la vida<\/p>\n","protected":false},"featured_media":89996,"comment_status":"open","ping_status":"closed","template":"","meta":{"nf_dc_page":""},"product_brand":[103],"product_cat":[85],"product_tag":[],"class_list":{"0":"post-89994","1":"product","2":"type-product","3":"status-publish","4":"has-post-thumbnail","6":"product_brand-cosmo","7":"product_cat-cosmeticos","9":"first","10":"instock","11":"shipping-taxable","12":"purchasable","13":"product-type-simple"},"_links":{"self":[{"href":"https:\/\/brandss.com.py\/index\/wp-json\/wp\/v2\/product\/89994","targetHints":{"allow":["GET"]}}],"collection":[{"href":"https:\/\/brandss.com.py\/index\/wp-json\/wp\/v2\/product"}],"about":[{"href":"https:\/\/brandss.com.py\/index\/wp-json\/wp\/v2\/types\/product"}],"replies":[{"embeddable":true,"href":"https:\/\/brandss.com.py\/index\/wp-json\/wp\/v2\/comments?post=89994"}],"version-history":[{"count":2,"href":"https:\/\/brandss.com.py\/index\/wp-json\/wp\/v2\/product\/89994\/revisions"}],"predecessor-version":[{"id":90000,"href":"https:\/\/brandss.com.py\/index\/wp-json\/wp\/v2\/product\/89994\/revisions\/90000"}],"wp:featuredmedia":[{"embeddable":true,"href":"https:\/\/brandss.com.py\/index\/wp-json\/wp\/v2\/media\/89996"}],"wp:attachment":[{"href":"https:\/\/brandss.com.py\/index\/wp-json\/wp\/v2\/media?parent=89994"}],"wp:term":[{"taxonomy":"product_brand","embeddable":true,"href":"https:\/\/brandss.com.py\/index\/wp-json\/wp\/v2\/product_brand?post=89994"},{"taxonomy":"product_cat","embeddable":true,"href":"https:\/\/brandss.com.py\/index\/wp-json\/wp\/v2\/product_cat?post=89994"},{"taxonomy":"product_tag","embeddable":true,"href":"https:\/\/brandss.com.py\/index\/wp-json\/wp\/v2\/product_tag?post=89994"}],"curies":[{"name":"wp","href":"https:\/\/api.w.org\/{rel}","templated":true}]}}