{"id":90007,"date":"2025-09-08T17:38:40","date_gmt":"2025-09-08T17:38:40","guid":{"rendered":"https:\/\/brandss.com.py\/index\/?post_type=product&#038;p=90007"},"modified":"2025-09-08T17:40:18","modified_gmt":"2025-09-08T17:40:18","slug":"shampoo-capilar-cosmo-tea-tree-oil-anti-caspa-1000ml","status":"publish","type":"product","link":"https:\/\/brandss.com.py\/index\/producto\/shampoo-capilar-cosmo-tea-tree-oil-anti-caspa-1000ml\/","title":{"rendered":"SHAMPOO CAPILAR COSMO TEA TREE OIL ANTI-CASPA 1000ML"},"content":{"rendered":"<p><img loading=\"lazy\" decoding=\"async\" class=\"\" src=\"https:\/\/cosmocosmetics.ae\/cdn\/shop\/files\/logo-cosmo-regeister.png?v=1729761767&amp;width=340\" width=\"161\" height=\"34\" \/><\/p>\n<h1>TEA TREE OIL ANTI-CASPA<\/h1>\n<p><span dir=\"auto\">Revitaliza tu cabello con el champ\u00fa con aceite de \u00e1rbol de t\u00e9 COSMO, una f\u00f3rmula refrescante dise\u00f1ada para energizar tus sentidos y limpiar tu cabello en profundidad.\u00a0<\/span><\/p>\n<p><span dir=\"auto\">Enriquecido con aceite de \u00e1rbol de t\u00e9, este champ\u00fa revitalizante elimina eficazmente las impurezas y la acumulaci\u00f3n de suciedad, dejando el cuero cabelludo fresco y el cabello lleno de vitalidad. Ideal para todo tipo de cabello, incluido el te\u00f1ido, hidrata el cuero cabelludo, reduce la caspa y ayuda a controlar el exceso de grasa. Libre de sulfatos, parabenos, ftalatos, gluten, alcohol y colorantes artificiales, ofrece una experiencia de limpieza pura y natural.<\/span><\/p>\n<div class=\"experience-component experience-dynamic-productLongDescription\">\n<div id=\"longDescription\" class=\"container product-long-description\">\n<div class=\"row\">\n<div class=\"col-12 col-md-8 description-text\">\n<div class=\"metafield-rich_text_field\">\n<h4><span dir=\"auto\">CARACTER\u00cdSTICAS<\/span><\/h4>\n<ul>\n<li><span dir=\"auto\">Infusi\u00f3n de aceite de \u00e1rbol de t\u00e9: ayuda a limpiar y purificar el cuero cabelludo mientras reduce la caspa y la acumulaci\u00f3n.<\/span><\/li>\n<li><span dir=\"auto\">Hidratante: proporciona hidrataci\u00f3n al cuero cabelludo seco y escamoso para mejorar la salud del cabello.<\/span><\/li>\n<li><span dir=\"auto\">Sin sulfatos: libre de sulfatos, parabenos, ftalatos, gluten, alcohol y colorantes artificiales.<\/span><\/li>\n<li><span dir=\"auto\">Limpieza refrescante: deja el cabello y el cuero cabelludo con una sensaci\u00f3n de frescura y revitalizaci\u00f3n.<\/span><\/li>\n<li><span dir=\"auto\">Tratamiento Anticaspa: Reduce la descamaci\u00f3n y calma la irritaci\u00f3n del cuero cabelludo.<\/span><\/li>\n<li><span dir=\"auto\">Absorci\u00f3n de nutrientes: prepara el cabello y el cuero cabelludo para absorber los nutrientes de manera eficiente.<\/span><\/li>\n<\/ul>\n<\/div>\n<\/div>\n<div class=\"col-12 col-md-4 description-icon\">\n<div class=\"content-asset\">\n<ul>\n<li><img decoding=\"async\" src=\"https:\/\/cosmocosmetics.ae\/cdn\/shop\/files\/New_Project_25_64x64.png?v=1723527115\" \/><\/li>\n<li><img decoding=\"async\" src=\"https:\/\/cosmocosmetics.ae\/cdn\/shop\/files\/New_Project_23_64x64.png?v=1723528105\" \/><\/li>\n<li><img decoding=\"async\" src=\"https:\/\/cosmocosmetics.ae\/cdn\/shop\/files\/New_Project_24_64x64.png?v=1723528130\" \/><\/li>\n<\/ul>\n<\/div>\n<\/div>\n<\/div>\n<\/div>\n<\/div>\n<div class=\"experience-component experience-dynamic-productRoutineCustom\">\n<div id=\"productRoutine\" class=\"container-fluid product-routine-custom\">\n<div class=\"row custom\">\n<div class=\"col-12 carousel-heading mb-1\">\n<h2 class=\"carousel-title brand-primary\"><span dir=\"auto\">MODO DE EMPLEO<\/span><\/h2>\n<\/div>\n<\/div>\n<div class=\"row routine-wrapper\">\n<div class=\"col-12 product-routine-custom-line\">\n<div class=\"content-asset\">\n<div class=\"routine-item\">\n<div class=\"routine-image\">\n<p><img loading=\"lazy\" decoding=\"async\" class=\"w-100 alignleft\" src=\"https:\/\/cosmocosmetics.ae\/cdn\/shop\/files\/how_to_3.jpg?v=1723095133\" alt=\"\" width=\"160\" height=\"160\" \/><\/p>\n<div class=\"routine-middle col-md-12\">\n<p>&nbsp;<\/p>\n<p class=\"routine-step\"><span dir=\"auto\">PASO 1: Enjuague<\/span><\/p>\n<div class=\"routine-copy\"><span dir=\"auto\">Enjuague bien y seque con palmaditas.<\/span><\/div>\n<\/div>\n<\/div>\n<\/div>\n<\/div>\n<\/div>\n<div class=\"col-12 product-routine-custom-line\">\n<div class=\"content-asset\">\n<div class=\"routine-item\">\n<div class=\"routine-image\">\n<p><img loading=\"lazy\" decoding=\"async\" class=\"w-100 alignleft\" src=\"https:\/\/cosmocosmetics.ae\/cdn\/shop\/files\/how_to_2.jpg?v=1723095097\" alt=\"\" width=\"160\" height=\"160\" \/><\/p>\n<div class=\"routine-middle col-md-12\">\n<p>&nbsp;<\/p>\n<p class=\"routine-step\"><span dir=\"auto\">PASO 2: Enjabonar<\/span><\/p>\n<div class=\"routine-copy\"><span dir=\"auto\">Masajear suavemente con movimientos circulares para crear espuma.<\/span><\/div>\n<\/div>\n<\/div>\n<\/div>\n<\/div>\n<\/div>\n<div class=\"col-12 product-routine-custom-line\">\n<div class=\"content-asset\">\n<div class=\"routine-item\">\n<div class=\"routine-image\">\n<p><img loading=\"lazy\" decoding=\"async\" class=\"w-100 alignleft\" src=\"https:\/\/cosmocosmetics.ae\/cdn\/shop\/files\/how_to_1.jpg?v=1723095005\" alt=\"\" width=\"160\" height=\"160\" \/><\/p>\n<div class=\"routine-middle col-md-12\">\n<p>&nbsp;<\/p>\n<p class=\"routine-step\"><span dir=\"auto\">PASO 3: Limpiar<\/span><\/p>\n<div class=\"routine-copy\"><span dir=\"auto\">Humedezca su rostro y cuello y luego aplique una peque\u00f1a cantidad del limpiador facial.<\/span><\/div>\n<\/div>\n<div><\/div>\n<\/div>\n<\/div>\n<\/div>\n<\/div>\n<\/div>\n<\/div>\n<\/div>\n<div class=\"experience-component experience-dynamic-productIngredients\">\n<div id=\"productIngredients\" class=\"container product-ingredients mt-3\">\n<div class=\"row\">\n<div class=\"col-12 col-md-7 mt-3 mt-md-0 ingredients-copy\">\n<div class=\"content-asset\">\n<h2><\/h2>\n<h4><span dir=\"auto\">TODOS LOS INGREDIENTES<\/span><\/h4>\n<p><span dir=\"auto\">Aplicar pe<\/span><img loading=\"lazy\" decoding=\"async\" class=\"w-100 alignleft\" src=\"https:\/\/cosmocosmetics.ae\/cdn\/shop\/files\/dandruff-image.webp?v=1723794427\" width=\"180\" height=\"119\" \/>que\u00f1as cantidades de aceite de \u00e1rbol de t\u00e9 diluido en el cabello ayudar\u00e1 a prevenir la acumulaci\u00f3n de qu\u00edmicos y c\u00e9lulas muertas. Esto mantiene el cabello sano e hidratado, lo que ayuda a que crezca a su ritmo normal y previene la ca\u00edda. La caspa se debe a la acumulaci\u00f3n de piel seca y escamosa en el cuero cabelludo. Aviso legal: Tenga en cuenta que las listas de ingredientes pueden cambiar o variar ocasionalmente. Consulte la lista de ingredientes en el envase del producto para obtener la lista m\u00e1s actualizada.<\/p>\n<\/div>\n<\/div>\n<\/div>\n<\/div>\n<\/div>\n","protected":false},"excerpt":{"rendered":"<p>TEA TREE OIL ANTI-CASPA Revitaliza tu cabello con el champ\u00fa con aceite de \u00e1rbol de t\u00e9 COSMO, una f\u00f3rmula refrescante<\/p>\n","protected":false},"featured_media":90010,"comment_status":"open","ping_status":"closed","template":"","meta":{"nf_dc_page":""},"product_brand":[103],"product_cat":[85],"product_tag":[],"class_list":{"0":"post-90007","1":"product","2":"type-product","3":"status-publish","4":"has-post-thumbnail","6":"product_brand-cosmo","7":"product_cat-cosmeticos","9":"first","10":"instock","11":"shipping-taxable","12":"purchasable","13":"product-type-simple"},"_links":{"self":[{"href":"https:\/\/brandss.com.py\/index\/wp-json\/wp\/v2\/product\/90007","targetHints":{"allow":["GET"]}}],"collection":[{"href":"https:\/\/brandss.com.py\/index\/wp-json\/wp\/v2\/product"}],"about":[{"href":"https:\/\/brandss.com.py\/index\/wp-json\/wp\/v2\/types\/product"}],"replies":[{"embeddable":true,"href":"https:\/\/brandss.com.py\/index\/wp-json\/wp\/v2\/comments?post=90007"}],"version-history":[{"count":2,"href":"https:\/\/brandss.com.py\/index\/wp-json\/wp\/v2\/product\/90007\/revisions"}],"predecessor-version":[{"id":90014,"href":"https:\/\/brandss.com.py\/index\/wp-json\/wp\/v2\/product\/90007\/revisions\/90014"}],"wp:featuredmedia":[{"embeddable":true,"href":"https:\/\/brandss.com.py\/index\/wp-json\/wp\/v2\/media\/90010"}],"wp:attachment":[{"href":"https:\/\/brandss.com.py\/index\/wp-json\/wp\/v2\/media?parent=90007"}],"wp:term":[{"taxonomy":"product_brand","embeddable":true,"href":"https:\/\/brandss.com.py\/index\/wp-json\/wp\/v2\/product_brand?post=90007"},{"taxonomy":"product_cat","embeddable":true,"href":"https:\/\/brandss.com.py\/index\/wp-json\/wp\/v2\/product_cat?post=90007"},{"taxonomy":"product_tag","embeddable":true,"href":"https:\/\/brandss.com.py\/index\/wp-json\/wp\/v2\/product_tag?post=90007"}],"curies":[{"name":"wp","href":"https:\/\/api.w.org\/{rel}","templated":true}]}}