{"id":90015,"date":"2025-09-08T18:41:02","date_gmt":"2025-09-08T18:41:02","guid":{"rendered":"https:\/\/brandss.com.py\/index\/?post_type=product&#038;p=90015"},"modified":"2025-09-08T18:41:49","modified_gmt":"2025-09-08T18:41:49","slug":"shampoo-capilar-cosmo-coconut-milk-hidratante-1000ml","status":"publish","type":"product","link":"https:\/\/brandss.com.py\/index\/producto\/shampoo-capilar-cosmo-coconut-milk-hidratante-1000ml\/","title":{"rendered":"SHAMPOO CAPILAR COSMO COCONUT MILK HIDRATANTE 1000ML"},"content":{"rendered":"<p><img loading=\"lazy\" decoding=\"async\" class=\"\" src=\"https:\/\/cosmocosmetics.ae\/cdn\/shop\/files\/logo-cosmo-regeister.png?v=1729761767&amp;width=340\" width=\"171\" height=\"36\" \/><\/p>\n<h1>COCONUT MILK HIDRATANTE<\/h1>\n<p><span dir=\"auto\">El Champ\u00fa Hidratante de Coco COSMO ofrece una experiencia hidratante y lujosa para tu cabello.\u00a0<\/span><br \/>\n<span dir=\"auto\">Formulado con aceite de coco nutritivo y aloe vera calmante, este champ\u00fa hidrata profundamente y fortalece el cabello desde el interior, dej\u00e1ndolo suave, brillante y saludable. Su f\u00f3rmula suave y sin sulfatos es ideal para todo tipo de cabello, incluido el te\u00f1ido, y garantiza una limpieza refrescante con una fragancia duradera a coco. Su uso regular ayuda a combatir la sequedad y el quiebre, manteniendo el equilibrio natural de hidrataci\u00f3n del cabello.<\/span><\/p>\n<div class=\"experience-component experience-dynamic-productLongDescription\">\n<div id=\"longDescription\" class=\"container product-long-description\">\n<div class=\"row\">\n<div class=\"col-12 col-md-8 description-text\">\n<div class=\"metafield-rich_text_field\">\n<h4><span dir=\"auto\">CARACTER\u00cdSTICAS<\/span><\/h4>\n<ul>\n<li><span dir=\"auto\">Reduce la sequedad estacional: hidrata y repone el cabello para combatir la sequedad causada por factores ambientales.<\/span><\/li>\n<li><span dir=\"auto\">Hidrata el cuero cabelludo y el cabello: el aceite de coco y el aloe vera proporcionan nutrici\u00f3n e hidrataci\u00f3n profunda tanto para el cabello como para el cuero cabelludo.<\/span><\/li>\n<li><span dir=\"auto\">Fomenta un cuero cabelludo m\u00e1s saludable: calma y mantiene la salud del cuero cabelludo, promoviendo la vitalidad general del cabello.<\/span><\/li>\n<li><span dir=\"auto\">Fortalece y repara el cabello: Enriquecido con \u00e1cidos grasos y vitaminas para fortalecer y reparar el cabello desde adentro.<\/span><\/li>\n<li><span dir=\"auto\">F\u00f3rmula sin sulfatos: libre de qu\u00edmicos agresivos, lo que garantiza una limpieza suave adecuada para cabello te\u00f1ido.<\/span><\/li>\n<li><span dir=\"auto\">Fragancia refrescante a coco: aroma ligero y vigorizante que perdura y mejora tu experiencia de cuidado del cabello.<\/span><\/li>\n<\/ul>\n<\/div>\n<\/div>\n<div class=\"col-12 col-md-4 description-icon\">\n<div class=\"content-asset\">\n<ul>\n<li><img decoding=\"async\" src=\"https:\/\/cosmocosmetics.ae\/cdn\/shop\/files\/New_Project_25_64x64.png?v=1723527115\" \/>&nbsp;<\/li>\n<li><img decoding=\"async\" src=\"https:\/\/cosmocosmetics.ae\/cdn\/shop\/files\/New_Project_23_64x64.png?v=1723528105\" \/>&nbsp;<\/li>\n<li><img decoding=\"async\" src=\"https:\/\/cosmocosmetics.ae\/cdn\/shop\/files\/New_Project_24_64x64.png?v=1723528130\" \/>&nbsp;<\/li>\n<\/ul>\n<\/div>\n<\/div>\n<\/div>\n<\/div>\n<\/div>\n<div class=\"experience-component experience-dynamic-productRoutineCustom\">\n<div id=\"productRoutine\" class=\"container-fluid product-routine-custom\">\n<div class=\"row custom\">\n<div class=\"col-12 carousel-heading mb-1\">\n<h5 class=\"carousel-title brand-primary\"><span dir=\"auto\">MODO DE EMPLEO<\/span><\/h5>\n<\/div>\n<\/div>\n<div class=\"row routine-wrapper\">\n<div class=\"col-12 product-routine-custom-line\">\n<div class=\"content-asset\">\n<div class=\"routine-item\">\n<div class=\"routine-image\"><img loading=\"lazy\" decoding=\"async\" class=\"w-100 alignleft\" src=\"https:\/\/cosmocosmetics.ae\/cdn\/shop\/files\/how_to_3.jpg?v=1723095133\" alt=\"\" width=\"160\" height=\"160\" \/><\/p>\n<div class=\"routine-middle col-md-12\">\n<p>&nbsp;<\/p>\n<p class=\"routine-step\"><span dir=\"auto\">PASO 1: Enjuague<\/span><\/p>\n<div class=\"routine-copy\"><span dir=\"auto\">Enjuague bien y seque con palmaditas.<\/span><\/div>\n<\/div>\n<\/div>\n<\/div>\n<\/div>\n<\/div>\n<div class=\"col-12 product-routine-custom-line\">\n<div class=\"content-asset\">\n<div class=\"routine-item\">\n<div class=\"routine-image\"><img loading=\"lazy\" decoding=\"async\" class=\"w-100 alignleft\" src=\"https:\/\/cosmocosmetics.ae\/cdn\/shop\/files\/how_to_2.jpg?v=1723095097\" alt=\"\" width=\"160\" height=\"160\" \/><\/p>\n<div class=\"routine-middle col-md-12\">\n<p>&nbsp;<\/p>\n<p class=\"routine-step\"><span dir=\"auto\">PASO 2: Enjabonar<\/span><\/p>\n<div class=\"routine-copy\"><span dir=\"auto\">Masajear suavemente con movimientos circulares para crear espuma.<\/span><\/div>\n<\/div>\n<\/div>\n<\/div>\n<\/div>\n<\/div>\n<div class=\"col-12 product-routine-custom-line\">\n<div class=\"content-asset\">\n<div class=\"routine-item\">\n<div class=\"routine-image\"><img loading=\"lazy\" decoding=\"async\" class=\"w-100 alignleft\" src=\"https:\/\/cosmocosmetics.ae\/cdn\/shop\/files\/how_to_1.jpg?v=1723095005\" alt=\"\" width=\"160\" height=\"160\" \/><\/p>\n<div class=\"routine-middle col-md-12\">\n<p>&nbsp;<\/p>\n<p class=\"routine-step\"><span dir=\"auto\">PASO 3: Limpiar<\/span><\/p>\n<div class=\"routine-copy\"><span dir=\"auto\">Humedezca su rostro y cuello y luego aplique una peque\u00f1a cantidad del limpiador facial.<\/span><\/div>\n<\/div>\n<div><\/div>\n<\/div>\n<\/div>\n<\/div>\n<\/div>\n<\/div>\n<\/div>\n<\/div>\n<div class=\"experience-component experience-dynamic-productIngredients\">\n<div id=\"productIngredients\" class=\"container product-ingredients mt-3\">\n<div class=\"row\">\n<div class=\"col-12 col-md-7 mt-3 mt-md-0 ingredients-copy\">\n<div class=\"content-asset\">\n<h2><\/h2>\n<h5><span dir=\"auto\">TODOS LOS INGREDIENTES<\/span><\/h5>\n<p><span dir=\"auto\">A\u00f1adir leche de coco a tu rutina de cuidado capilar no solo restaura tu cabello y cuero cabelludo, sino que tambi\u00e9n nutre y protege el cabell<\/span><img loading=\"lazy\" decoding=\"async\" class=\"w-100 alignleft\" src=\"https:\/\/cosmocosmetics.ae\/cdn\/shop\/files\/coconut.webp?v=1723803345\" width=\"158\" height=\"104\" \/>o da\u00f1ado del quiebre. Se cree que los nutrientes de la leche de coco mantienen el cabello sano y fuerte. La leche de coco es rica en vitamina C, vitamina E y vitamina B. Aviso legal: Ten en cuenta que las listas de ingredientes pueden variar ocasionalmente. Consulta la lista de ingredientes en el envase del producto para obtener la lista m\u00e1s actualizada.<\/p>\n<\/div>\n<\/div>\n<\/div>\n<\/div>\n<\/div>\n","protected":false},"excerpt":{"rendered":"<p>COCONUT MILK HIDRATANTE El Champ\u00fa Hidratante de Coco COSMO ofrece una experiencia hidratante y lujosa para tu cabello.\u00a0 Formulado con<\/p>\n","protected":false},"featured_media":90016,"comment_status":"open","ping_status":"closed","template":"","meta":{"nf_dc_page":""},"product_brand":[103],"product_cat":[85],"product_tag":[],"class_list":{"0":"post-90015","1":"product","2":"type-product","3":"status-publish","4":"has-post-thumbnail","6":"product_brand-cosmo","7":"product_cat-cosmeticos","9":"first","10":"instock","11":"shipping-taxable","12":"purchasable","13":"product-type-simple"},"_links":{"self":[{"href":"https:\/\/brandss.com.py\/index\/wp-json\/wp\/v2\/product\/90015","targetHints":{"allow":["GET"]}}],"collection":[{"href":"https:\/\/brandss.com.py\/index\/wp-json\/wp\/v2\/product"}],"about":[{"href":"https:\/\/brandss.com.py\/index\/wp-json\/wp\/v2\/types\/product"}],"replies":[{"embeddable":true,"href":"https:\/\/brandss.com.py\/index\/wp-json\/wp\/v2\/comments?post=90015"}],"version-history":[{"count":1,"href":"https:\/\/brandss.com.py\/index\/wp-json\/wp\/v2\/product\/90015\/revisions"}],"predecessor-version":[{"id":90019,"href":"https:\/\/brandss.com.py\/index\/wp-json\/wp\/v2\/product\/90015\/revisions\/90019"}],"wp:featuredmedia":[{"embeddable":true,"href":"https:\/\/brandss.com.py\/index\/wp-json\/wp\/v2\/media\/90016"}],"wp:attachment":[{"href":"https:\/\/brandss.com.py\/index\/wp-json\/wp\/v2\/media?parent=90015"}],"wp:term":[{"taxonomy":"product_brand","embeddable":true,"href":"https:\/\/brandss.com.py\/index\/wp-json\/wp\/v2\/product_brand?post=90015"},{"taxonomy":"product_cat","embeddable":true,"href":"https:\/\/brandss.com.py\/index\/wp-json\/wp\/v2\/product_cat?post=90015"},{"taxonomy":"product_tag","embeddable":true,"href":"https:\/\/brandss.com.py\/index\/wp-json\/wp\/v2\/product_tag?post=90015"}],"curies":[{"name":"wp","href":"https:\/\/api.w.org\/{rel}","templated":true}]}}