{"id":90021,"date":"2025-09-08T18:57:38","date_gmt":"2025-09-08T18:57:38","guid":{"rendered":"https:\/\/brandss.com.py\/index\/?post_type=product&#038;p=90021"},"modified":"2025-09-08T18:58:31","modified_gmt":"2025-09-08T18:58:31","slug":"acondicionador-capilar-cosmo-argan-oil-wheat-protein-damage-care-1000ml","status":"publish","type":"product","link":"https:\/\/brandss.com.py\/index\/producto\/acondicionador-capilar-cosmo-argan-oil-wheat-protein-damage-care-1000ml\/","title":{"rendered":"ACONDICIONADOR CAPILAR COSMO ARGAN OIL &amp; WHEAT PROTEIN DAMAGE CARE 1000ML"},"content":{"rendered":"<p><img loading=\"lazy\" decoding=\"async\" class=\"\" src=\"https:\/\/cosmocosmetics.ae\/cdn\/shop\/files\/logo-cosmo-regeister.png?v=1729761767&amp;width=340\" width=\"142\" height=\"30\" \/><\/p>\n<h1>ARGAN OIL &amp; WHEAT PROTEIN DAMAGE CARE<\/h1>\n<p>El Acondicionador COSMO Gentle Daily Care con Aceite de Arg\u00e1n y Trigo es la opci\u00f3n ideal para quienes buscan una soluci\u00f3n nutritiva e hidratante que mantenga los aceites naturales sin da\u00f1ar el cabello. Enriquecido con aceite de arg\u00e1n y trigo, este acondicionador proporciona un acondicionamiento profundo, promueve el crecimiento saludable del cabello y combate la sequedad. Su exclusiva mezcla fortalece las ra\u00edces del cabello, mejora la elasticidad y restaura el brillo, dej\u00e1ndolo suave y manejable. Con su f\u00f3rmula sin sulfatos, este acondicionador es suave con el cuero cabelludo sensible y el cabello te\u00f1ido, brindando una experiencia refrescante con una fragancia duradera.<\/p>\n<div class=\"experience-component experience-dynamic-productLongDescription\">\n<div id=\"longDescription\" class=\"container product-long-description\">\n<div class=\"row\">\n<div class=\"col-12 col-md-8 description-text\">\n<div class=\"metafield-rich_text_field\">\n<h4><span dir=\"auto\">CARACTER\u00cdSTICAS<\/span><\/h4>\n<ul>\n<li><span dir=\"auto\">Nutrici\u00f3n profunda: infundido con aceite de arg\u00e1n y trigo, acondiciona e hidrata profundamente tanto el cuero cabelludo como el cabello.<\/span><\/li>\n<li><span dir=\"auto\">Fortalece el cabello: el aceite de arg\u00e1n proporciona vitaminas y minerales esenciales para fortalecer las ra\u00edces del cabello y protegerlo del da\u00f1o.<\/span><\/li>\n<li><span dir=\"auto\">Mejora la elasticidad: el contenido de prote\u00edna y hierro del trigo mejora la elasticidad del cabello, promoviendo un crecimiento m\u00e1s saludable y reduciendo el frizz.<\/span><\/li>\n<li><span dir=\"auto\">Equilibrio de hidrataci\u00f3n: restaura y mantiene niveles \u00f3ptimos de hidrataci\u00f3n en el cabello, previniendo la sequedad y potenciando el brillo.<\/span><\/li>\n<li><span dir=\"auto\">F\u00f3rmula suave: sin sulfatos y adecuada para cuero cabelludo sensible, acondiciona eficazmente sin eliminar los aceites naturales.<\/span><\/li>\n<li><span dir=\"auto\">Aroma refrescante: deja el cabello con una fragancia agradable y duradera, convirti\u00e9ndolo en una parte lujosa de tu rutina diaria.<\/span><\/li>\n<\/ul>\n<p>&nbsp;<\/p>\n<\/div>\n<\/div>\n<div class=\"col-12 col-md-4 description-icon\">\n<div class=\"content-asset\">\n<p><img decoding=\"async\" class=\"alignleft\" src=\"https:\/\/cosmocosmetics.ae\/cdn\/shop\/files\/New_Project_25_64x64.png?v=1723527115\" \/><\/p>\n<p>&nbsp;<\/p>\n<p><img decoding=\"async\" class=\"alignleft\" src=\"https:\/\/cosmocosmetics.ae\/cdn\/shop\/files\/New_Project_23_64x64.png?v=1723528105\" \/><\/p>\n<p>&nbsp;<\/p>\n<p><img decoding=\"async\" src=\"https:\/\/cosmocosmetics.ae\/cdn\/shop\/files\/New_Project_24_64x64.png?v=1723528130\" \/><\/p>\n<p>&nbsp;<\/p>\n<\/div>\n<\/div>\n<\/div>\n<\/div>\n<\/div>\n<div class=\"experience-component experience-dynamic-productRoutineCustom\">\n<div id=\"productRoutine\" class=\"container-fluid product-routine-custom\">\n<div class=\"row custom\">\n<div class=\"col-12 carousel-heading mb-1\">\n<h4 class=\"carousel-title brand-primary\"><span dir=\"auto\">MODO DE EMPLEO<\/span><\/h4>\n<\/div>\n<\/div>\n<div class=\"row routine-wrapper\">\n<div class=\"col-12 product-routine-custom-line\">\n<div class=\"content-asset\">\n<div class=\"routine-item\">\n<div class=\"routine-image\"><img loading=\"lazy\" decoding=\"async\" class=\"w-100 alignleft\" src=\"https:\/\/cosmocosmetics.ae\/cdn\/shop\/files\/New_Project.png?v=1723805307\" alt=\"\" width=\"160\" height=\"160\" \/><\/p>\n<div class=\"routine-middle col-md-12\">\n<p>&nbsp;<\/p>\n<p class=\"routine-step\"><span dir=\"auto\">PASO 1: Aplicar acondicionador<\/span><\/p>\n<div class=\"routine-copy\"><span dir=\"auto\">Aplique una cantidad generosa de acondicionador sobre el cabello mojado.<\/span><\/div>\n<\/div>\n<\/div>\n<\/div>\n<\/div>\n<\/div>\n<div class=\"col-12 product-routine-custom-line\">\n<div class=\"content-asset\">\n<div class=\"routine-item\">\n<div class=\"routine-image\"><img loading=\"lazy\" decoding=\"async\" class=\"w-100 alignleft\" src=\"https:\/\/cosmocosmetics.ae\/cdn\/shop\/files\/New_Project_1.png?v=1723805378\" alt=\"\" width=\"160\" height=\"160\" \/><\/p>\n<div class=\"routine-middle col-md-12\">\n<p>&nbsp;<\/p>\n<p class=\"routine-step\"><span dir=\"auto\">PASO 2: Masajear y trabajar<\/span><\/p>\n<div class=\"routine-copy\"><span dir=\"auto\">Masajee suavemente el cuero cabelludo y las ra\u00edces con las yemas de los dedos para que el acondicionador penetre.<\/span><\/div>\n<\/div>\n<\/div>\n<\/div>\n<\/div>\n<\/div>\n<div class=\"col-12 product-routine-custom-line\">\n<div class=\"content-asset\">\n<div class=\"routine-item\">\n<div class=\"routine-image\"><img loading=\"lazy\" decoding=\"async\" class=\"w-100 alignleft\" src=\"https:\/\/cosmocosmetics.ae\/cdn\/shop\/files\/New_Project_3.png?v=1723805466\" alt=\"\" width=\"160\" height=\"160\" \/><\/p>\n<div class=\"routine-middle col-md-12\">\n<p>&nbsp;<\/p>\n<p class=\"routine-step\"><span dir=\"auto\">PASO 3: Enjuague<\/span><\/p>\n<div class=\"routine-copy\"><span dir=\"auto\">Exprime ligeramente el acondicionador desde la ra\u00edz hasta las puntas y enjuaga bien.<\/span><\/div>\n<\/div>\n<div><\/div>\n<\/div>\n<\/div>\n<\/div>\n<\/div>\n<\/div>\n<\/div>\n<\/div>\n<div class=\"experience-component experience-dynamic-productIngredients\">\n<div id=\"productIngredients\" class=\"container product-ingredients mt-3\">\n<div class=\"row\">\n<div class=\"col-12 col-md-7 mt-3 mt-md-0 ingredients-copy\">\n<div class=\"content-asset\">\n<h2><\/h2>\n<h4><span dir=\"auto\">TODOS LOS INGREDIENTES<\/span><\/h4>\n<p><span dir=\"auto\">El aceite de arg\u00e1n act\u00faa como hidratante para el cuero cabelludo, combatiendo la caspa y la sequedad. Incluso puede ayudar a tratar las puntas abiert<\/span><img loading=\"lazy\" decoding=\"async\" class=\"w-100 alignleft\" src=\"https:\/\/cosmocosmetics.ae\/cdn\/shop\/files\/dandruff-image.webp?v=1723794427\" width=\"160\" height=\"106\" \/>as y controlar el encrespamiento. La prote\u00edna de trigo hidrolizada, por su parte, espesa y aporta volumen al cabello fino, aporta brillo y repara el cabello da\u00f1ado. Aviso legal: Tenga en cuenta que las listas de ingredientes pueden variar ocasionalmente. Consulte la lista de ingredientes en el envase del producto para obtener la lista m\u00e1s actualizada.<\/p>\n<\/div>\n<\/div>\n<\/div>\n<\/div>\n<\/div>\n","protected":false},"excerpt":{"rendered":"<p>ARGAN OIL &amp; WHEAT PROTEIN DAMAGE CARE El Acondicionador COSMO Gentle Daily Care con Aceite de Arg\u00e1n y Trigo es<\/p>\n","protected":false},"featured_media":90024,"comment_status":"open","ping_status":"closed","template":"","meta":{"nf_dc_page":""},"product_brand":[103],"product_cat":[85],"product_tag":[],"class_list":{"0":"post-90021","1":"product","2":"type-product","3":"status-publish","4":"has-post-thumbnail","6":"product_brand-cosmo","7":"product_cat-cosmeticos","9":"first","10":"instock","11":"shipping-taxable","12":"purchasable","13":"product-type-simple"},"_links":{"self":[{"href":"https:\/\/brandss.com.py\/index\/wp-json\/wp\/v2\/product\/90021","targetHints":{"allow":["GET"]}}],"collection":[{"href":"https:\/\/brandss.com.py\/index\/wp-json\/wp\/v2\/product"}],"about":[{"href":"https:\/\/brandss.com.py\/index\/wp-json\/wp\/v2\/types\/product"}],"replies":[{"embeddable":true,"href":"https:\/\/brandss.com.py\/index\/wp-json\/wp\/v2\/comments?post=90021"}],"version-history":[{"count":1,"href":"https:\/\/brandss.com.py\/index\/wp-json\/wp\/v2\/product\/90021\/revisions"}],"predecessor-version":[{"id":90026,"href":"https:\/\/brandss.com.py\/index\/wp-json\/wp\/v2\/product\/90021\/revisions\/90026"}],"wp:featuredmedia":[{"embeddable":true,"href":"https:\/\/brandss.com.py\/index\/wp-json\/wp\/v2\/media\/90024"}],"wp:attachment":[{"href":"https:\/\/brandss.com.py\/index\/wp-json\/wp\/v2\/media?parent=90021"}],"wp:term":[{"taxonomy":"product_brand","embeddable":true,"href":"https:\/\/brandss.com.py\/index\/wp-json\/wp\/v2\/product_brand?post=90021"},{"taxonomy":"product_cat","embeddable":true,"href":"https:\/\/brandss.com.py\/index\/wp-json\/wp\/v2\/product_cat?post=90021"},{"taxonomy":"product_tag","embeddable":true,"href":"https:\/\/brandss.com.py\/index\/wp-json\/wp\/v2\/product_tag?post=90021"}],"curies":[{"name":"wp","href":"https:\/\/api.w.org\/{rel}","templated":true}]}}