{"id":90027,"date":"2025-09-08T19:09:35","date_gmt":"2025-09-08T19:09:35","guid":{"rendered":"https:\/\/brandss.com.py\/index\/?post_type=product&#038;p=90027"},"modified":"2025-09-08T19:11:16","modified_gmt":"2025-09-08T19:11:16","slug":"acondicionador-capilar-cosmo-olive-oil-nutritivo-1000ml","status":"publish","type":"product","link":"https:\/\/brandss.com.py\/index\/producto\/acondicionador-capilar-cosmo-olive-oil-nutritivo-1000ml\/","title":{"rendered":"ACONDICIONADOR CAPILAR COSMO OLIVE OIL NUTRITIVO 1000ML"},"content":{"rendered":"<p><img loading=\"lazy\" decoding=\"async\" class=\"\" src=\"https:\/\/cosmocosmetics.ae\/cdn\/shop\/files\/logo-cosmo-regeister.png?v=1729761767&amp;width=340\" width=\"185\" height=\"39\" \/><\/p>\n<h1>OLIVE OIL NUTRITIVO<\/h1>\n<p><span dir=\"auto\">El Acondicionador de Aceite de Oliva COSMO est\u00e1 dise\u00f1ado para quienes buscan nutrir, hidratar y mantener la salud de su cabello.\u00a0<\/span><br \/>\n<span dir=\"auto\">Enriquecido con aceite de oliva rico en antioxidantes, esta f\u00f3rmula sin sulfatos proporciona hidrataci\u00f3n profunda, mejorando la elasticidad, suavidad y brillo del cabello. El acondicionador est\u00e1 enriquecido con vitaminas, minerales y antioxidantes esenciales que fortifican y nutren el cabello, haci\u00e9ndolo m\u00e1s fuerte y menos propenso a la rotura. Con un aroma fresco y fragante, este acondicionador rico y cremoso penetra f\u00e1cilmente en el cabello, dej\u00e1ndolo suave, brillante y sin residuos. Suave para uso diario, es ideal para todo tipo de cabello, incluido el te\u00f1ido.<\/span><\/p>\n<div class=\"experience-component experience-dynamic-productLongDescription\">\n<div id=\"longDescription\" class=\"container product-long-description\">\n<div class=\"row\">\n<div class=\"col-12 col-md-8 description-text\">\n<div class=\"metafield-rich_text_field\">\n<h4><span dir=\"auto\">CARACTER\u00cdSTICAS<\/span><\/h4>\n<ul>\n<li><span dir=\"auto\">Hidrataci\u00f3n profunda: El aceite de oliva hidrata profundamente el cabello, manteniendo su elasticidad y brillo para un acabado suave.<\/span><\/li>\n<li><span dir=\"auto\">F\u00f3rmula fortalecedora: repleta de vitaminas y antioxidantes esenciales, fortalece el cabello, reduciendo la probabilidad de rotura y puntas abiertas.<\/span><\/li>\n<li><span dir=\"auto\">Cuero cabelludo sano: aporta nutrici\u00f3n al cuero cabelludo, ayudando a reducir la sequedad y abordar problemas como las infecciones por hongos.<\/span><\/li>\n<li><span dir=\"auto\">Sin sulfatos: sus ingredientes suaves y naturales lo hacen seguro para el uso diario, incluso en cabello te\u00f1ido.<\/span><\/li>\n<li><span dir=\"auto\">Sin residuos: la f\u00f3rmula rica y cremosa penetra profundamente sin dejar residuos, lo que garantiza que tu cabello permanezca suave y manejable.<\/span><\/li>\n<li><span dir=\"auto\">Experiencia fragante: deja tu cabello con un aroma fresco y divino, agregando un toque lujoso a tu rutina de cuidado del cabello.<\/span><img decoding=\"async\" class=\"alignleft\" src=\"https:\/\/cosmocosmetics.ae\/cdn\/shop\/files\/New_Project_25_64x64.png?v=1723527115\" \/>&nbsp;\n<p><img decoding=\"async\" class=\"alignleft\" src=\"https:\/\/cosmocosmetics.ae\/cdn\/shop\/files\/New_Project_23_64x64.png?v=1723528105\" \/>&nbsp;<\/p>\n<p><img decoding=\"async\" src=\"https:\/\/cosmocosmetics.ae\/cdn\/shop\/files\/New_Project_24_64x64.png?v=1723528130\" \/>&nbsp;<\/li>\n<\/ul>\n<\/div>\n<\/div>\n<div class=\"col-12 col-md-4 description-icon\">\n<div class=\"content-asset\"><\/div>\n<\/div>\n<\/div>\n<\/div>\n<\/div>\n<div class=\"experience-component experience-dynamic-productRoutineCustom\">\n<div id=\"productRoutine\" class=\"container-fluid product-routine-custom\">\n<div class=\"row custom\">\n<div class=\"col-12 carousel-heading mb-1\">\n<h2 class=\"carousel-title brand-primary\"><span dir=\"auto\">MODO DE EMPLEO<\/span><\/h2>\n<\/div>\n<\/div>\n<div class=\"row routine-wrapper\">\n<div class=\"col-12 product-routine-custom-line\">\n<div class=\"content-asset\">\n<div class=\"routine-item\">\n<div class=\"routine-image\"><img loading=\"lazy\" decoding=\"async\" class=\"w-100 alignleft\" src=\"https:\/\/cosmocosmetics.ae\/cdn\/shop\/files\/New_Project.png?v=1723805307\" alt=\"\" width=\"160\" height=\"160\" \/><\/p>\n<div class=\"routine-middle col-md-12\">\n<p>&nbsp;<\/p>\n<p class=\"routine-step\"><span dir=\"auto\">PASO 1: Aplicar acondicionador<\/span><\/p>\n<div class=\"routine-copy\"><span dir=\"auto\">Aplique una cantidad generosa de acondicionador sobre el cabello mojado.<\/span><\/div>\n<\/div>\n<\/div>\n<\/div>\n<\/div>\n<\/div>\n<div class=\"col-12 product-routine-custom-line\">\n<div class=\"content-asset\">\n<div class=\"routine-item\">\n<div class=\"routine-image\"><img loading=\"lazy\" decoding=\"async\" class=\"w-100 alignleft\" src=\"https:\/\/cosmocosmetics.ae\/cdn\/shop\/files\/New_Project_1.png?v=1723805378\" alt=\"\" width=\"160\" height=\"160\" \/><\/p>\n<div class=\"routine-middle col-md-12\">\n<p>&nbsp;<\/p>\n<p class=\"routine-step\"><span dir=\"auto\">PASO 2: Masajear y trabajar<\/span><\/p>\n<div class=\"routine-copy\"><span dir=\"auto\">Masajee suavemente el cuero cabelludo y las ra\u00edces con las yemas de los dedos para que el acondicionador penetre.<\/span><\/div>\n<\/div>\n<\/div>\n<\/div>\n<\/div>\n<\/div>\n<div class=\"col-12 product-routine-custom-line\">\n<div class=\"content-asset\">\n<div class=\"routine-item\">\n<div class=\"routine-image\"><img loading=\"lazy\" decoding=\"async\" class=\"w-100 alignleft\" src=\"https:\/\/cosmocosmetics.ae\/cdn\/shop\/files\/New_Project_3.png?v=1723805466\" alt=\"\" width=\"160\" height=\"160\" \/><\/p>\n<div class=\"routine-middle col-md-12\">\n<p>&nbsp;<\/p>\n<p class=\"routine-step\"><span dir=\"auto\">PASO 3: Enjuague<\/span><\/p>\n<div class=\"routine-copy\"><span dir=\"auto\">Exprime ligeramente el acondicionador desde la ra\u00edz hasta las puntas y enjuaga bien.<\/span><\/div>\n<\/div>\n<\/div>\n<div><\/div>\n<\/div>\n<\/div>\n<\/div>\n<\/div>\n<\/div>\n<\/div>\n<div class=\"experience-component experience-dynamic-productIngredients\">\n<div id=\"productIngredients\" class=\"container product-ingredients mt-3\">\n<div class=\"row\">\n<div class=\"col-12 col-md-7 mt-3 mt-md-0 ingredients-copy\">\n<div class=\"content-asset\">\n<h2><\/h2>\n<h4><span dir=\"auto\">TODOS LOS INGREDIENTES<\/span><\/h4>\n<p><span dir=\"auto\">El aceite de oliva puede aportar suavidad y fortalecer el cabello al penetrar en el tallo capilar y preservar la hidrataci\u00f3n. El brillo que se dice q<\/span><img loading=\"lazy\" decoding=\"async\" class=\"w-100 alignleft\" src=\"https:\/\/cosmocosmetics.ae\/cdn\/shop\/files\/olive_1.webp?v=1723806127\" width=\"175\" height=\"115\" \/>ue aporta el aceite de oliva podr\u00eda deberse a que suaviza la cut\u00edcula externa del cabello. Puede que tengas que experimentar un poco antes de encontrar una rutina que se adapte a tus necesidades. Aviso legal: Ten en cuenta que las listas de ingredientes pueden cambiar o variar ocasionalmente. Consulta la lista de ingredientes en el envase del producto para obtener la lista m\u00e1s actualizada.<\/p>\n<\/div>\n<\/div>\n<\/div>\n<\/div>\n<\/div>\n","protected":false},"excerpt":{"rendered":"<p>OLIVE OIL NUTRITIVO El Acondicionador de Aceite de Oliva COSMO est\u00e1 dise\u00f1ado para quienes buscan nutrir, hidratar y mantener la<\/p>\n","protected":false},"featured_media":90028,"comment_status":"open","ping_status":"closed","template":"","meta":{"nf_dc_page":""},"product_brand":[103],"product_cat":[85],"product_tag":[],"class_list":{"0":"post-90027","1":"product","2":"type-product","3":"status-publish","4":"has-post-thumbnail","6":"product_brand-cosmo","7":"product_cat-cosmeticos","9":"first","10":"instock","11":"shipping-taxable","12":"purchasable","13":"product-type-simple"},"_links":{"self":[{"href":"https:\/\/brandss.com.py\/index\/wp-json\/wp\/v2\/product\/90027","targetHints":{"allow":["GET"]}}],"collection":[{"href":"https:\/\/brandss.com.py\/index\/wp-json\/wp\/v2\/product"}],"about":[{"href":"https:\/\/brandss.com.py\/index\/wp-json\/wp\/v2\/types\/product"}],"replies":[{"embeddable":true,"href":"https:\/\/brandss.com.py\/index\/wp-json\/wp\/v2\/comments?post=90027"}],"version-history":[{"count":1,"href":"https:\/\/brandss.com.py\/index\/wp-json\/wp\/v2\/product\/90027\/revisions"}],"predecessor-version":[{"id":90030,"href":"https:\/\/brandss.com.py\/index\/wp-json\/wp\/v2\/product\/90027\/revisions\/90030"}],"wp:featuredmedia":[{"embeddable":true,"href":"https:\/\/brandss.com.py\/index\/wp-json\/wp\/v2\/media\/90028"}],"wp:attachment":[{"href":"https:\/\/brandss.com.py\/index\/wp-json\/wp\/v2\/media?parent=90027"}],"wp:term":[{"taxonomy":"product_brand","embeddable":true,"href":"https:\/\/brandss.com.py\/index\/wp-json\/wp\/v2\/product_brand?post=90027"},{"taxonomy":"product_cat","embeddable":true,"href":"https:\/\/brandss.com.py\/index\/wp-json\/wp\/v2\/product_cat?post=90027"},{"taxonomy":"product_tag","embeddable":true,"href":"https:\/\/brandss.com.py\/index\/wp-json\/wp\/v2\/product_tag?post=90027"}],"curies":[{"name":"wp","href":"https:\/\/api.w.org\/{rel}","templated":true}]}}